{"id":4385,"date":"2026-05-06T13:42:23","date_gmt":"2026-05-06T10:42:23","guid":{"rendered":"https:\/\/www.banknotcu.com\/?post_type=product&#038;p=4385"},"modified":"2026-05-06T13:45:37","modified_gmt":"2026-05-06T10:45:37","slug":"deneme-buyuk-paket","status":"publish","type":"product","link":"https:\/\/www.banknotcu.com\/en\/magaza\/deneme-buyuk-paket\/","title":{"rendered":"deneme b\u00fcy\u00fck paket"},"content":{"rendered":"<p>B\u00fcy\u00fck paket: \u00c7oklu Klas\u00f6r<\/p>\n<p>\u00e7oklu b\u00fcy\u00fck defter-<\/p>\n<p>15 -30 desi aras\u0131 paketler<\/p>\n","protected":false},"excerpt":{"rendered":"<p>B\u00fcy\u00fck paket: \u00c7oklu Klas\u00f6r \u00e7oklu b\u00fcy\u00fck defter- 15 -30 desi aras\u0131 paketler<\/p>\n","protected":false},"featured_media":0,"comment_status":"open","ping_status":"closed","template":"","meta":[],"product_brand":[],"product_cat":[15],"product_tag":[],"class_list":{"0":"post-4385","1":"product","2":"type-product","3":"status-publish","5":"product_cat-kategorisiz","6":"product_shipping_class-356","8":"first","9":"instock","10":"taxable","11":"shipping-taxable","12":"purchasable","13":"product-type-simple"},"_links":{"self":[{"href":"https:\/\/www.banknotcu.com\/en\/wp-json\/wp\/v2\/product\/4385","targetHints":{"allow":["GET"]}}],"collection":[{"href":"https:\/\/www.banknotcu.com\/en\/wp-json\/wp\/v2\/product"}],"about":[{"href":"https:\/\/www.banknotcu.com\/en\/wp-json\/wp\/v2\/types\/product"}],"replies":[{"embeddable":true,"href":"https:\/\/www.banknotcu.com\/en\/wp-json\/wp\/v2\/comments?post=4385"}],"wp:attachment":[{"href":"https:\/\/www.banknotcu.com\/en\/wp-json\/wp\/v2\/media?parent=4385"}],"wp:term":[{"taxonomy":"product_brand","embeddable":true,"href":"https:\/\/www.banknotcu.com\/en\/wp-json\/wp\/v2\/product_brand?post=4385"},{"taxonomy":"product_cat","embeddable":true,"href":"https:\/\/www.banknotcu.com\/en\/wp-json\/wp\/v2\/product_cat?post=4385"},{"taxonomy":"product_tag","embeddable":true,"href":"https:\/\/www.banknotcu.com\/en\/wp-json\/wp\/v2\/product_tag?post=4385"}],"curies":[{"name":"wp","href":"https:\/\/api.w.org\/{rel}","templated":true}]}}