{"id":4284,"date":"2026-04-18T18:34:00","date_gmt":"2026-04-18T15:34:00","guid":{"rendered":"https:\/\/www.banknotcu.com\/?post_type=product&#038;p=4284"},"modified":"2026-04-18T18:42:48","modified_gmt":"2026-04-18T15:42:48","slug":"fes-etiketi-d-10-uc-zurafa-kondisyon-7-5-10-107x233-mm-gercek-orijinal","status":"publish","type":"product","link":"https:\/\/www.banknotcu.com\/en\/magaza\/fes-etiketi-d-10-uc-zurafa-kondisyon-7-5-10-107x233-mm-gercek-orijinal\/","title":{"rendered":"Fes Etiketi, D-10, \u00dc\u00e7 z\u00fcrafa, Kondisyon 7.5\/10, 107&#215;233 mm, Ger\u00e7ek = Orijinal"},"content":{"rendered":"<p>1826-1925 aras\u0131 Osmanl\u0131 ve TC de, t\u00fcm erkekler taraf\u0131ndan giyilmi\u015f olan FES giysisi hakk\u0131nda renkli bir d\u00fcnya:<br \/>\nOR\u0130J\u0130NAL FES ET\u0130KET\u0130<br \/>\nEN AZ 100 YILLIK OSMANLI K\u00dcLT\u00dcR M\u0130RASI<br \/>\nBask\u0131 tekniklerinin az geli\u015fmi\u015f oldu\u011fu bir zamanda \u00e7ok renkli m\u00fckemmel bask\u0131 ve vernik tekni\u011fi<br \/>\nOsmanl\u0131 k\u00fclt\u00fcr\u00fcnden ger\u00e7ek bir par\u00e7a,<br \/>\nE\u011fitici bir tarih koleksiyonu<br \/>\nBas\u0131ld\u0131\u011f\u0131 g\u00fcnlerin pop\u00fcler temalar\u0131n\u0131 g\u00f6sterir<br \/>\n\u00c7er\u00e7evelemeye uygun<\/p>\n","protected":false},"excerpt":{"rendered":"<p>Orijinal Fes Etiketi<\/p>\n","protected":false},"featured_media":4285,"comment_status":"open","ping_status":"closed","template":"","meta":[],"product_brand":[],"product_cat":[349],"product_tag":[353,351,350,352],"class_list":{"0":"post-4284","1":"product","2":"type-product","3":"status-publish","4":"has-post-thumbnail","6":"product_cat-ofe","7":"product_tag-antika","8":"product_tag-etiket","9":"product_tag-fes","10":"product_tag-osmanli","12":"first","13":"instock","14":"taxable","15":"shipping-taxable","16":"purchasable","17":"product-type-simple"},"_links":{"self":[{"href":"https:\/\/www.banknotcu.com\/en\/wp-json\/wp\/v2\/product\/4284","targetHints":{"allow":["GET"]}}],"collection":[{"href":"https:\/\/www.banknotcu.com\/en\/wp-json\/wp\/v2\/product"}],"about":[{"href":"https:\/\/www.banknotcu.com\/en\/wp-json\/wp\/v2\/types\/product"}],"replies":[{"embeddable":true,"href":"https:\/\/www.banknotcu.com\/en\/wp-json\/wp\/v2\/comments?post=4284"}],"wp:featuredmedia":[{"embeddable":true,"href":"https:\/\/www.banknotcu.com\/en\/wp-json\/wp\/v2\/media\/4285"}],"wp:attachment":[{"href":"https:\/\/www.banknotcu.com\/en\/wp-json\/wp\/v2\/media?parent=4284"}],"wp:term":[{"taxonomy":"product_brand","embeddable":true,"href":"https:\/\/www.banknotcu.com\/en\/wp-json\/wp\/v2\/product_brand?post=4284"},{"taxonomy":"product_cat","embeddable":true,"href":"https:\/\/www.banknotcu.com\/en\/wp-json\/wp\/v2\/product_cat?post=4284"},{"taxonomy":"product_tag","embeddable":true,"href":"https:\/\/www.banknotcu.com\/en\/wp-json\/wp\/v2\/product_tag?post=4284"}],"curies":[{"name":"wp","href":"https:\/\/api.w.org\/{rel}","templated":true}]}}