{"id":4141,"date":"2025-05-14T18:45:05","date_gmt":"2025-05-14T15:45:05","guid":{"rendered":"https:\/\/www.banknotcu.com\/?post_type=product&#038;p=4141"},"modified":"2025-10-16T14:39:44","modified_gmt":"2025-10-16T11:39:44","slug":"leuchtturm-comfort-pul-defteri-siyah-zemin-64-sayfa-dis-kapak-kusurlu-yaldizli-cizgi-kismen-silinmis","status":"publish","type":"product","link":"https:\/\/www.banknotcu.com\/en\/magaza\/leuchtturm-comfort-pul-defteri-siyah-zemin-64-sayfa-dis-kapak-kusurlu-yaldizli-cizgi-kismen-silinmis\/","title":{"rendered":"Leuchtturm COMFORT Pul Defteri, Siyah zemin 64 sayfa, D\u0131\u015f kapak kusurlu (Yald\u0131zl\u0131 \u00e7izgi k\u0131smen silinmi\u015f)"},"content":{"rendered":"<p>Leuchtturm COMFORT A4 Pul Defteri, Kapak \u00e7izgileri kusurlu!<\/p>\n<p>YUMU\u015eAK DOLGU KAPAKLI<\/p>\n<p>32 Yaprak, 64 sayfa, siyah zemin, her sayfada 9 s\u0131ra \u015feffaf bant<\/p>\n<p>Defter\u00a0boyutlar\u0131 yakla\u015f\u0131k 23 cm en,\u00a031 cm boy<\/p>\n<p>YE\u015e\u0130L RENK<\/p>\n<p>Defterin sayfalar\u0131nda hi\u00e7 bir kusur yoktur, \u00f6n y\u00fcz ve s\u0131rttaki sar\u0131 yald\u0131zl\u0131 \u00e7izgilerin bir k\u0131sm\u0131 silinmi\u015ftir.<\/p>\n<p>* Renk: Koyu Ye\u015fil<\/p>\n","protected":false},"excerpt":{"rendered":"<p>Kusurludur: Kapak \u00e7izgileri k\u0131smen silinmi\u015ftir. Defterin i\u00e7 sayfalar\u0131nda kusur yoktur.<\/p>\n","protected":false},"featured_media":2978,"comment_status":"open","ping_status":"closed","template":"","meta":[],"product_brand":[],"product_cat":[138],"product_tag":[],"class_list":{"0":"post-4141","1":"product","2":"type-product","3":"status-publish","4":"has-post-thumbnail","6":"product_cat-siyah-zemin-pul-defterleri","8":"first","9":"outofstock","10":"sale","11":"taxable","12":"shipping-taxable","13":"purchasable","14":"product-type-simple"},"_links":{"self":[{"href":"https:\/\/www.banknotcu.com\/en\/wp-json\/wp\/v2\/product\/4141","targetHints":{"allow":["GET"]}}],"collection":[{"href":"https:\/\/www.banknotcu.com\/en\/wp-json\/wp\/v2\/product"}],"about":[{"href":"https:\/\/www.banknotcu.com\/en\/wp-json\/wp\/v2\/types\/product"}],"replies":[{"embeddable":true,"href":"https:\/\/www.banknotcu.com\/en\/wp-json\/wp\/v2\/comments?post=4141"}],"wp:featuredmedia":[{"embeddable":true,"href":"https:\/\/www.banknotcu.com\/en\/wp-json\/wp\/v2\/media\/2978"}],"wp:attachment":[{"href":"https:\/\/www.banknotcu.com\/en\/wp-json\/wp\/v2\/media?parent=4141"}],"wp:term":[{"taxonomy":"product_brand","embeddable":true,"href":"https:\/\/www.banknotcu.com\/en\/wp-json\/wp\/v2\/product_brand?post=4141"},{"taxonomy":"product_cat","embeddable":true,"href":"https:\/\/www.banknotcu.com\/en\/wp-json\/wp\/v2\/product_cat?post=4141"},{"taxonomy":"product_tag","embeddable":true,"href":"https:\/\/www.banknotcu.com\/en\/wp-json\/wp\/v2\/product_tag?post=4141"}],"curies":[{"name":"wp","href":"https:\/\/api.w.org\/{rel}","templated":true}]}}