{"id":3906,"date":"2023-06-12T09:55:05","date_gmt":"2023-06-12T09:55:05","guid":{"rendered":"https:\/\/www.banknotcu.com\/?post_type=product&#038;p=3906"},"modified":"2025-12-09T11:09:19","modified_gmt":"2025-12-09T08:09:19","slug":"leuchtturm-yapiskanli-kapama-27-5-mm-beyaz","status":"publish","type":"product","link":"https:\/\/www.banknotcu.com\/en\/magaza\/leuchtturm-yapiskanli-kapama-27-5-mm-beyaz\/","title":{"rendered":"Leuchtturm yap\u0131\u015fkanl\u0131 kapama 27.5 mm, Beyaz"},"content":{"rendered":"<p>25 Adet Kendinden Yap\u0131\u015fkanl\u0131 Madeni Para Kapamalar\u0131,<\/p>\n<p>Alman Leuchtturm Marka, Kaliteli malzeme, Uygun fiyat!<\/p>\n<p>27,5 mm \u00e7ap\u0131nda<\/p>\n","protected":false},"excerpt":{"rendered":"<p>25 Adet Kendinden Yap\u0131\u015fkanl\u0131 Madeni Para Kapamalar\u0131, Alman Leuchtturm Marka, Kaliteli malzeme, Uygun fiyat! 27,5 mm \u00e7ap\u0131nda<\/p>\n","protected":false},"featured_media":3079,"comment_status":"open","ping_status":"closed","template":"","meta":[],"product_brand":[],"product_cat":[314],"product_tag":[],"class_list":{"0":"post-3906","1":"product","2":"type-product","3":"status-publish","4":"has-post-thumbnail","6":"product_cat-leuchtturm-beyaz","8":"first","9":"instock","10":"taxable","11":"shipping-taxable","12":"purchasable","13":"product-type-simple"},"_links":{"self":[{"href":"https:\/\/www.banknotcu.com\/en\/wp-json\/wp\/v2\/product\/3906","targetHints":{"allow":["GET"]}}],"collection":[{"href":"https:\/\/www.banknotcu.com\/en\/wp-json\/wp\/v2\/product"}],"about":[{"href":"https:\/\/www.banknotcu.com\/en\/wp-json\/wp\/v2\/types\/product"}],"replies":[{"embeddable":true,"href":"https:\/\/www.banknotcu.com\/en\/wp-json\/wp\/v2\/comments?post=3906"}],"wp:featuredmedia":[{"embeddable":true,"href":"https:\/\/www.banknotcu.com\/en\/wp-json\/wp\/v2\/media\/3079"}],"wp:attachment":[{"href":"https:\/\/www.banknotcu.com\/en\/wp-json\/wp\/v2\/media?parent=3906"}],"wp:term":[{"taxonomy":"product_brand","embeddable":true,"href":"https:\/\/www.banknotcu.com\/en\/wp-json\/wp\/v2\/product_brand?post=3906"},{"taxonomy":"product_cat","embeddable":true,"href":"https:\/\/www.banknotcu.com\/en\/wp-json\/wp\/v2\/product_cat?post=3906"},{"taxonomy":"product_tag","embeddable":true,"href":"https:\/\/www.banknotcu.com\/en\/wp-json\/wp\/v2\/product_tag?post=3906"}],"curies":[{"name":"wp","href":"https:\/\/api.w.org\/{rel}","templated":true}]}}