{"id":3826,"date":"2023-05-01T12:37:39","date_gmt":"2023-05-01T12:37:39","guid":{"rendered":"https:\/\/www.banknotcu.com\/?post_type=product&#038;p=3826"},"modified":"2026-03-16T17:38:16","modified_gmt":"2026-03-16T14:38:16","slug":"20-lik-kapama-yedek-sayfalari-himalaya-marka","status":"publish","type":"product","link":"https:\/\/www.banknotcu.com\/en\/magaza\/20-lik-kapama-yedek-sayfalari-himalaya-marka\/","title":{"rendered":"20 lik kapama yedek sayfalar\u0131, Himalaya marka, 10 yaprak"},"content":{"rendered":"<p><a href=\"https:\/\/www.banknotcu.com\/wp-content\/uploads\/2023\/05\/MH-20.jpg\"><img decoding=\"async\" class=\"alignnone size-full wp-image-3827\" src=\"https:\/\/www.banknotcu.com\/wp-content\/uploads\/2023\/05\/MH-20.jpg\" alt=\"\" width=\"657\" height=\"807\" srcset=\"https:\/\/www.banknotcu.com\/wp-content\/uploads\/2023\/05\/MH-20.jpg 657w, https:\/\/www.banknotcu.com\/wp-content\/uploads\/2023\/05\/MH-20-640x786.jpg 640w, https:\/\/www.banknotcu.com\/wp-content\/uploads\/2023\/05\/MH-20-400x491.jpg 400w, https:\/\/www.banknotcu.com\/wp-content\/uploads\/2023\/05\/MH-20-600x737.jpg 600w\" sizes=\"(max-width: 657px) 100vw, 657px\" \/><\/a><\/p>\n","protected":false},"excerpt":{"rendered":"<p>Grande, \u0130mporta ve b\u00fcy\u00fck boy klas\u00f6rlere uygun, her yaprakta 20 adet kapama koymaya uygun cep bulunan f\u00f6ylerdir. Pakette 10 adet yaprak vard\u0131r. Himalaya markad\u0131r.<\/p>\n","protected":false},"featured_media":3827,"comment_status":"open","ping_status":"closed","template":"","meta":[],"product_brand":[],"product_cat":[319],"product_tag":[],"class_list":{"0":"post-3826","1":"product","2":"type-product","3":"status-publish","4":"has-post-thumbnail","6":"product_cat-20-lik-kapama-sayfasi","8":"first","9":"instock","10":"taxable","11":"shipping-taxable","12":"purchasable","13":"product-type-simple"},"_links":{"self":[{"href":"https:\/\/www.banknotcu.com\/en\/wp-json\/wp\/v2\/product\/3826","targetHints":{"allow":["GET"]}}],"collection":[{"href":"https:\/\/www.banknotcu.com\/en\/wp-json\/wp\/v2\/product"}],"about":[{"href":"https:\/\/www.banknotcu.com\/en\/wp-json\/wp\/v2\/types\/product"}],"replies":[{"embeddable":true,"href":"https:\/\/www.banknotcu.com\/en\/wp-json\/wp\/v2\/comments?post=3826"}],"wp:featuredmedia":[{"embeddable":true,"href":"https:\/\/www.banknotcu.com\/en\/wp-json\/wp\/v2\/media\/3827"}],"wp:attachment":[{"href":"https:\/\/www.banknotcu.com\/en\/wp-json\/wp\/v2\/media?parent=3826"}],"wp:term":[{"taxonomy":"product_brand","embeddable":true,"href":"https:\/\/www.banknotcu.com\/en\/wp-json\/wp\/v2\/product_brand?post=3826"},{"taxonomy":"product_cat","embeddable":true,"href":"https:\/\/www.banknotcu.com\/en\/wp-json\/wp\/v2\/product_cat?post=3826"},{"taxonomy":"product_tag","embeddable":true,"href":"https:\/\/www.banknotcu.com\/en\/wp-json\/wp\/v2\/product_tag?post=3826"}],"curies":[{"name":"wp","href":"https:\/\/api.w.org\/{rel}","templated":true}]}}