{"id":3813,"date":"2023-04-28T12:08:09","date_gmt":"2023-04-28T12:08:09","guid":{"rendered":"https:\/\/www.banknotcu.com\/?post_type=product&#038;p=3813"},"modified":"2023-11-22T10:38:24","modified_gmt":"2023-11-22T10:38:24","slug":"ultraviyole-lamba-kedi-kopek-idrar-lekelerini-gormek-icin","status":"publish","type":"product","link":"https:\/\/www.banknotcu.com\/en\/magaza\/ultraviyole-lamba-kedi-kopek-idrar-lekelerini-gormek-icin\/","title":{"rendered":"Ultraviyole lamba, kedi k\u00f6pek idrar lekelerini g\u00f6rmek i\u00e7in"},"content":{"rendered":"<p><a href=\"https:\/\/www.banknotcu.com\/wp-content\/uploads\/2023\/04\/WhatsApp-Image-2023-01-04-at-15.36.30.jpeg\"><img decoding=\"async\" class=\"alignnone size-medium wp-image-3816\" src=\"https:\/\/www.banknotcu.com\/wp-content\/uploads\/2023\/04\/WhatsApp-Image-2023-01-04-at-15.36.30-225x300.jpeg\" alt=\"\" width=\"225\" height=\"300\" \/><\/a> <a href=\"https:\/\/www.banknotcu.com\/wp-content\/uploads\/2023\/04\/Himalaya-Lights-1.jpg\"><img decoding=\"async\" class=\"alignnone size-medium wp-image-3814\" src=\"https:\/\/www.banknotcu.com\/wp-content\/uploads\/2023\/04\/Himalaya-Lights-1-171x300.jpg\" alt=\"\" width=\"171\" height=\"300\" \/><\/a> <a href=\"https:\/\/www.banknotcu.com\/wp-content\/uploads\/2023\/04\/WhatsApp-Image-2023-01-04-at-15.36.32-1-1.jpeg\"><img decoding=\"async\" class=\"alignnone size-medium wp-image-3818\" src=\"https:\/\/www.banknotcu.com\/wp-content\/uploads\/2023\/04\/WhatsApp-Image-2023-01-04-at-15.36.32-1-1-300x225.jpeg\" alt=\"\" width=\"300\" height=\"225\" \/><\/a><\/p>\n<p>Evlerde beslenen kedi, k\u00f6pek, di\u011fer hayvanlar\u0131n idrar lekelerini g\u00f6rmek i\u00e7in kullan\u0131l\u0131r. Ya\u015fl\u0131 veya \u00e7ocuklar\u0131n istemeden s\u0131\u00e7ratt\u0131klar\u0131 lekeleri de g\u00f6sterir. Kullanma k\u0131lavuzu ile birlikte g\u00f6nderilmektedir. 3 adet kumanda pili (AAA) ile \u00e7al\u0131\u015f\u0131r. \u00dcr\u00fcnde pil yoktur.<\/p>\n","protected":false},"excerpt":{"rendered":"<p>Kedi, k\u00f6pek idrar lekeleri i\u00e7in<\/p>\n","protected":false},"featured_media":3809,"comment_status":"open","ping_status":"closed","template":"","meta":[],"product_brand":[],"product_cat":[292],"product_tag":[],"class_list":{"0":"post-3813","1":"product","2":"type-product","3":"status-publish","4":"has-post-thumbnail","6":"product_cat-uv","8":"first","9":"instock","10":"taxable","11":"shipping-taxable","12":"purchasable","13":"product-type-simple"},"_links":{"self":[{"href":"https:\/\/www.banknotcu.com\/en\/wp-json\/wp\/v2\/product\/3813","targetHints":{"allow":["GET"]}}],"collection":[{"href":"https:\/\/www.banknotcu.com\/en\/wp-json\/wp\/v2\/product"}],"about":[{"href":"https:\/\/www.banknotcu.com\/en\/wp-json\/wp\/v2\/types\/product"}],"replies":[{"embeddable":true,"href":"https:\/\/www.banknotcu.com\/en\/wp-json\/wp\/v2\/comments?post=3813"}],"wp:featuredmedia":[{"embeddable":true,"href":"https:\/\/www.banknotcu.com\/en\/wp-json\/wp\/v2\/media\/3809"}],"wp:attachment":[{"href":"https:\/\/www.banknotcu.com\/en\/wp-json\/wp\/v2\/media?parent=3813"}],"wp:term":[{"taxonomy":"product_brand","embeddable":true,"href":"https:\/\/www.banknotcu.com\/en\/wp-json\/wp\/v2\/product_brand?post=3813"},{"taxonomy":"product_cat","embeddable":true,"href":"https:\/\/www.banknotcu.com\/en\/wp-json\/wp\/v2\/product_cat?post=3813"},{"taxonomy":"product_tag","embeddable":true,"href":"https:\/\/www.banknotcu.com\/en\/wp-json\/wp\/v2\/product_tag?post=3813"}],"curies":[{"name":"wp","href":"https:\/\/api.w.org\/{rel}","templated":true}]}}