{"id":3804,"date":"2023-04-28T11:58:45","date_gmt":"2023-04-28T11:58:45","guid":{"rendered":"https:\/\/www.banknotcu.com\/?post_type=product&#038;p=3804"},"modified":"2023-11-22T10:49:15","modified_gmt":"2023-11-22T10:49:15","slug":"ultraviyole-lamba-10-watt-360-nm-dalga-boyu","status":"publish","type":"product","link":"https:\/\/www.banknotcu.com\/en\/magaza\/ultraviyole-lamba-10-watt-360-nm-dalga-boyu\/","title":{"rendered":"Ultraviyole lamba, 10 Watt, 360 nm dalga boyu"},"content":{"rendered":"<p>Para ve pullardaki gizli i\u015faretleri g\u00f6rmek i\u00e7in kullan\u0131l\u0131r. Dalga boyu \u00f6zellikle bu i\u015fe uygun olmas\u0131 i\u00e7in se\u00e7ilmi\u015f ve denenerek geli\u015ftirilmi\u015ftir. <a href=\"https:\/\/www.banknotcu.com\/wp-content\/uploads\/2023\/04\/50-100-Euro.jpg\"><img decoding=\"async\" class=\"alignnone size-medium wp-image-3807\" src=\"https:\/\/www.banknotcu.com\/wp-content\/uploads\/2023\/04\/50-100-Euro-300x163.jpg\" alt=\"\" width=\"300\" height=\"163\" \/><\/a> <a href=\"https:\/\/www.banknotcu.com\/wp-content\/uploads\/2023\/04\/1.jpg\"><img decoding=\"async\" class=\"alignnone size-medium wp-image-3809\" src=\"https:\/\/www.banknotcu.com\/wp-content\/uploads\/2023\/04\/1-300x225.jpg\" alt=\"\" width=\"300\" height=\"225\" \/><\/a> <a href=\"https:\/\/www.banknotcu.com\/wp-content\/uploads\/2023\/04\/WhatsApp-Image-2023-01-04-at-15.36.31.jpeg\"><img decoding=\"async\" class=\"alignnone size-medium wp-image-3811\" src=\"https:\/\/www.banknotcu.com\/wp-content\/uploads\/2023\/04\/WhatsApp-Image-2023-01-04-at-15.36.31-225x300.jpeg\" alt=\"\" width=\"225\" height=\"300\" \/><\/a><\/p>\n","protected":false},"excerpt":{"rendered":"<p>Para, pul ve di\u011fer UV i\u015faretlerini g\u00f6rmek i\u00e7in<\/p>\n","protected":false},"featured_media":3807,"comment_status":"open","ping_status":"closed","template":"","meta":[],"product_brand":[],"product_cat":[292],"product_tag":[],"class_list":{"0":"post-3804","1":"product","2":"type-product","3":"status-publish","4":"has-post-thumbnail","6":"product_cat-uv","8":"first","9":"instock","10":"taxable","11":"shipping-taxable","12":"purchasable","13":"product-type-simple"},"_links":{"self":[{"href":"https:\/\/www.banknotcu.com\/en\/wp-json\/wp\/v2\/product\/3804","targetHints":{"allow":["GET"]}}],"collection":[{"href":"https:\/\/www.banknotcu.com\/en\/wp-json\/wp\/v2\/product"}],"about":[{"href":"https:\/\/www.banknotcu.com\/en\/wp-json\/wp\/v2\/types\/product"}],"replies":[{"embeddable":true,"href":"https:\/\/www.banknotcu.com\/en\/wp-json\/wp\/v2\/comments?post=3804"}],"wp:featuredmedia":[{"embeddable":true,"href":"https:\/\/www.banknotcu.com\/en\/wp-json\/wp\/v2\/media\/3807"}],"wp:attachment":[{"href":"https:\/\/www.banknotcu.com\/en\/wp-json\/wp\/v2\/media?parent=3804"}],"wp:term":[{"taxonomy":"product_brand","embeddable":true,"href":"https:\/\/www.banknotcu.com\/en\/wp-json\/wp\/v2\/product_brand?post=3804"},{"taxonomy":"product_cat","embeddable":true,"href":"https:\/\/www.banknotcu.com\/en\/wp-json\/wp\/v2\/product_cat?post=3804"},{"taxonomy":"product_tag","embeddable":true,"href":"https:\/\/www.banknotcu.com\/en\/wp-json\/wp\/v2\/product_tag?post=3804"}],"curies":[{"name":"wp","href":"https:\/\/api.w.org\/{rel}","templated":true}]}}