{"id":3799,"date":"2023-04-28T11:19:50","date_gmt":"2023-04-28T11:19:50","guid":{"rendered":"https:\/\/www.banknotcu.com\/?post_type=product&#038;p=3799"},"modified":"2023-11-22T10:49:45","modified_gmt":"2023-11-22T10:49:45","slug":"ultraviyole-lamba-3-watt-gucunde","status":"publish","type":"product","link":"https:\/\/www.banknotcu.com\/en\/magaza\/ultraviyole-lamba-3-watt-gucunde\/","title":{"rendered":"Ultraviyole Lamba, 3 Watt g\u00fcc\u00fcnde"},"content":{"rendered":"<p><a href=\"https:\/\/www.banknotcu.com\/wp-content\/uploads\/2023\/04\/16cmUV-2.jpg\"><img decoding=\"async\" class=\"alignnone size-medium wp-image-3800\" src=\"https:\/\/www.banknotcu.com\/wp-content\/uploads\/2023\/04\/16cmUV-2-300x245.jpg\" alt=\"\" width=\"300\" height=\"245\" \/><\/a> <a href=\"https:\/\/www.banknotcu.com\/wp-content\/uploads\/2023\/04\/IMG_202211038_120150-scaled.jpg\"><img decoding=\"async\" class=\"alignnone size-medium wp-image-3802\" src=\"https:\/\/www.banknotcu.com\/wp-content\/uploads\/2023\/04\/IMG_202211038_120150-300x232.jpg\" alt=\"\" width=\"300\" height=\"232\" \/><\/a><\/p>\n","protected":false},"excerpt":{"rendered":"<p>Bu \u00fcr\u00fcn, 4 adet kalem pil (AA) ile \u00e7al\u0131\u015f\u0131r. Floresan tipi t\u00fcp lambas\u0131 vard\u0131r. Karanl\u0131k ortamda Ultraviyole (UV) \u0131\u015f\u0131k ile g\u00f6r\u00fclebilen m\u00fcrekkep veya do\u011fal maddeleri parlak \u015fekilde g\u00f6sterir. Daha kuvvetli UV lambalar\u0131m\u0131z da vard\u0131r, sat\u0131\u015f listemizi inceleyiniz.<\/p>\n","protected":false},"featured_media":3800,"comment_status":"open","ping_status":"closed","template":"","meta":[],"product_brand":[],"product_cat":[292],"product_tag":[],"class_list":{"0":"post-3799","1":"product","2":"type-product","3":"status-publish","4":"has-post-thumbnail","6":"product_cat-uv","8":"first","9":"instock","10":"taxable","11":"shipping-taxable","12":"purchasable","13":"product-type-simple"},"_links":{"self":[{"href":"https:\/\/www.banknotcu.com\/en\/wp-json\/wp\/v2\/product\/3799","targetHints":{"allow":["GET"]}}],"collection":[{"href":"https:\/\/www.banknotcu.com\/en\/wp-json\/wp\/v2\/product"}],"about":[{"href":"https:\/\/www.banknotcu.com\/en\/wp-json\/wp\/v2\/types\/product"}],"replies":[{"embeddable":true,"href":"https:\/\/www.banknotcu.com\/en\/wp-json\/wp\/v2\/comments?post=3799"}],"wp:featuredmedia":[{"embeddable":true,"href":"https:\/\/www.banknotcu.com\/en\/wp-json\/wp\/v2\/media\/3800"}],"wp:attachment":[{"href":"https:\/\/www.banknotcu.com\/en\/wp-json\/wp\/v2\/media?parent=3799"}],"wp:term":[{"taxonomy":"product_brand","embeddable":true,"href":"https:\/\/www.banknotcu.com\/en\/wp-json\/wp\/v2\/product_brand?post=3799"},{"taxonomy":"product_cat","embeddable":true,"href":"https:\/\/www.banknotcu.com\/en\/wp-json\/wp\/v2\/product_cat?post=3799"},{"taxonomy":"product_tag","embeddable":true,"href":"https:\/\/www.banknotcu.com\/en\/wp-json\/wp\/v2\/product_tag?post=3799"}],"curies":[{"name":"wp","href":"https:\/\/api.w.org\/{rel}","templated":true}]}}