{"id":3162,"date":"2022-09-03T09:37:48","date_gmt":"2022-09-03T09:37:48","guid":{"rendered":"https:\/\/www.banknotcu.com\/?post_type=product&#038;p=3162"},"modified":"2025-07-07T11:33:05","modified_gmt":"2025-07-07T08:33:05","slug":"importa-klasor-icin-kirmizi-siyah-ara-karton-10-adet","status":"publish","type":"product","link":"https:\/\/www.banknotcu.com\/en\/magaza\/importa-klasor-icin-kirmizi-siyah-ara-karton-10-adet\/","title":{"rendered":"\u0130mporta Klas\u00f6r i\u00e7in K\u0131rm\u0131z\u0131 \/ Siyah ara karton 10 adet"},"content":{"rendered":"<p>\u0130mporta klas\u00f6r ve f\u00f6yler i\u00e7in ara karton<\/p>\n<p>Bir pakette 10 adet mevcuttur<\/p>\n<p>K\u0131rm\u0131z\u0131 veya siyah renklerde mevcuttur.<\/p>\n<p>T\u00fcrkiyede,\u00a0standart 4 halkal\u0131 klas\u00f6r i\u00e7in en b\u00fcy\u00fck kapasiteli f\u00f6yler:\u00a0 \u0130mporta para\/efemera f\u00f6yleri, klas\u00f6rleri, ara kartonlar\u0131 Boyutlar\u0131: 237 mm en, 315 mm boy<\/p>\n<p>\u0130mporta klas\u00f6rlerine uygun 4 delikli<\/p>\n<p>V1 i\u00e7in\u00a0cep boyutu\u00a0\u00a0 :\u00a0 218 mm en,\u00a0\u00a0314 mm\u00a0 boy!<\/p>\n<p>V2 i\u00e7in\u00a0cep boyutlar\u0131:\u00a0 218 mm en,\u00a0 156 mm\u00a0 boy!<\/p>\n<p>V3 i\u00e7in\u00a0cep boyutlar\u0131:\u00a0 218 mm en,\u00a0 103 mm\u00a0 boy!<\/p>\n<p>V4 i\u00e7in\u00a0cep boyutlar\u0131:\u00a0 218 mm en,\u00a0\u00a0 \u00a076\u00a0mm\u00a0 boy!<\/p>\n<p>V5 i\u00e7in\u00a0cep boyutlar\u0131:\u00a0 218 mm en,\u00a0\u00a0 \u00a060\u00a0mm\u00a0 boy!<\/p>\n<p>V6 i\u00e7in\u00a0cep boyutlar\u0131:\u00a0 218 mm en,\u00a0\u00a0 \u00a051\u00a0mm\u00a0 boy!<\/p>\n<p>V7 i\u00e7in\u00a0cep boyutlar\u0131:\u00a0 218 mm en,\u00a0\u00a0 \u00a043\u00a0mm\u00a0 boy!<\/p>\n<p>V8 i\u00e7in\u00a0cep boyutlar\u0131:\u00a0\u00a0218 mm en,\u00a0 \u00a0 37\u00a0mm\u00a0 boy!<\/p>\n<p>* \u0130mporta f\u00f6yleri, Hollandada imal edilmi\u015ftir.<\/p>\n<p>* Deneyiniz,\u00a0en kullan\u0131\u015fl\u0131 para f\u00f6y\u00fc oldu\u011funu g\u00f6receksiniz\u00a0!<\/p>\n<p>* Orijinal \u0130mporta deri g\u00f6r\u00fcn\u00fcml\u00fc kasetli klas\u00f6rler de stoklar\u0131m\u0131zda mevcuttur. Renkler: Bordo, lacivert, nefti, a\u00e7\u0131k ve koyu kahve, siyah. Renk tercihiniz varsa mesajla belirtiniz.\u00a0\u00a0 \u0130stedi\u011finiz renkler stoklar\u0131m\u0131zda varsa g\u00f6nderilecek, bitmi\u015f ise mevcut renkler size bildirilecektir.<\/p>\n","protected":false},"excerpt":{"rendered":"<p>\u0130mporta klas\u00f6r ve f\u00f6yler i\u00e7in ara karton Bir pakette 10 adet mevcuttur K\u0131rm\u0131z\u0131 veya siyah renklerde mevcuttur. T\u00fcrkiyede,\u00a0standart 4 halkal\u0131 klas\u00f6r i\u00e7in en b\u00fcy\u00fck kapasiteli f\u00f6yler:\u00a0 \u0130mporta para\/efemera f\u00f6yleri, klas\u00f6rleri, ara kartonlar\u0131 Boyutlar\u0131: 237 mm en, 315 mm boy \u0130mporta klas\u00f6rlerine uygun 4 delikli V1 i\u00e7in\u00a0cep boyutu\u00a0\u00a0 :\u00a0 218 mm en,\u00a0\u00a0314 mm\u00a0 boy! V2 i\u00e7in\u00a0cep [&hellip;]<\/p>\n","protected":false},"featured_media":3163,"comment_status":"open","ping_status":"closed","template":"","meta":[],"product_brand":[],"product_cat":[263],"product_tag":[],"class_list":{"0":"post-3162","1":"product","2":"type-product","3":"status-publish","4":"has-post-thumbnail","6":"product_cat-importa","8":"first","9":"outofstock","10":"taxable","11":"shipping-taxable","12":"purchasable","13":"product-type-simple"},"_links":{"self":[{"href":"https:\/\/www.banknotcu.com\/en\/wp-json\/wp\/v2\/product\/3162","targetHints":{"allow":["GET"]}}],"collection":[{"href":"https:\/\/www.banknotcu.com\/en\/wp-json\/wp\/v2\/product"}],"about":[{"href":"https:\/\/www.banknotcu.com\/en\/wp-json\/wp\/v2\/types\/product"}],"replies":[{"embeddable":true,"href":"https:\/\/www.banknotcu.com\/en\/wp-json\/wp\/v2\/comments?post=3162"}],"wp:featuredmedia":[{"embeddable":true,"href":"https:\/\/www.banknotcu.com\/en\/wp-json\/wp\/v2\/media\/3163"}],"wp:attachment":[{"href":"https:\/\/www.banknotcu.com\/en\/wp-json\/wp\/v2\/media?parent=3162"}],"wp:term":[{"taxonomy":"product_brand","embeddable":true,"href":"https:\/\/www.banknotcu.com\/en\/wp-json\/wp\/v2\/product_brand?post=3162"},{"taxonomy":"product_cat","embeddable":true,"href":"https:\/\/www.banknotcu.com\/en\/wp-json\/wp\/v2\/product_cat?post=3162"},{"taxonomy":"product_tag","embeddable":true,"href":"https:\/\/www.banknotcu.com\/en\/wp-json\/wp\/v2\/product_tag?post=3162"}],"curies":[{"name":"wp","href":"https:\/\/api.w.org\/{rel}","templated":true}]}}