{"id":3156,"date":"2022-09-03T09:25:04","date_gmt":"2022-09-03T09:25:04","guid":{"rendered":"https:\/\/www.banknotcu.com\/?post_type=product&#038;p=3156"},"modified":"2023-04-28T09:53:17","modified_gmt":"2023-04-28T09:53:17","slug":"importa-v7-foy-43-mm-bantlar-218-mm-boy-10-adet","status":"publish","type":"product","link":"https:\/\/www.banknotcu.com\/en\/magaza\/importa-v7-foy-43-mm-bantlar-218-mm-boy-10-adet\/","title":{"rendered":"\u0130mporta V7 f\u00f6y, 43 mm bantlar, 218 mm boy, 10 adet"},"content":{"rendered":"<p>T\u00fcrkiyede,\u00a0standart 4 halkal\u0131 klas\u00f6r i\u00e7in en b\u00fcy\u00fck kapasiteli f\u00f6yler:<\/p>\n<p>\u0130mporta para\/efemera f\u00f6yleri:<\/p>\n<p>D\u0131\u015ftan\u00a0d\u0131\u015fa 237mm en,\u00a0 316 mm boy,<\/p>\n<p>7 cepli 10 adet f\u00f6y<\/p>\n<p>Otob\u00fcs, tramvay\u00a0 biletleri, Kaz\u0131 kazan vb. koleksiyonlar\u0131 i\u00e7in<\/p>\n<p>F\u00f6yler, orijinal paket i\u00e7inde bo\u015f olarak g\u00f6nderilecektir.<\/p>\n<p>V1 i\u00e7in cep boyutu\u00a0\u00a0 :\u00a0 218 mm en,\u00a0\u00a0314 mm\u00a0 boy!<\/p>\n<p>V2 i\u00e7in cep boyutlar\u0131:\u00a0 218 mm en,\u00a0 156 mm\u00a0 boy!<\/p>\n<p>V3 i\u00e7in cep boyutlar\u0131:\u00a0 218 mm en,\u00a0 103 mm\u00a0 boy!<\/p>\n<p>V4 i\u00e7in cep boyutlar\u0131:\u00a0 218 mm en,\u00a0\u00a0 \u00a076 mm boy!<\/p>\n<p>V5 i\u00e7in cep boyutlar\u0131:\u00a0 218 mm en,\u00a0\u00a0 \u00a060 mm\u00a0 boy!<\/p>\n<p>V6 i\u00e7in cep boyutlar\u0131:\u00a0 218 mm en,\u00a0\u00a0 \u00a051 mm\u00a0 boy!<\/p>\n<p>V7 i\u00e7in cep boyutlar\u0131:\u00a0 218 mm en,\u00a0\u00a0 \u00a043 mm\u00a0 boy!<\/p>\n<p>V8 i\u00e7in cep boyutlar\u0131:\u00a0\u00a0218 mm en,\u00a0 \u00a0 37 mm\u00a0 boy!<\/p>\n<p>* Her pakette 10 adet asitsiz, para\/pul\/efemera saklamaya uygun, tamamen saydam, &#8220;Softener-free vinyl&#8221; plastikten imal edilmi\u015f, m\u00fckemmel kalitede ve 4 halkal\u0131 standart klas\u00f6rlerde kullan\u0131lmaya uygun f\u00f6y bulunmaktad\u0131r.<\/p>\n<p>* \u0130mporta f\u00f6yleri, Hollandada imal edilmektedir.<\/p>\n<p>* Deneyiniz, en kullan\u0131\u015fl\u0131 para f\u00f6y\u00fc oldu\u011funu g\u00f6receksiniz !<\/p>\n<p>* Orijinal \u0130mporta deri g\u00f6r\u00fcn\u00fcml\u00fc kasetli klas\u00f6rler de stoklar\u0131m\u0131zda mevcuttur. Renkler: Bordo, lacivert, nefti, a\u00e7\u0131k ve koyu kahve, siyah. Renk tercihiniz varsa mesajla belirtiniz.\u00a0\u00a0 \u0130stedi\u011finiz renkler stoklar\u0131m\u0131zda varsa g\u00f6nderilecek, bitmi\u015f ise mevcut renkler size bildirilecektir.<\/p>\n","protected":false},"excerpt":{"rendered":"<p>T\u00fcrkiyede,\u00a0standart 4 halkal\u0131 klas\u00f6r i\u00e7in en b\u00fcy\u00fck kapasiteli f\u00f6yler: \u0130mporta para\/efemera f\u00f6yleri: D\u0131\u015ftan\u00a0d\u0131\u015fa 237mm en,\u00a0 316 mm boy, 7 cepli 10 adet f\u00f6y Otob\u00fcs, tramvay\u00a0 biletleri, Kaz\u0131 kazan vb. koleksiyonlar\u0131 i\u00e7in F\u00f6yler, orijinal paket i\u00e7inde bo\u015f olarak g\u00f6nderilecektir. V1 i\u00e7in cep boyutu\u00a0\u00a0 :\u00a0 218 mm en,\u00a0\u00a0314 mm\u00a0 boy! V2 i\u00e7in cep boyutlar\u0131:\u00a0 218 mm en,\u00a0 [&hellip;]<\/p>\n","protected":false},"featured_media":3157,"comment_status":"open","ping_status":"closed","template":"","meta":[],"product_brand":[],"product_cat":[263],"product_tag":[],"class_list":{"0":"post-3156","1":"product","2":"type-product","3":"status-publish","4":"has-post-thumbnail","6":"product_cat-importa","8":"first","9":"instock","10":"taxable","11":"shipping-taxable","12":"purchasable","13":"product-type-simple"},"_links":{"self":[{"href":"https:\/\/www.banknotcu.com\/en\/wp-json\/wp\/v2\/product\/3156","targetHints":{"allow":["GET"]}}],"collection":[{"href":"https:\/\/www.banknotcu.com\/en\/wp-json\/wp\/v2\/product"}],"about":[{"href":"https:\/\/www.banknotcu.com\/en\/wp-json\/wp\/v2\/types\/product"}],"replies":[{"embeddable":true,"href":"https:\/\/www.banknotcu.com\/en\/wp-json\/wp\/v2\/comments?post=3156"}],"wp:featuredmedia":[{"embeddable":true,"href":"https:\/\/www.banknotcu.com\/en\/wp-json\/wp\/v2\/media\/3157"}],"wp:attachment":[{"href":"https:\/\/www.banknotcu.com\/en\/wp-json\/wp\/v2\/media?parent=3156"}],"wp:term":[{"taxonomy":"product_brand","embeddable":true,"href":"https:\/\/www.banknotcu.com\/en\/wp-json\/wp\/v2\/product_brand?post=3156"},{"taxonomy":"product_cat","embeddable":true,"href":"https:\/\/www.banknotcu.com\/en\/wp-json\/wp\/v2\/product_cat?post=3156"},{"taxonomy":"product_tag","embeddable":true,"href":"https:\/\/www.banknotcu.com\/en\/wp-json\/wp\/v2\/product_tag?post=3156"}],"curies":[{"name":"wp","href":"https:\/\/api.w.org\/{rel}","templated":true}]}}