{"id":3147,"date":"2022-09-01T19:37:54","date_gmt":"2022-09-01T19:37:54","guid":{"rendered":"https:\/\/www.banknotcu.com\/?post_type=product&#038;p=3147"},"modified":"2023-04-28T09:53:43","modified_gmt":"2023-04-28T09:53:43","slug":"importa-v-5x2-cepli-seffaf-foy-10-adet-orijinal-hollanda-mali","status":"publish","type":"product","link":"https:\/\/www.banknotcu.com\/en\/magaza\/importa-v-5x2-cepli-seffaf-foy-10-adet-orijinal-hollanda-mali\/","title":{"rendered":"\u0130mporta V 5&#215;2 Cepli \u015eeffaf F\u00f6y, 10 adet, orijinal Hollanda mal\u0131"},"content":{"rendered":"<p>T\u00fcrkiyede,\u00a0standart 4 halkal\u0131 klas\u00f6r i\u00e7in en b\u00fcy\u00fck kapasiteli f\u00f6yler:<\/p>\n<p>\u0130mporta para\/efemera f\u00f6yleri:<\/p>\n<p>D\u0131\u015ftan\u00a0d\u0131\u015fa 237mm en,\u00a0 316 mm boy,<\/p>\n<p>10 cepli 10 adet f\u00f6y<\/p>\n<p>Kartvizit, \u00c7ukulata \/ Jiklet kart\u0131, yabanc\u0131 kaz\u0131 kazan, MADALYA ve ROZET vb. koleksiyonlar\u0131 i\u00e7in<\/p>\n<p>F\u00f6yler, orijinal paket i\u00e7inde bo\u015f olarak g\u00f6nderilecektir.<\/p>\n<p>Cep boyutlar\u0131:\u00a0 60 mm en,\u00a0 \u00a0 95 mm\u00a0 boy!<\/p>\n<p>* Her pakette 10 adet asitsiz, para\/pul\/efemera saklamaya uygun, tamamen saydam, &#8220;Softener-free vinyl&#8221; plastikten imal edilmi\u015f, m\u00fckemmel kalitede ve 4 halkal\u0131 standart klas\u00f6rlerde kullan\u0131lmaya uygun f\u00f6y bulunmaktad\u0131r.<\/p>\n<p>* \u0130mporta f\u00f6yleri, Hollandada imal edilmektedir.<\/p>\n<p>* Deneyiniz, \u00e7ok kullan\u0131\u015fl\u0131 oldu\u011funu g\u00f6receksiniz\u00a0!<\/p>\n<p>* Orijinal \u0130mporta deri g\u00f6r\u00fcn\u00fcml\u00fc kasetli klas\u00f6rler de stoklar\u0131m\u0131zda mevcuttur. Renkler: Bordo, lacivert, nefti, a\u00e7\u0131k ve koyu kahve, siyah. Renk tercihiniz varsa mesajla belirtiniz.\u00a0\u00a0 \u0130stedi\u011finiz renkler stoklar\u0131m\u0131zda varsa g\u00f6nderilecek, bitmi\u015f ise mevcut renkler size bildirilecektir.<\/p>\n<p>Faturan\u0131z i\u00e7in l\u00fctfen vergi numaran\u0131z\u0131 veya TC kimlik numaran\u0131z\u0131 mesajla g\u00f6nderiniz.<\/p>\n","protected":false},"excerpt":{"rendered":"<p>T\u00fcrkiyede,\u00a0standart 4 halkal\u0131 klas\u00f6r i\u00e7in en b\u00fcy\u00fck kapasiteli f\u00f6yler: \u0130mporta para\/efemera f\u00f6yleri: D\u0131\u015ftan\u00a0d\u0131\u015fa 237mm en,\u00a0 316 mm boy, 10 cepli 10 adet f\u00f6y Kartvizit, \u00c7ukulata \/ Jiklet kart\u0131, yabanc\u0131 kaz\u0131 kazan, MADALYA ve ROZET vb. koleksiyonlar\u0131 i\u00e7in F\u00f6yler, orijinal paket i\u00e7inde bo\u015f olarak g\u00f6nderilecektir. Cep boyutlar\u0131:\u00a0 60 mm en,\u00a0 \u00a0 95 mm\u00a0 boy! * Her [&hellip;]<\/p>\n","protected":false},"featured_media":3148,"comment_status":"open","ping_status":"closed","template":"","meta":[],"product_brand":[],"product_cat":[263],"product_tag":[],"class_list":{"0":"post-3147","1":"product","2":"type-product","3":"status-publish","4":"has-post-thumbnail","6":"product_cat-importa","8":"first","9":"instock","10":"taxable","11":"shipping-taxable","12":"purchasable","13":"product-type-simple"},"_links":{"self":[{"href":"https:\/\/www.banknotcu.com\/en\/wp-json\/wp\/v2\/product\/3147","targetHints":{"allow":["GET"]}}],"collection":[{"href":"https:\/\/www.banknotcu.com\/en\/wp-json\/wp\/v2\/product"}],"about":[{"href":"https:\/\/www.banknotcu.com\/en\/wp-json\/wp\/v2\/types\/product"}],"replies":[{"embeddable":true,"href":"https:\/\/www.banknotcu.com\/en\/wp-json\/wp\/v2\/comments?post=3147"}],"wp:featuredmedia":[{"embeddable":true,"href":"https:\/\/www.banknotcu.com\/en\/wp-json\/wp\/v2\/media\/3148"}],"wp:attachment":[{"href":"https:\/\/www.banknotcu.com\/en\/wp-json\/wp\/v2\/media?parent=3147"}],"wp:term":[{"taxonomy":"product_brand","embeddable":true,"href":"https:\/\/www.banknotcu.com\/en\/wp-json\/wp\/v2\/product_brand?post=3147"},{"taxonomy":"product_cat","embeddable":true,"href":"https:\/\/www.banknotcu.com\/en\/wp-json\/wp\/v2\/product_cat?post=3147"},{"taxonomy":"product_tag","embeddable":true,"href":"https:\/\/www.banknotcu.com\/en\/wp-json\/wp\/v2\/product_tag?post=3147"}],"curies":[{"name":"wp","href":"https:\/\/api.w.org\/{rel}","templated":true}]}}