{"id":3140,"date":"2022-09-01T19:32:19","date_gmt":"2022-09-01T19:32:19","guid":{"rendered":"https:\/\/www.banknotcu.com\/?post_type=product&#038;p=3140"},"modified":"2023-04-27T11:50:07","modified_gmt":"2023-04-27T11:50:07","slug":"66x66-mm-buyuk-boy-kapamalar-icin-foy-2-yaprak","status":"publish","type":"product","link":"https:\/\/www.banknotcu.com\/en\/magaza\/66x66-mm-buyuk-boy-kapamalar-icin-foy-2-yaprak\/","title":{"rendered":"66&#215;66 mm b\u00fcy\u00fck boy kapamalar i\u00e7in f\u00f6y: 2 Yaprak"},"content":{"rendered":"<p>2 Yaprak b\u00fcy\u00fck kapama f\u00f6y\u00fc,<\/p>\n<p>66&#215;66 mm kapamalar i\u00e7in<\/p>\n<p>F\u00f6y yapra\u011f\u0131 28,0 x 31,5 cm. boyutlar\u0131ndad\u0131r, her yapra\u011f\u0131 12 adet 66&#215;66 mm kapama al\u0131r.<\/p>\n<p>MH20 Klas\u00f6rlere uygundur \u0130mporta (Hollanda) mal\u0131d\u0131r.<\/p>\n<p>Sat\u0131\u015f portf\u00f6y\u00fcm\u00fczde 66&#215;66 mm kapamalar mevcuttur.<\/p>\n","protected":false},"excerpt":{"rendered":"<p>2 Yaprak b\u00fcy\u00fck kapama f\u00f6y\u00fc, 66&#215;66 mm kapamalar i\u00e7in F\u00f6y yapra\u011f\u0131 28,0 x 31,5 cm. boyutlar\u0131ndad\u0131r, her yapra\u011f\u0131 12 adet 66&#215;66 mm kapama al\u0131r. MH20 Klas\u00f6rlere uygundur \u0130mporta (Hollanda) mal\u0131d\u0131r. Sat\u0131\u015f portf\u00f6y\u00fcm\u00fczde 66&#215;66 mm kapamalar mevcuttur.<\/p>\n","protected":false},"featured_media":3143,"comment_status":"open","ping_status":"closed","template":"","meta":[],"product_brand":[],"product_cat":[169],"product_tag":[],"class_list":{"0":"post-3140","1":"product","2":"type-product","3":"status-publish","4":"has-post-thumbnail","6":"product_cat-importa-foyler","8":"first","9":"instock","10":"taxable","11":"shipping-taxable","12":"purchasable","13":"product-type-simple"},"_links":{"self":[{"href":"https:\/\/www.banknotcu.com\/en\/wp-json\/wp\/v2\/product\/3140","targetHints":{"allow":["GET"]}}],"collection":[{"href":"https:\/\/www.banknotcu.com\/en\/wp-json\/wp\/v2\/product"}],"about":[{"href":"https:\/\/www.banknotcu.com\/en\/wp-json\/wp\/v2\/types\/product"}],"replies":[{"embeddable":true,"href":"https:\/\/www.banknotcu.com\/en\/wp-json\/wp\/v2\/comments?post=3140"}],"wp:featuredmedia":[{"embeddable":true,"href":"https:\/\/www.banknotcu.com\/en\/wp-json\/wp\/v2\/media\/3143"}],"wp:attachment":[{"href":"https:\/\/www.banknotcu.com\/en\/wp-json\/wp\/v2\/media?parent=3140"}],"wp:term":[{"taxonomy":"product_brand","embeddable":true,"href":"https:\/\/www.banknotcu.com\/en\/wp-json\/wp\/v2\/product_brand?post=3140"},{"taxonomy":"product_cat","embeddable":true,"href":"https:\/\/www.banknotcu.com\/en\/wp-json\/wp\/v2\/product_cat?post=3140"},{"taxonomy":"product_tag","embeddable":true,"href":"https:\/\/www.banknotcu.com\/en\/wp-json\/wp\/v2\/product_tag?post=3140"}],"curies":[{"name":"wp","href":"https:\/\/api.w.org\/{rel}","templated":true}]}}