{"id":3135,"date":"2022-09-01T19:21:14","date_gmt":"2022-09-01T19:21:14","guid":{"rendered":"https:\/\/www.banknotcu.com\/?post_type=product&#038;p=3135"},"modified":"2025-01-20T14:40:38","modified_gmt":"2025-01-20T11:40:38","slug":"madeni-para-klasorleri-icin-42-gozlu-munten-foy-cekmeli-gozlermh-12-ve-optima-klasorlere-uygundur","status":"publish","type":"product","link":"https:\/\/www.banknotcu.com\/en\/magaza\/madeni-para-klasorleri-icin-42-gozlu-munten-foy-cekmeli-gozlermh-12-ve-optima-klasorlere-uygundur\/","title":{"rendered":"Madeni para klas\u00f6rleri i\u00e7in 42 g\u00f6zl\u00fc, MUNTEN f\u00f6y, \u00e7ekmeli g\u00f6zler,MH-12 ve Optima klas\u00f6rlere uygundur"},"content":{"rendered":"<p>AVRUPA (HOLLANDA) DA \u0130MAL ED\u0130LM\u0130\u015eT\u0130R, UZAKDO\u011eU \u0130MALATI DE\u011e\u0130LD\u0130R!<\/p>\n<p>Yakla\u015f\u0131k 21 x 26 cm. boyutlar\u0131ndad\u0131r, Optima klas\u00f6rlere uyar.<\/p>\n<p>Her yapra\u011f\u0131 a\u015fa\u011f\u0131da g\u00f6sterilen kadar madeni para al\u0131r.<\/p>\n<p>1 pakette 4 yaprak ve 4 ay\u0131r\u0131c\u0131 mevcuttur.<\/p>\n<p>AYIRICILAR PAKETE DAH\u0130L OLDU\u011eU \u0130\u00c7\u0130N F\u0130YAT Y\u00dcKSEK G\u00d6R\u00dcNEB\u0130L\u0130R, ASLINDA F\u00d6YLER EMSALLER\u0130NDEN DAHA UCUZA GELMEKTED\u0130R!<\/p>\n<p>Plastik malzemesi asitsiz, paralara zarar vermeyen plastikten imal edilmi\u015ftir.<\/p>\n<p>Mevcut MUNTEN f\u00f6y tiplerimiz:<\/p>\n<p>4 adet \u00e7ekmeli 9 \u015feritli, 63 g\u00f6zl\u00fc yaprak veya<\/p>\n<p>4 adet \u00e7ekmeli 7 \u015feritli, 42 g\u00f6zl\u00fc yaprak veya<\/p>\n<p>4 adet \u00e7ekmeli 6 \u015feritli, 30 g\u00f6zl\u00fc yaprak veya<\/p>\n<p>4 adet \u00e7ekmeli 5 \u015feritli, 20 g\u00f6zl\u00fc yaprak veya<\/p>\n<p>4 adet \u00e7ekmeli 4 \u015feritli, 12 g\u00f6zl\u00fc yaprak veya<\/p>\n<p>4 adet \u00e7ekmeli 6 \u015feritli, kar\u0131\u015f\u0131k boy yaprak (29 g\u00f6zl\u00fc)<\/p>\n<p>Faturan\u0131z i\u00e7in vergi numaran\u0131z\u0131 veya TC kimlik numaran\u0131z\u0131 mesajla g\u00f6nderebilirsiniz.<\/p>\n","protected":false},"excerpt":{"rendered":"<p>AVRUPA (HOLLANDA) DA \u0130MAL ED\u0130LM\u0130\u015eT\u0130R, UZAKDO\u011eU \u0130MALATI DE\u011e\u0130LD\u0130R! Yakla\u015f\u0131k 21 x 26 cm. boyutlar\u0131ndad\u0131r, Optima klas\u00f6rlere uyar. Her yapra\u011f\u0131 a\u015fa\u011f\u0131da g\u00f6sterilen kadar madeni para al\u0131r. 1 pakette 4 yaprak ve 4 ay\u0131r\u0131c\u0131 mevcuttur. AYIRICILAR PAKETE DAH\u0130L OLDU\u011eU \u0130\u00c7\u0130N F\u0130YAT Y\u00dcKSEK G\u00d6R\u00dcNEB\u0130L\u0130R, ASLINDA F\u00d6YLER EMSALLER\u0130NDEN DAHA UCUZA GELMEKTED\u0130R! Plastik malzemesi asitsiz, paralara zarar vermeyen plastikten imal [&hellip;]<\/p>\n","protected":false},"featured_media":3127,"comment_status":"open","ping_status":"closed","template":"","meta":[],"product_brand":[],"product_cat":[169],"product_tag":[],"class_list":{"0":"post-3135","1":"product","2":"type-product","3":"status-publish","4":"has-post-thumbnail","6":"product_cat-importa-foyler","8":"first","9":"instock","10":"taxable","11":"shipping-taxable","12":"purchasable","13":"product-type-simple"},"_links":{"self":[{"href":"https:\/\/www.banknotcu.com\/en\/wp-json\/wp\/v2\/product\/3135","targetHints":{"allow":["GET"]}}],"collection":[{"href":"https:\/\/www.banknotcu.com\/en\/wp-json\/wp\/v2\/product"}],"about":[{"href":"https:\/\/www.banknotcu.com\/en\/wp-json\/wp\/v2\/types\/product"}],"replies":[{"embeddable":true,"href":"https:\/\/www.banknotcu.com\/en\/wp-json\/wp\/v2\/comments?post=3135"}],"wp:featuredmedia":[{"embeddable":true,"href":"https:\/\/www.banknotcu.com\/en\/wp-json\/wp\/v2\/media\/3127"}],"wp:attachment":[{"href":"https:\/\/www.banknotcu.com\/en\/wp-json\/wp\/v2\/media?parent=3135"}],"wp:term":[{"taxonomy":"product_brand","embeddable":true,"href":"https:\/\/www.banknotcu.com\/en\/wp-json\/wp\/v2\/product_brand?post=3135"},{"taxonomy":"product_cat","embeddable":true,"href":"https:\/\/www.banknotcu.com\/en\/wp-json\/wp\/v2\/product_cat?post=3135"},{"taxonomy":"product_tag","embeddable":true,"href":"https:\/\/www.banknotcu.com\/en\/wp-json\/wp\/v2\/product_tag?post=3135"}],"curies":[{"name":"wp","href":"https:\/\/api.w.org\/{rel}","templated":true}]}}