{"id":3132,"date":"2022-09-01T19:15:58","date_gmt":"2022-09-01T19:15:58","guid":{"rendered":"https:\/\/www.banknotcu.com\/?post_type=product&#038;p=3132"},"modified":"2023-04-28T11:00:20","modified_gmt":"2023-04-28T11:00:20","slug":"optima-klasorlere-uygun-1s-tipi-siyah-cift-tarafli-foyler-10-lu-paket-himalaya-marka","status":"publish","type":"product","link":"https:\/\/www.banknotcu.com\/en\/magaza\/optima-klasorlere-uygun-1s-tipi-siyah-cift-tarafli-foyler-10-lu-paket-himalaya-marka\/","title":{"rendered":"Optima klas\u00f6rlere uygun 1S tipi Siyah \u00e7ift tarafl\u0131 f\u00f6yler, 10 lu paket, H\u0130MALAYA marka"},"content":{"rendered":"<p>1 b\u00f6lmeli siyah saklama f\u00f6yleri, H\u0130MALAYA<\/p>\n<p>Optima ve Munten klas\u00f6rlere uygundur<\/p>\n<p>Asitsiz plastikten imal edilmi\u015ftir.<\/p>\n<p>Bir pakette 10 adet f\u00f6y vard\u0131r!<\/p>\n","protected":false},"excerpt":{"rendered":"<p>1 b\u00f6lmeli siyah saklama f\u00f6yleri, H\u0130MALAYA Optima ve Munten klas\u00f6rlere uygundur Asitsiz plastikten imal edilmi\u015ftir. Bir pakette 10 adet f\u00f6y vard\u0131r!<\/p>\n","protected":false},"featured_media":3133,"comment_status":"open","ping_status":"closed","template":"","meta":[],"product_brand":[],"product_cat":[260],"product_tag":[],"class_list":{"0":"post-3132","1":"product","2":"type-product","3":"status-publish","4":"has-post-thumbnail","6":"product_cat-optima-kp-klasor","8":"first","9":"instock","10":"taxable","11":"shipping-taxable","12":"purchasable","13":"product-type-simple"},"_links":{"self":[{"href":"https:\/\/www.banknotcu.com\/en\/wp-json\/wp\/v2\/product\/3132","targetHints":{"allow":["GET"]}}],"collection":[{"href":"https:\/\/www.banknotcu.com\/en\/wp-json\/wp\/v2\/product"}],"about":[{"href":"https:\/\/www.banknotcu.com\/en\/wp-json\/wp\/v2\/types\/product"}],"replies":[{"embeddable":true,"href":"https:\/\/www.banknotcu.com\/en\/wp-json\/wp\/v2\/comments?post=3132"}],"wp:featuredmedia":[{"embeddable":true,"href":"https:\/\/www.banknotcu.com\/en\/wp-json\/wp\/v2\/media\/3133"}],"wp:attachment":[{"href":"https:\/\/www.banknotcu.com\/en\/wp-json\/wp\/v2\/media?parent=3132"}],"wp:term":[{"taxonomy":"product_brand","embeddable":true,"href":"https:\/\/www.banknotcu.com\/en\/wp-json\/wp\/v2\/product_brand?post=3132"},{"taxonomy":"product_cat","embeddable":true,"href":"https:\/\/www.banknotcu.com\/en\/wp-json\/wp\/v2\/product_cat?post=3132"},{"taxonomy":"product_tag","embeddable":true,"href":"https:\/\/www.banknotcu.com\/en\/wp-json\/wp\/v2\/product_tag?post=3132"}],"curies":[{"name":"wp","href":"https:\/\/api.w.org\/{rel}","templated":true}]}}