{"id":3122,"date":"2022-09-01T19:02:30","date_gmt":"2022-09-01T19:02:30","guid":{"rendered":"https:\/\/www.banknotcu.com\/?post_type=product&#038;p=3122"},"modified":"2026-05-08T11:37:28","modified_gmt":"2026-05-08T08:37:28","slug":"madeni-para-kapamalari-icin-klasor-mh-12-ve-5-adet-foy-kirmizi-renk-optima-foylere-uyar","status":"publish","type":"product","link":"https:\/\/www.banknotcu.com\/en\/magaza\/madeni-para-kapamalari-icin-klasor-mh-12-ve-5-adet-foy-kirmizi-renk-optima-foylere-uyar\/","title":{"rendered":"Madeni Para Kapamalar\u0131 i\u00e7in Klas\u00f6r MH 12, ve 5 adet f\u00f6y, KIRMIZI renkte, OPT\u0130MA f\u00f6ylere uyar"},"content":{"rendered":"<p>24,0 x 27,5 cm. boyunda, her yapra\u011f\u0131 12 adet 5&#215;5 cm kapama al\u0131r. \u0130mporta (Hollanda) mal\u0131d\u0131r. \u0130\u00e7inde 5 kapama yapra\u011f\u0131 mevcuttur.<\/p>\n<p>Mevcut yapraklar\u0131 60 kapama al\u0131r. Ayr\u0131ca yedek yaprak paketi al\u0131n\u0131rsa 200 kapamaya yak\u0131n kapasitesi vard\u0131r.<\/p>\n<p>Kaset (K\u0131l\u0131f) yoktur! Yumu\u015fak dolgu kapakl\u0131d\u0131r.<\/p>\n<p><strong>Dikkat<\/strong>: Bu klas\u00f6r Optima madeni ve ka\u011f\u0131t para f\u00f6ylerine de uyumludur!<\/p>\n<p>Klas\u00f6r d\u0131\u015ftan d\u0131\u015fa \u00f6l\u00e7\u00fcleri: 27,5 cm boy, 24,5 cm en, 3.5 cm kal\u0131nl\u0131k.<\/p>\n<p>K\u0131rm\u0131z\u0131 ve mavi renkte mevcuttur.<\/p>\n<p>Sat\u0131n al\u0131rken istedi\u011finiz rengi belirtiniz.\u00a0Renk tercihleriniz stoklar elverdi\u011fince kar\u015f\u0131lanacakt\u0131r.<\/p>\n<p>Ayr\u0131ca sat\u0131lan kaseti (K\u0131l\u0131f\u0131) da mevcuttur. Kasetli \u00fcr\u00fcn i\u00e7in di\u011fer sat\u0131\u015flar\u0131ma bak\u0131n\u0131z, veya mesajla sorunuz.<\/p>\n<p>Bu klas\u00f6rde kullan\u0131labilecek yedek kapama ve madeni para yapraklar\u0131m\u0131z da mevcuttur!<\/p>\n","protected":false},"excerpt":{"rendered":"<p>24,0 x 27,5 cm. boyunda, her yapra\u011f\u0131 12 adet 5&#215;5 cm kapama al\u0131r. \u0130mporta (Hollanda) mal\u0131d\u0131r. \u0130\u00e7inde 5 kapama yapra\u011f\u0131 mevcuttur. Mevcut yapraklar\u0131 60 kapama al\u0131r. Ayr\u0131ca yedek yaprak paketi al\u0131n\u0131rsa 200 kapamaya yak\u0131n kapasitesi vard\u0131r. Kaset (K\u0131l\u0131f) yoktur! Yumu\u015fak dolgu kapakl\u0131d\u0131r. Dikkat: Bu klas\u00f6r Optima madeni ve ka\u011f\u0131t para f\u00f6ylerine de uyumludur! Klas\u00f6r d\u0131\u015ftan [&hellip;]<\/p>\n","protected":false},"featured_media":3123,"comment_status":"open","ping_status":"closed","template":"","meta":[],"product_brand":[],"product_cat":[163],"product_tag":[],"class_list":{"0":"post-3122","1":"product","2":"type-product","3":"status-publish","4":"has-post-thumbnail","6":"product_cat-importa-klasorler","7":"product_shipping_class-355","9":"first","10":"instock","11":"taxable","12":"shipping-taxable","13":"purchasable","14":"product-type-simple"},"_links":{"self":[{"href":"https:\/\/www.banknotcu.com\/en\/wp-json\/wp\/v2\/product\/3122","targetHints":{"allow":["GET"]}}],"collection":[{"href":"https:\/\/www.banknotcu.com\/en\/wp-json\/wp\/v2\/product"}],"about":[{"href":"https:\/\/www.banknotcu.com\/en\/wp-json\/wp\/v2\/types\/product"}],"replies":[{"embeddable":true,"href":"https:\/\/www.banknotcu.com\/en\/wp-json\/wp\/v2\/comments?post=3122"}],"wp:featuredmedia":[{"embeddable":true,"href":"https:\/\/www.banknotcu.com\/en\/wp-json\/wp\/v2\/media\/3123"}],"wp:attachment":[{"href":"https:\/\/www.banknotcu.com\/en\/wp-json\/wp\/v2\/media?parent=3122"}],"wp:term":[{"taxonomy":"product_brand","embeddable":true,"href":"https:\/\/www.banknotcu.com\/en\/wp-json\/wp\/v2\/product_brand?post=3122"},{"taxonomy":"product_cat","embeddable":true,"href":"https:\/\/www.banknotcu.com\/en\/wp-json\/wp\/v2\/product_cat?post=3122"},{"taxonomy":"product_tag","embeddable":true,"href":"https:\/\/www.banknotcu.com\/en\/wp-json\/wp\/v2\/product_tag?post=3122"}],"curies":[{"name":"wp","href":"https:\/\/api.w.org\/{rel}","templated":true}]}}