{"id":3120,"date":"2022-08-31T18:31:12","date_gmt":"2022-08-31T18:31:12","guid":{"rendered":"http:\/\/www.banknotcu.com\/?post_type=product&#038;p=3120"},"modified":"2026-03-16T17:38:16","modified_gmt":"2026-03-16T14:38:16","slug":"madeni-para-kapamalari-klasoru-mh-20-kilifli","status":"publish","type":"product","link":"https:\/\/www.banknotcu.com\/en\/magaza\/madeni-para-kapamalari-klasoru-mh-20-kilifli\/","title":{"rendered":"Madeni Para Kapamalar\u0131 Klas\u00f6r\u00fc: MH 20 K\u0131l\u0131fl\u0131"},"content":{"rendered":"<p>28,0 x 31,5 cm. Boyutlar\u0131ndad\u0131r, her yapra\u011f\u0131 20 adet 50&#215;50 mm kapama al\u0131r.<\/p>\n<p>\u0130mporta (Hollanda) mal\u0131d\u0131r.<\/p>\n<p>\u0130\u00e7inde 5 yaprak (50&#215;50 mm kapamalar i\u00e7in) mevcuttur.<\/p>\n<p>Bu klas\u00f6re ayr\u0131ca 66&#215;66 mm b\u00fcy\u00fck kapama yapraklar\u0131 da uyar.<\/p>\n<p>(66&#215;66 mm kapamalar ve yapraklar\u0131 sat\u0131\u015f listemizde mevcuttur)<\/p>\n<p>Ye\u015fil, siyah ve k\u0131rm\u0131z\u0131 renklerde mevcuttur. Sat\u0131n al\u0131rken istedi\u011finiz rengi belirtiniz.\u00a0Renk tercihleriniz stoklar elverdi\u011fince kar\u015f\u0131lanacakt\u0131r.<\/p>\n<p>Ayr\u0131ca sat\u0131lan kasetli (K\u0131l\u0131fl\u0131) olarak da mevcuttur.<\/p>\n<p>Kasetli \u00fcr\u00fcn i\u00e7in di\u011fer sat\u0131\u015flar\u0131ma bak\u0131n\u0131z, veya mesajla sorunuz.<\/p>\n<p>Bu klas\u00f6rde kullan\u0131labilecek yedek yapraklar\u0131m\u0131z mevcuttur!<\/p>\n","protected":false},"excerpt":{"rendered":"<p>28,0 x 31,5 cm. Boyutlar\u0131ndad\u0131r, her yapra\u011f\u0131 20 adet 50&#215;50 mm kapama al\u0131r. \u0130mporta (Hollanda) mal\u0131d\u0131r. \u0130\u00e7inde 5 yaprak (50&#215;50 mm kapamalar i\u00e7in) mevcuttur. Bu klas\u00f6re ayr\u0131ca 66&#215;66 mm b\u00fcy\u00fck kapama yapraklar\u0131 da uyar. (66&#215;66 mm kapamalar ve yapraklar\u0131 sat\u0131\u015f listemizde mevcuttur) Ye\u015fil, siyah ve k\u0131rm\u0131z\u0131 renklerde mevcuttur. Sat\u0131n al\u0131rken istedi\u011finiz rengi belirtiniz.\u00a0Renk tercihleriniz stoklar [&hellip;]<\/p>\n","protected":false},"featured_media":3121,"comment_status":"open","ping_status":"closed","template":"","meta":[],"product_brand":[],"product_cat":[163],"product_tag":[],"class_list":{"0":"post-3120","1":"product","2":"type-product","3":"status-publish","4":"has-post-thumbnail","6":"product_cat-importa-klasorler","8":"first","9":"outofstock","10":"taxable","11":"shipping-taxable","12":"purchasable","13":"product-type-simple"},"_links":{"self":[{"href":"https:\/\/www.banknotcu.com\/en\/wp-json\/wp\/v2\/product\/3120","targetHints":{"allow":["GET"]}}],"collection":[{"href":"https:\/\/www.banknotcu.com\/en\/wp-json\/wp\/v2\/product"}],"about":[{"href":"https:\/\/www.banknotcu.com\/en\/wp-json\/wp\/v2\/types\/product"}],"replies":[{"embeddable":true,"href":"https:\/\/www.banknotcu.com\/en\/wp-json\/wp\/v2\/comments?post=3120"}],"wp:featuredmedia":[{"embeddable":true,"href":"https:\/\/www.banknotcu.com\/en\/wp-json\/wp\/v2\/media\/3121"}],"wp:attachment":[{"href":"https:\/\/www.banknotcu.com\/en\/wp-json\/wp\/v2\/media?parent=3120"}],"wp:term":[{"taxonomy":"product_brand","embeddable":true,"href":"https:\/\/www.banknotcu.com\/en\/wp-json\/wp\/v2\/product_brand?post=3120"},{"taxonomy":"product_cat","embeddable":true,"href":"https:\/\/www.banknotcu.com\/en\/wp-json\/wp\/v2\/product_cat?post=3120"},{"taxonomy":"product_tag","embeddable":true,"href":"https:\/\/www.banknotcu.com\/en\/wp-json\/wp\/v2\/product_tag?post=3120"}],"curies":[{"name":"wp","href":"https:\/\/api.w.org\/{rel}","templated":true}]}}