{"id":3101,"date":"2022-08-31T17:59:27","date_gmt":"2022-08-31T17:59:27","guid":{"rendered":"https:\/\/www.banknotcu.com\/?post_type=product&#038;p=3101"},"modified":"2024-01-31T12:34:04","modified_gmt":"2024-01-31T12:34:04","slug":"grande-klasor-metalik-gumus-kapakli-mukemmel-kalite","status":"publish","type":"product","link":"https:\/\/www.banknotcu.com\/en\/magaza\/grande-klasor-metalik-gumus-kapakli-mukemmel-kalite\/","title":{"rendered":"GRANDE Klas\u00f6r Metalik G\u00dcM\u00dc\u015e kapakl\u0131, M\u00fckemmel kalite !"},"content":{"rendered":"<p>YEN\u0130 \u00dcR\u00dcN!<\/p>\n<p>Grande f\u00f6yleri i\u00e7in uygun, kasetli GRANDE Metalik kapakl\u0131 klas\u00f6rlerdir.\u00a0 Kod: 361117<\/p>\n<p>Lighthouse (Leuchtturm) Alman mal\u0131d\u0131r. Yakla\u015f\u0131k 40 yaprak f\u00f6y al\u0131r.<\/p>\n<p>Renk istekleriniz stoklar elverdi\u011fince kar\u015f\u0131lanacakt\u0131r.<\/p>\n<p>Alt\u0131n, G\u00fcm\u00fc\u015f, Bronz metalik renkleri mevcuttur.<\/p>\n","protected":false},"excerpt":{"rendered":"<p>YEN\u0130 \u00dcR\u00dcN! Grande f\u00f6yleri i\u00e7in uygun, kasetli GRANDE Metalik kapakl\u0131 klas\u00f6rlerdir.\u00a0 Kod: 361117 Lighthouse (Leuchtturm) Alman mal\u0131d\u0131r. Yakla\u015f\u0131k 40 yaprak f\u00f6y al\u0131r. Renk istekleriniz stoklar elverdi\u011fince kar\u015f\u0131lanacakt\u0131r. Alt\u0131n, G\u00fcm\u00fc\u015f, Bronz metalik renkleri mevcuttur.<\/p>\n","protected":false},"featured_media":3098,"comment_status":"open","ping_status":"closed","template":"","meta":[],"product_brand":[],"product_cat":[275],"product_tag":[],"class_list":{"0":"post-3101","1":"product","2":"type-product","3":"status-publish","4":"has-post-thumbnail","6":"product_cat-grande-kp-klasorleri","8":"first","9":"instock","10":"taxable","11":"shipping-taxable","12":"purchasable","13":"product-type-simple"},"_links":{"self":[{"href":"https:\/\/www.banknotcu.com\/en\/wp-json\/wp\/v2\/product\/3101","targetHints":{"allow":["GET"]}}],"collection":[{"href":"https:\/\/www.banknotcu.com\/en\/wp-json\/wp\/v2\/product"}],"about":[{"href":"https:\/\/www.banknotcu.com\/en\/wp-json\/wp\/v2\/types\/product"}],"replies":[{"embeddable":true,"href":"https:\/\/www.banknotcu.com\/en\/wp-json\/wp\/v2\/comments?post=3101"}],"wp:featuredmedia":[{"embeddable":true,"href":"https:\/\/www.banknotcu.com\/en\/wp-json\/wp\/v2\/media\/3098"}],"wp:attachment":[{"href":"https:\/\/www.banknotcu.com\/en\/wp-json\/wp\/v2\/media?parent=3101"}],"wp:term":[{"taxonomy":"product_brand","embeddable":true,"href":"https:\/\/www.banknotcu.com\/en\/wp-json\/wp\/v2\/product_brand?post=3101"},{"taxonomy":"product_cat","embeddable":true,"href":"https:\/\/www.banknotcu.com\/en\/wp-json\/wp\/v2\/product_cat?post=3101"},{"taxonomy":"product_tag","embeddable":true,"href":"https:\/\/www.banknotcu.com\/en\/wp-json\/wp\/v2\/product_tag?post=3101"}],"curies":[{"name":"wp","href":"https:\/\/api.w.org\/{rel}","templated":true}]}}