{"id":3093,"date":"2022-08-31T17:25:22","date_gmt":"2022-08-31T17:25:22","guid":{"rendered":"https:\/\/www.banknotcu.com\/?post_type=product&#038;p=3093"},"modified":"2024-08-24T17:14:04","modified_gmt":"2024-08-24T17:14:04","slug":"alman-leuchtturm-kalitesi-4-adetlik-teshir-sergileme-kutusu","status":"publish","type":"product","link":"https:\/\/www.banknotcu.com\/en\/magaza\/alman-leuchtturm-kalitesi-4-adetlik-teshir-sergileme-kutusu\/","title":{"rendered":"Alman Leuchtturm kalitesi, 4 adetlik te\u015fhir-sergileme kutusu"},"content":{"rendered":"<p>AIRBOX Te\u015fhir kutusu,<\/p>\n<p>4 adet Quadrum kutu alan, Siyah kapakl\u0131, i\u00e7 k\u0131sm\u0131 siyah ince kadife kapl\u0131<\/p>\n<p>Leuchtturm kalitesi, Kod 347318<\/p>\n<p>Boyutlar: \u00a0\u00a0 242 mm boy, 70 mm en, 20 mm y\u00fckseklik<\/p>\n<p>M\u0131knat\u0131sl\u0131 kapak<\/p>\n","protected":false},"excerpt":{"rendered":"<p>AIRBOX Te\u015fhir kutusu, 4 adet Quadrum kutu alan, Siyah kapakl\u0131, i\u00e7 k\u0131sm\u0131 siyah ince kadife kapl\u0131 Leuchtturm kalitesi, Kod 347318 Boyutlar: \u00a0\u00a0 242 mm boy, 70 mm en, 20 mm y\u00fckseklik M\u0131knat\u0131sl\u0131 kapak<\/p>\n","protected":false},"featured_media":3094,"comment_status":"open","ping_status":"closed","template":"","meta":[],"product_brand":[],"product_cat":[287],"product_tag":[],"class_list":{"0":"post-3093","1":"product","2":"type-product","3":"status-publish","4":"has-post-thumbnail","6":"product_cat-sergileme-ve-teshir-malzemeleri","8":"first","9":"outofstock","10":"taxable","11":"shipping-taxable","12":"purchasable","13":"product-type-simple"},"_links":{"self":[{"href":"https:\/\/www.banknotcu.com\/en\/wp-json\/wp\/v2\/product\/3093","targetHints":{"allow":["GET"]}}],"collection":[{"href":"https:\/\/www.banknotcu.com\/en\/wp-json\/wp\/v2\/product"}],"about":[{"href":"https:\/\/www.banknotcu.com\/en\/wp-json\/wp\/v2\/types\/product"}],"replies":[{"embeddable":true,"href":"https:\/\/www.banknotcu.com\/en\/wp-json\/wp\/v2\/comments?post=3093"}],"wp:featuredmedia":[{"embeddable":true,"href":"https:\/\/www.banknotcu.com\/en\/wp-json\/wp\/v2\/media\/3094"}],"wp:attachment":[{"href":"https:\/\/www.banknotcu.com\/en\/wp-json\/wp\/v2\/media?parent=3093"}],"wp:term":[{"taxonomy":"product_brand","embeddable":true,"href":"https:\/\/www.banknotcu.com\/en\/wp-json\/wp\/v2\/product_brand?post=3093"},{"taxonomy":"product_cat","embeddable":true,"href":"https:\/\/www.banknotcu.com\/en\/wp-json\/wp\/v2\/product_cat?post=3093"},{"taxonomy":"product_tag","embeddable":true,"href":"https:\/\/www.banknotcu.com\/en\/wp-json\/wp\/v2\/product_tag?post=3093"}],"curies":[{"name":"wp","href":"https:\/\/api.w.org\/{rel}","templated":true}]}}