{"id":3082,"date":"2022-08-28T19:39:28","date_gmt":"2022-08-28T19:39:28","guid":{"rendered":"https:\/\/www.banknotcu.com\/?post_type=product&#038;p=3082"},"modified":"2026-05-11T13:23:23","modified_gmt":"2026-05-11T10:23:23","slug":"leuchtturm-deluxe-pul-defteri-siyah-zemin-64-sayfa-kirmizi-mavi-yesil-3-renk","status":"publish","type":"product","link":"https:\/\/www.banknotcu.com\/en\/magaza\/leuchtturm-deluxe-pul-defteri-siyah-zemin-64-sayfa-kirmizi-mavi-yesil-3-renk\/","title":{"rendered":"Leuchtturm DELUXE Pul Defteri, Siyah zemin, 64 sayfa, K\u0131rm\u0131z\u0131, mavi, ye\u015fil 3 renk"},"content":{"rendered":"<p>Leuchtturm DELUXE A4 Pul\u00a0Defteri<\/p>\n<p>LAZAR (KERTENKELE DER\u0130S\u0130)<\/p>\n<p>G\u00d6R\u00dcN\u00dcML\u00dc KAPAKLAR<\/p>\n<p>32 Yaprak, 64 sayfa, siyah zemin, her sayfada 9 s\u0131ra \u015feffaf bant, pergamin ayra\u00e7lar<\/p>\n<p>Defter\u00a0boyutlar\u0131 yakla\u015f\u0131k 23 cm en,\u00a031 cm boy<\/p>\n<p>3 renk \u00e7e\u015fidi: Mavi &#8211; K\u0131rm\u0131z\u0131-Ye\u015fil (Stok durumuna g\u00f6re de\u011fi\u015febilir) Kodlar\u0131: 341941, 341943, 341942<\/p>\n<p>* Bilinen Leuchtturm \/ Lighthouse kalitesi!<\/p>\n<p>* Resimde g\u00f6sterildi\u011fi gibi<\/p>\n<p>* Renkler: Mavi, k\u0131rm\u0131z\u0131 veye\u015fil. Renk tercihiniz varsa mesajla belirtiniz. \u00a0\u0130stedi\u011finiz renkler stoklar\u0131m\u0131zda varsa g\u00f6nderilecektir.<\/p>\n<p>Renk tercihinizi l\u00fctfen mesajla bildiriniz<\/p>\n","protected":false},"excerpt":{"rendered":"<p>Leuchtturm DELUXE A4 Pul\u00a0Defteri LAZAR (KERTENKELE DER\u0130S\u0130) G\u00d6R\u00dcN\u00dcML\u00dc KAPAKLAR 32 Yaprak, 64 sayfa, siyah zemin, her sayfada 9 s\u0131ra \u015feffaf bant, pergamin ayra\u00e7lar Defter\u00a0boyutlar\u0131 yakla\u015f\u0131k 23 cm en,\u00a031 cm boy 3 renk \u00e7e\u015fidi: Mavi &#8211; K\u0131rm\u0131z\u0131-Ye\u015fil (Stok durumuna g\u00f6re de\u011fi\u015febilir) Kodlar\u0131: 341941, 341943, 341942 * Bilinen Leuchtturm \/ Lighthouse kalitesi! * Resimde g\u00f6sterildi\u011fi gibi * [&hellip;]<\/p>\n","protected":false},"featured_media":3083,"comment_status":"open","ping_status":"closed","template":"","meta":[],"product_brand":[],"product_cat":[138],"product_tag":[],"class_list":{"0":"post-3082","1":"product","2":"type-product","3":"status-publish","4":"has-post-thumbnail","6":"product_cat-siyah-zemin-pul-defterleri","8":"first","9":"instock","10":"taxable","11":"shipping-taxable","12":"purchasable","13":"product-type-simple"},"_links":{"self":[{"href":"https:\/\/www.banknotcu.com\/en\/wp-json\/wp\/v2\/product\/3082","targetHints":{"allow":["GET"]}}],"collection":[{"href":"https:\/\/www.banknotcu.com\/en\/wp-json\/wp\/v2\/product"}],"about":[{"href":"https:\/\/www.banknotcu.com\/en\/wp-json\/wp\/v2\/types\/product"}],"replies":[{"embeddable":true,"href":"https:\/\/www.banknotcu.com\/en\/wp-json\/wp\/v2\/comments?post=3082"}],"wp:featuredmedia":[{"embeddable":true,"href":"https:\/\/www.banknotcu.com\/en\/wp-json\/wp\/v2\/media\/3083"}],"wp:attachment":[{"href":"https:\/\/www.banknotcu.com\/en\/wp-json\/wp\/v2\/media?parent=3082"}],"wp:term":[{"taxonomy":"product_brand","embeddable":true,"href":"https:\/\/www.banknotcu.com\/en\/wp-json\/wp\/v2\/product_brand?post=3082"},{"taxonomy":"product_cat","embeddable":true,"href":"https:\/\/www.banknotcu.com\/en\/wp-json\/wp\/v2\/product_cat?post=3082"},{"taxonomy":"product_tag","embeddable":true,"href":"https:\/\/www.banknotcu.com\/en\/wp-json\/wp\/v2\/product_tag?post=3082"}],"curies":[{"name":"wp","href":"https:\/\/api.w.org\/{rel}","templated":true}]}}