{"id":3075,"date":"2022-08-28T19:32:51","date_gmt":"2022-08-28T19:32:51","guid":{"rendered":"https:\/\/www.banknotcu.com\/?post_type=product&#038;p=3075"},"modified":"2025-12-09T11:09:17","modified_gmt":"2025-12-09T08:09:17","slug":"gumus-rengi-optima-classic-klasor-mukemmel-kalite-yeni-urun","status":"publish","type":"product","link":"https:\/\/www.banknotcu.com\/en\/magaza\/gumus-rengi-optima-classic-klasor-mukemmel-kalite-yeni-urun\/","title":{"rendered":"G\u00dcM\u00dc\u015e rengi Optima Classic Klas\u00f6r, M\u00fckemmel kalite ! Yeni \u00fcr\u00fcn!"},"content":{"rendered":"<p>METAL\u0130K RENKLERDE YEN\u0130 SER\u0130<\/p>\n<p>Optima ka\u011f\u0131t veya madeni para saklama f\u00f6yleri i\u00e7in uygun, kasetli Optima Classic klas\u00f6rleridir.<\/p>\n<p>Lighthouse (Leuchtturm) Alman mal\u0131d\u0131r. Yakla\u015f\u0131k 50 yaprak al\u0131r.<\/p>\n","protected":false},"excerpt":{"rendered":"<p>METAL\u0130K RENKLERDE YEN\u0130 SER\u0130 Optima ka\u011f\u0131t veya madeni para saklama f\u00f6yleri i\u00e7in uygun, kasetli Optima Classic klas\u00f6rleridir. Lighthouse (Leuchtturm) Alman mal\u0131d\u0131r. Yakla\u015f\u0131k 50 yaprak al\u0131r.<\/p>\n","protected":false},"featured_media":3073,"comment_status":"open","ping_status":"closed","template":"","meta":[],"product_brand":[],"product_cat":[260],"product_tag":[],"class_list":{"0":"post-3075","1":"product","2":"type-product","3":"status-publish","4":"has-post-thumbnail","6":"product_cat-optima-kp-klasor","8":"first","9":"instock","10":"sale","11":"taxable","12":"shipping-taxable","13":"purchasable","14":"product-type-simple"},"_links":{"self":[{"href":"https:\/\/www.banknotcu.com\/en\/wp-json\/wp\/v2\/product\/3075","targetHints":{"allow":["GET"]}}],"collection":[{"href":"https:\/\/www.banknotcu.com\/en\/wp-json\/wp\/v2\/product"}],"about":[{"href":"https:\/\/www.banknotcu.com\/en\/wp-json\/wp\/v2\/types\/product"}],"replies":[{"embeddable":true,"href":"https:\/\/www.banknotcu.com\/en\/wp-json\/wp\/v2\/comments?post=3075"}],"wp:featuredmedia":[{"embeddable":true,"href":"https:\/\/www.banknotcu.com\/en\/wp-json\/wp\/v2\/media\/3073"}],"wp:attachment":[{"href":"https:\/\/www.banknotcu.com\/en\/wp-json\/wp\/v2\/media?parent=3075"}],"wp:term":[{"taxonomy":"product_brand","embeddable":true,"href":"https:\/\/www.banknotcu.com\/en\/wp-json\/wp\/v2\/product_brand?post=3075"},{"taxonomy":"product_cat","embeddable":true,"href":"https:\/\/www.banknotcu.com\/en\/wp-json\/wp\/v2\/product_cat?post=3075"},{"taxonomy":"product_tag","embeddable":true,"href":"https:\/\/www.banknotcu.com\/en\/wp-json\/wp\/v2\/product_tag?post=3075"}],"curies":[{"name":"wp","href":"https:\/\/api.w.org\/{rel}","templated":true}]}}