{"id":3031,"date":"2022-08-28T18:12:39","date_gmt":"2022-08-28T18:12:39","guid":{"rendered":"https:\/\/www.banknotcu.com\/?post_type=product&#038;p=3031"},"modified":"2024-04-09T11:35:42","modified_gmt":"2024-04-09T11:35:42","slug":"madeni-para-albumu-12-yaprak-yerli-uretim-kapama-gerektirmez-372-adet-kapakli-cep","status":"publish","type":"product","link":"https:\/\/www.banknotcu.com\/en\/magaza\/madeni-para-albumu-12-yaprak-yerli-uretim-kapama-gerektirmez-372-adet-kapakli-cep\/","title":{"rendered":"Madeni Para Alb\u00fcm\u00fc, 12 yaprak, Yerli \u00fcretim, kapama gerektirmez, 372 adet kapakl\u0131 cep"},"content":{"rendered":"<p>YEN\u0130 \u00dcR\u00dcN!<\/p>\n<p>Defter 21 cm x 26,5 cm boyutundad\u0131r. 6 yapra\u011f\u0131 20 cepli, 6 yapra\u011f\u0131 42 cepli olmak \u00fczere toplam 12 yaprakt\u0131r.<\/p>\n<p>372 adet madeni para kapasitelidir.<\/p>\n","protected":false},"excerpt":{"rendered":"<p>YEN\u0130 \u00dcR\u00dcN! Defter 21 cm x 26,5 cm boyutundad\u0131r. 6 yapra\u011f\u0131 20 cepli, 6 yapra\u011f\u0131 42 cepli olmak \u00fczere toplam 12 yaprakt\u0131r. 372 adet madeni para kapasitelidir.<\/p>\n","protected":false},"featured_media":3032,"comment_status":"open","ping_status":"closed","template":"","meta":[],"product_brand":[],"product_cat":[164],"product_tag":[],"class_list":{"0":"post-3031","1":"product","2":"type-product","3":"status-publish","4":"has-post-thumbnail","6":"product_cat-yerli-klasorler","8":"first","9":"outofstock","10":"taxable","11":"shipping-taxable","12":"purchasable","13":"product-type-simple"},"_links":{"self":[{"href":"https:\/\/www.banknotcu.com\/en\/wp-json\/wp\/v2\/product\/3031","targetHints":{"allow":["GET"]}}],"collection":[{"href":"https:\/\/www.banknotcu.com\/en\/wp-json\/wp\/v2\/product"}],"about":[{"href":"https:\/\/www.banknotcu.com\/en\/wp-json\/wp\/v2\/types\/product"}],"replies":[{"embeddable":true,"href":"https:\/\/www.banknotcu.com\/en\/wp-json\/wp\/v2\/comments?post=3031"}],"wp:featuredmedia":[{"embeddable":true,"href":"https:\/\/www.banknotcu.com\/en\/wp-json\/wp\/v2\/media\/3032"}],"wp:attachment":[{"href":"https:\/\/www.banknotcu.com\/en\/wp-json\/wp\/v2\/media?parent=3031"}],"wp:term":[{"taxonomy":"product_brand","embeddable":true,"href":"https:\/\/www.banknotcu.com\/en\/wp-json\/wp\/v2\/product_brand?post=3031"},{"taxonomy":"product_cat","embeddable":true,"href":"https:\/\/www.banknotcu.com\/en\/wp-json\/wp\/v2\/product_cat?post=3031"},{"taxonomy":"product_tag","embeddable":true,"href":"https:\/\/www.banknotcu.com\/en\/wp-json\/wp\/v2\/product_tag?post=3031"}],"curies":[{"name":"wp","href":"https:\/\/api.w.org\/{rel}","templated":true}]}}