{"id":3027,"date":"2022-08-28T18:06:46","date_gmt":"2022-08-28T18:06:46","guid":{"rendered":"https:\/\/www.banknotcu.com\/?post_type=product&#038;p=3027"},"modified":"2022-08-28T18:06:46","modified_gmt":"2022-08-28T18:06:46","slug":"yerli-uretim-10-yaprak-kucuk-boy-kapama-foy-yapraklari-optima-mh-12-munten-icin","status":"publish","type":"product","link":"https:\/\/www.banknotcu.com\/en\/magaza\/yerli-uretim-10-yaprak-kucuk-boy-kapama-foy-yapraklari-optima-mh-12-munten-icin\/","title":{"rendered":"YERL\u0130 \u00dcRET\u0130M, 10 Yaprak, k\u00fc\u00e7\u00fck boy kapama f\u00f6y yapraklar\u0131, Optima, MH 12, Munten i\u00e7in"},"content":{"rendered":"<p>Her yapra\u011f\u0131 12 adet 5&#215;5 cm kapama al\u0131r.<\/p>\n<p>OPT\u0130MA, MH 12, Munten tipi KLAS\u00d6RLERE UYAR<\/p>\n<p>Yerli \u00fcretimdir. 1 pakette 10 yaprak mevcuttur.<\/p>\n","protected":false},"excerpt":{"rendered":"<p>Her yapra\u011f\u0131 12 adet 5&#215;5 cm kapama al\u0131r. OPT\u0130MA, MH 12, Munten tipi KLAS\u00d6RLERE UYAR Yerli \u00fcretimdir. 1 pakette 10 yaprak mevcuttur.<\/p>\n","protected":false},"featured_media":3028,"comment_status":"open","ping_status":"closed","template":"","meta":[],"product_brand":[],"product_cat":[166],"product_tag":[],"class_list":{"0":"post-3027","1":"product","2":"type-product","3":"status-publish","4":"has-post-thumbnail","6":"product_cat-optima-foyler","8":"first","9":"instock","10":"taxable","11":"shipping-taxable","12":"purchasable","13":"product-type-simple"},"_links":{"self":[{"href":"https:\/\/www.banknotcu.com\/en\/wp-json\/wp\/v2\/product\/3027","targetHints":{"allow":["GET"]}}],"collection":[{"href":"https:\/\/www.banknotcu.com\/en\/wp-json\/wp\/v2\/product"}],"about":[{"href":"https:\/\/www.banknotcu.com\/en\/wp-json\/wp\/v2\/types\/product"}],"replies":[{"embeddable":true,"href":"https:\/\/www.banknotcu.com\/en\/wp-json\/wp\/v2\/comments?post=3027"}],"wp:featuredmedia":[{"embeddable":true,"href":"https:\/\/www.banknotcu.com\/en\/wp-json\/wp\/v2\/media\/3028"}],"wp:attachment":[{"href":"https:\/\/www.banknotcu.com\/en\/wp-json\/wp\/v2\/media?parent=3027"}],"wp:term":[{"taxonomy":"product_brand","embeddable":true,"href":"https:\/\/www.banknotcu.com\/en\/wp-json\/wp\/v2\/product_brand?post=3027"},{"taxonomy":"product_cat","embeddable":true,"href":"https:\/\/www.banknotcu.com\/en\/wp-json\/wp\/v2\/product_cat?post=3027"},{"taxonomy":"product_tag","embeddable":true,"href":"https:\/\/www.banknotcu.com\/en\/wp-json\/wp\/v2\/product_tag?post=3027"}],"curies":[{"name":"wp","href":"https:\/\/api.w.org\/{rel}","templated":true}]}}