{"id":3008,"date":"2022-08-28T17:26:27","date_gmt":"2022-08-28T17:26:27","guid":{"rendered":"https:\/\/www.banknotcu.com\/?post_type=product&#038;p=3008"},"modified":"2023-05-05T11:42:57","modified_gmt":"2023-05-05T11:42:57","slug":"madeni-para-kapamalari-icin-bos-klasor-mh-12-kirmizi-mavi-renk-optima-foylere-uygun","status":"publish","type":"product","link":"https:\/\/www.banknotcu.com\/en\/magaza\/madeni-para-kapamalari-icin-bos-klasor-mh-12-kirmizi-mavi-renk-optima-foylere-uygun\/","title":{"rendered":"Madeni Para Kapamalar\u0131 i\u00e7in BO\u015e Klas\u00f6r MH 12 KIRMIZI, MAV\u0130 renk, OPT\u0130MA f\u00f6ylere uygun"},"content":{"rendered":"<p>24,0 x 27,5 cm. boyunda, her yapra\u011f\u0131 12 adet 5&#215;5 cm kapama al\u0131r.<\/p>\n<p>\u0130mporta (Hollanda) mal\u0131d\u0131r.<\/p>\n<p>Bu \u00fcr\u00fcnde klas\u00f6r i\u00e7inde kapama yapra\u011f\u0131 yoktur.<\/p>\n<p>Kaset (K\u0131l\u0131f) yoktur! Yumu\u015fak dolgu kapakl\u0131d\u0131r.<\/p>\n<p>Dikkat: Bu klas\u00f6r Optima madeni ve ka\u011f\u0131t para f\u00f6ylerine de uyumludur!<\/p>\n<p>K\u0131rm\u0131z\u0131 ve mavi renkte mevcuttur.<\/p>\n<p>Sat\u0131n al\u0131rken istedi\u011finiz rengi belirtiniz.\u00a0Renk tercihleriniz stoklar elverdi\u011fince kar\u015f\u0131lanacakt\u0131r.<\/p>\n<p>Ayr\u0131ca sat\u0131lan kaseti (K\u0131l\u0131f\u0131) da mevcuttur. Kasetli \u00fcr\u00fcn i\u00e7in di\u011fer sat\u0131\u015flar\u0131ma bak\u0131n\u0131z, veya mesajla sorunuz.<\/p>\n<p>Bu klas\u00f6rde kullan\u0131labilecek yedek kapama ve madeni para yapraklar\u0131m\u0131z da mevcuttur!<\/p>\n","protected":false},"excerpt":{"rendered":"<p>24,0 x 27,5 cm. boyunda, her yapra\u011f\u0131 12 adet 5&#215;5 cm kapama al\u0131r. \u0130mporta (Hollanda) mal\u0131d\u0131r. Bu \u00fcr\u00fcnde klas\u00f6r i\u00e7inde kapama yapra\u011f\u0131 yoktur. Kaset (K\u0131l\u0131f) yoktur! Yumu\u015fak dolgu kapakl\u0131d\u0131r. Dikkat: Bu klas\u00f6r Optima madeni ve ka\u011f\u0131t para f\u00f6ylerine de uyumludur! K\u0131rm\u0131z\u0131 ve mavi renkte mevcuttur. Sat\u0131n al\u0131rken istedi\u011finiz rengi belirtiniz.\u00a0Renk tercihleriniz stoklar elverdi\u011fince kar\u015f\u0131lanacakt\u0131r. Ayr\u0131ca [&hellip;]<\/p>\n","protected":false},"featured_media":3009,"comment_status":"open","ping_status":"closed","template":"","meta":[],"product_brand":[],"product_cat":[166],"product_tag":[],"class_list":{"0":"post-3008","1":"product","2":"type-product","3":"status-publish","4":"has-post-thumbnail","6":"product_cat-optima-foyler","8":"first","9":"instock","10":"taxable","11":"shipping-taxable","12":"purchasable","13":"product-type-simple"},"_links":{"self":[{"href":"https:\/\/www.banknotcu.com\/en\/wp-json\/wp\/v2\/product\/3008","targetHints":{"allow":["GET"]}}],"collection":[{"href":"https:\/\/www.banknotcu.com\/en\/wp-json\/wp\/v2\/product"}],"about":[{"href":"https:\/\/www.banknotcu.com\/en\/wp-json\/wp\/v2\/types\/product"}],"replies":[{"embeddable":true,"href":"https:\/\/www.banknotcu.com\/en\/wp-json\/wp\/v2\/comments?post=3008"}],"wp:featuredmedia":[{"embeddable":true,"href":"https:\/\/www.banknotcu.com\/en\/wp-json\/wp\/v2\/media\/3009"}],"wp:attachment":[{"href":"https:\/\/www.banknotcu.com\/en\/wp-json\/wp\/v2\/media?parent=3008"}],"wp:term":[{"taxonomy":"product_brand","embeddable":true,"href":"https:\/\/www.banknotcu.com\/en\/wp-json\/wp\/v2\/product_brand?post=3008"},{"taxonomy":"product_cat","embeddable":true,"href":"https:\/\/www.banknotcu.com\/en\/wp-json\/wp\/v2\/product_cat?post=3008"},{"taxonomy":"product_tag","embeddable":true,"href":"https:\/\/www.banknotcu.com\/en\/wp-json\/wp\/v2\/product_tag?post=3008"}],"curies":[{"name":"wp","href":"https:\/\/api.w.org\/{rel}","templated":true}]}}