{"id":3004,"date":"2022-08-28T17:17:15","date_gmt":"2022-08-28T17:17:15","guid":{"rendered":"https:\/\/www.banknotcu.com\/?post_type=product&#038;p=3004"},"modified":"2022-08-28T17:17:15","modified_gmt":"2022-08-28T17:17:15","slug":"yerli-uretim-10-yaprak-20-gozlu-buyuk-boy-kapama-foy-yapraklari-mh-20-grande-klasorlere-uyumlu","status":"publish","type":"product","link":"https:\/\/www.banknotcu.com\/en\/magaza\/yerli-uretim-10-yaprak-20-gozlu-buyuk-boy-kapama-foy-yapraklari-mh-20-grande-klasorlere-uyumlu\/","title":{"rendered":"YERL\u0130 \u00dcRET\u0130M, 10 Yaprak, 20 G\u00d6ZL\u00dc, b\u00fcy\u00fck boy kapama f\u00f6y yapraklar\u0131, MH 20, Grande klas\u00f6rlere uyumlu"},"content":{"rendered":"<p>Her yapra\u011f\u0131 20 adet 5&#215;5 cm kapama al\u0131r.<\/p>\n<p>GRANDE, MH 2O\u00a0 G\u0130B\u0130 KLAS\u00d6RLERE UYAR<\/p>\n<p>Yerli \u00fcretimdir. 1 pakette 10 yaprak mevcuttur.<\/p>\n","protected":false},"excerpt":{"rendered":"<p>Her yapra\u011f\u0131 20 adet 5&#215;5 cm kapama al\u0131r. GRANDE, MH 2O\u00a0 G\u0130B\u0130 KLAS\u00d6RLERE UYAR Yerli \u00fcretimdir. 1 pakette 10 yaprak mevcuttur.<\/p>\n","protected":false},"featured_media":3005,"comment_status":"open","ping_status":"closed","template":"","meta":[],"product_brand":[],"product_cat":[168,170],"product_tag":[],"class_list":{"0":"post-3004","1":"product","2":"type-product","3":"status-publish","4":"has-post-thumbnail","6":"product_cat-grande-foyler","7":"product_cat-yerli-foyler","9":"first","10":"instock","11":"taxable","12":"shipping-taxable","13":"purchasable","14":"product-type-simple"},"_links":{"self":[{"href":"https:\/\/www.banknotcu.com\/en\/wp-json\/wp\/v2\/product\/3004","targetHints":{"allow":["GET"]}}],"collection":[{"href":"https:\/\/www.banknotcu.com\/en\/wp-json\/wp\/v2\/product"}],"about":[{"href":"https:\/\/www.banknotcu.com\/en\/wp-json\/wp\/v2\/types\/product"}],"replies":[{"embeddable":true,"href":"https:\/\/www.banknotcu.com\/en\/wp-json\/wp\/v2\/comments?post=3004"}],"wp:featuredmedia":[{"embeddable":true,"href":"https:\/\/www.banknotcu.com\/en\/wp-json\/wp\/v2\/media\/3005"}],"wp:attachment":[{"href":"https:\/\/www.banknotcu.com\/en\/wp-json\/wp\/v2\/media?parent=3004"}],"wp:term":[{"taxonomy":"product_brand","embeddable":true,"href":"https:\/\/www.banknotcu.com\/en\/wp-json\/wp\/v2\/product_brand?post=3004"},{"taxonomy":"product_cat","embeddable":true,"href":"https:\/\/www.banknotcu.com\/en\/wp-json\/wp\/v2\/product_cat?post=3004"},{"taxonomy":"product_tag","embeddable":true,"href":"https:\/\/www.banknotcu.com\/en\/wp-json\/wp\/v2\/product_tag?post=3004"}],"curies":[{"name":"wp","href":"https:\/\/api.w.org\/{rel}","templated":true}]}}