{"id":2994,"date":"2022-08-28T16:58:10","date_gmt":"2022-08-28T16:58:10","guid":{"rendered":"https:\/\/www.banknotcu.com\/?post_type=product&#038;p=2994"},"modified":"2025-04-22T14:42:46","modified_gmt":"2025-04-22T11:42:46","slug":"premium-pul-defteri-siyah-zemin-64-s-mavi-kapak-kilifsiz-kargosuz","status":"publish","type":"product","link":"https:\/\/www.banknotcu.com\/en\/magaza\/premium-pul-defteri-siyah-zemin-64-s-mavi-kapak-kilifsiz-kargosuz\/","title":{"rendered":"PREMIUM Pul Defteri, Siyah zemin, 64 s. MAV\u0130 kapak, KILIFSIZ"},"content":{"rendered":"<p>Leuchtturm PREMIUM<\/p>\n<p>64 siyah zemin sayfa,<\/p>\n<p>KARGO SATICIDAN!<\/p>\n<p>A4 Pul\u00a0Defteri,<\/p>\n<p>MAV\u0130 KAPAKLI<\/p>\n<p>32 Yaprak, 64 sayfa, siyah zemin,<\/p>\n<p>Her sayfada 9 s\u0131ra \u015feffaf bant,<\/p>\n<p>\u015eEFFAF ay\u0131r\u0131c\u0131 yapraklar, PIRIL PIRIL G\u00d6R\u00dcN\u00dcM<\/p>\n<p>Defter\u00a0boyutlar\u0131 yakla\u015f\u0131k 23 cm en,\u00a031 cm boy 3<\/p>\n<p>renk \u00e7e\u015fidi: Mavi &#8211; K\u0131rm\u0131z\u0131 &#8211; Ye\u015fil (<\/p>\n<p>Stok durumuna g\u00f6re)<\/p>\n<p>* Bilinen Leuchtturm \/ Lighthouse kalitesi!<\/p>\n<p>* Resimde g\u00f6sterildi\u011fi gibi<\/p>\n","protected":false},"excerpt":{"rendered":"<p>Leuchtturm PREMIUM 64 siyah zemin sayfa, KARGO SATICIDAN! A4 Pul\u00a0Defteri, MAV\u0130 KAPAKLI 32 Yaprak, 64 sayfa, siyah zemin, Her sayfada 9 s\u0131ra \u015feffaf bant, \u015eEFFAF ay\u0131r\u0131c\u0131 yapraklar, PIRIL PIRIL G\u00d6R\u00dcN\u00dcM Defter\u00a0boyutlar\u0131 yakla\u015f\u0131k 23 cm en,\u00a031 cm boy 3 renk \u00e7e\u015fidi: Mavi &#8211; K\u0131rm\u0131z\u0131 &#8211; Ye\u015fil ( Stok durumuna g\u00f6re) * Bilinen Leuchtturm \/ Lighthouse kalitesi! [&hellip;]<\/p>\n","protected":false},"featured_media":2995,"comment_status":"open","ping_status":"closed","template":"","meta":[],"product_brand":[],"product_cat":[138],"product_tag":[],"class_list":{"0":"post-2994","1":"product","2":"type-product","3":"status-publish","4":"has-post-thumbnail","6":"product_cat-siyah-zemin-pul-defterleri","8":"first","9":"instock","10":"taxable","11":"shipping-taxable","12":"purchasable","13":"product-type-simple"},"_links":{"self":[{"href":"https:\/\/www.banknotcu.com\/en\/wp-json\/wp\/v2\/product\/2994","targetHints":{"allow":["GET"]}}],"collection":[{"href":"https:\/\/www.banknotcu.com\/en\/wp-json\/wp\/v2\/product"}],"about":[{"href":"https:\/\/www.banknotcu.com\/en\/wp-json\/wp\/v2\/types\/product"}],"replies":[{"embeddable":true,"href":"https:\/\/www.banknotcu.com\/en\/wp-json\/wp\/v2\/comments?post=2994"}],"wp:featuredmedia":[{"embeddable":true,"href":"https:\/\/www.banknotcu.com\/en\/wp-json\/wp\/v2\/media\/2995"}],"wp:attachment":[{"href":"https:\/\/www.banknotcu.com\/en\/wp-json\/wp\/v2\/media?parent=2994"}],"wp:term":[{"taxonomy":"product_brand","embeddable":true,"href":"https:\/\/www.banknotcu.com\/en\/wp-json\/wp\/v2\/product_brand?post=2994"},{"taxonomy":"product_cat","embeddable":true,"href":"https:\/\/www.banknotcu.com\/en\/wp-json\/wp\/v2\/product_cat?post=2994"},{"taxonomy":"product_tag","embeddable":true,"href":"https:\/\/www.banknotcu.com\/en\/wp-json\/wp\/v2\/product_tag?post=2994"}],"curies":[{"name":"wp","href":"https:\/\/api.w.org\/{rel}","templated":true}]}}