{"id":2950,"date":"2022-08-28T15:13:46","date_gmt":"2022-08-28T15:13:46","guid":{"rendered":"https:\/\/www.banknotcu.com\/?post_type=product&#038;p=2950"},"modified":"2025-01-20T14:27:26","modified_gmt":"2025-01-20T11:27:26","slug":"5-adet-optima-madeni-para-foyu-42-mm-para-capi-15-gozlu-kod-338032","status":"publish","type":"product","link":"https:\/\/www.banknotcu.com\/en\/magaza\/5-adet-optima-madeni-para-foyu-42-mm-para-capi-15-gozlu-kod-338032\/","title":{"rendered":"5 adet Optima madeni para f\u00f6y\u00fc, 42 mm para \u00e7ap\u0131, 15 g\u00f6zl\u00fc, Kod 338032"},"content":{"rendered":"<p>Leuchtturm\/Lighthouse Optima madeni para\u00a0f\u00f6yleri<\/p>\n<p>Kapamas\u0131z, para do\u011frudan f\u00f6ydeki \u00e7ekmeli b\u00f6lmeye\u00a0konur<\/p>\n<p>Orijinal A\u00e7\u0131lmam\u0131\u015f Ambalaj\u0131nda<\/p>\n<p>5 adet F\u00f6y \/ Sayfa<\/p>\n<p>M6\u00a0i\u00e7in para \u00e7ap\u0131: En fazla 65 mm! 1 yaprak 6 adet para al\u0131r.<\/p>\n<p>M15 \u00a0i\u00e7in para \u00e7ap\u0131 : En fazla 42\u00a0mm ! 1 yaprak 15 adet para al\u0131r.<\/p>\n<p>M24 \u00a0i\u00e7in para \u00e7ap\u0131 : En fazla 34\u00a0mm ! 1 yaprak 24 adet para al\u0131r.<\/p>\n<p>M35 \u00a0i\u00e7in para \u00e7ap\u0131 : En fazla 27\u00a0mm ! 1 yaprak 35 adet para al\u0131r.<\/p>\n<p>M40 \u00a0i\u00e7in para \u00e7ap\u0131 : En fazla 26\u00a0mm ! 1 yaprak 40 adet para al\u0131r.<\/p>\n<p>* Her pakette\u00a0asitsiz, madeni\u00a0saklamaya uygun, saydam,\u00a0m\u00fckemmel kalitede ve Optima veya MH 12 klas\u00f6rlerde kullan\u0131lmaya uygun 5 adet f\u00f6y bulunmaktad\u0131r.<\/p>\n<p>* D\u00fcnyaca me\u015fhur Leuchtturm firmas\u0131n\u0131n \u00fcr\u00fcnleridir.<\/p>\n","protected":false},"excerpt":{"rendered":"<p>Leuchtturm\/Lighthouse Optima madeni para\u00a0f\u00f6yleri Kapamas\u0131z, para do\u011frudan f\u00f6ydeki \u00e7ekmeli b\u00f6lmeye\u00a0konur Orijinal A\u00e7\u0131lmam\u0131\u015f Ambalaj\u0131nda 5 adet F\u00f6y \/ Sayfa M6\u00a0i\u00e7in para \u00e7ap\u0131: En fazla 65 mm! 1 yaprak 6 adet para al\u0131r. M15 \u00a0i\u00e7in para \u00e7ap\u0131 : En fazla 42\u00a0mm ! 1 yaprak 15 adet para al\u0131r. M24 \u00a0i\u00e7in para \u00e7ap\u0131 : En fazla 34\u00a0mm ! [&hellip;]<\/p>\n","protected":false},"featured_media":2951,"comment_status":"open","ping_status":"closed","template":"","meta":[],"product_brand":[],"product_cat":[166],"product_tag":[],"class_list":{"0":"post-2950","1":"product","2":"type-product","3":"status-publish","4":"has-post-thumbnail","6":"product_cat-optima-foyler","8":"first","9":"instock","10":"taxable","11":"shipping-taxable","12":"purchasable","13":"product-type-simple"},"_links":{"self":[{"href":"https:\/\/www.banknotcu.com\/en\/wp-json\/wp\/v2\/product\/2950","targetHints":{"allow":["GET"]}}],"collection":[{"href":"https:\/\/www.banknotcu.com\/en\/wp-json\/wp\/v2\/product"}],"about":[{"href":"https:\/\/www.banknotcu.com\/en\/wp-json\/wp\/v2\/types\/product"}],"replies":[{"embeddable":true,"href":"https:\/\/www.banknotcu.com\/en\/wp-json\/wp\/v2\/comments?post=2950"}],"wp:featuredmedia":[{"embeddable":true,"href":"https:\/\/www.banknotcu.com\/en\/wp-json\/wp\/v2\/media\/2951"}],"wp:attachment":[{"href":"https:\/\/www.banknotcu.com\/en\/wp-json\/wp\/v2\/media?parent=2950"}],"wp:term":[{"taxonomy":"product_brand","embeddable":true,"href":"https:\/\/www.banknotcu.com\/en\/wp-json\/wp\/v2\/product_brand?post=2950"},{"taxonomy":"product_cat","embeddable":true,"href":"https:\/\/www.banknotcu.com\/en\/wp-json\/wp\/v2\/product_cat?post=2950"},{"taxonomy":"product_tag","embeddable":true,"href":"https:\/\/www.banknotcu.com\/en\/wp-json\/wp\/v2\/product_tag?post=2950"}],"curies":[{"name":"wp","href":"https:\/\/api.w.org\/{rel}","templated":true}]}}