{"id":2942,"date":"2022-08-28T15:03:35","date_gmt":"2022-08-28T15:03:35","guid":{"rendered":"https:\/\/www.banknotcu.com\/?post_type=product&#038;p=2942"},"modified":"2025-06-02T15:31:14","modified_gmt":"2025-06-02T12:31:14","slug":"yeni-urun-madeni-para-albumu-kirmizi-renk-120-cepli","status":"publish","type":"product","link":"https:\/\/www.banknotcu.com\/en\/magaza\/yeni-urun-madeni-para-albumu-kirmizi-renk-120-cepli\/","title":{"rendered":"YEN\u0130 \u00dcR\u00dcN! Madeni para alb\u00fcm\u00fc, KIRMIZI RENK, 120 cepli"},"content":{"rendered":"<p class=\"desc\">Madeni para koleksiyonlar\u0131 i\u00e7in 11,5&#215;14,5 cm boyutunda 120 cepli defter. (Kapama kartonu gerektirmez)<\/p>\n<p class=\"desc\">KIRMIZI RENKL\u0130D\u0130R.<\/p>\n<p class=\"desc\">Tedav\u00fcldeki b\u00fct\u00fcn T\u00fcrk madeni paralar\u0131 i\u00e7in ideal (1 kuru\u015ftan 1 liraya kadar)<\/p>\n<p class=\"desc\">Cep boyu 30&#215;30 mm&#8217;dir.<\/p>\n","protected":false},"excerpt":{"rendered":"<p>Madeni para koleksiyonlar\u0131 i\u00e7in 11,5&#215;14,5 cm boyutunda 120 cepli defter. (Kapama kartonu gerektirmez) KIRMIZI RENKL\u0130D\u0130R. Tedav\u00fcldeki b\u00fct\u00fcn T\u00fcrk madeni paralar\u0131 i\u00e7in ideal (1 kuru\u015ftan 1 liraya kadar) Cep boyu 30&#215;30 mm&#8217;dir.<\/p>\n","protected":false},"featured_media":2943,"comment_status":"open","ping_status":"closed","template":"","meta":[],"product_brand":[],"product_cat":[291],"product_tag":[],"class_list":{"0":"post-2942","1":"product","2":"type-product","3":"status-publish","4":"has-post-thumbnail","6":"product_cat-madeni-para-albumleri","8":"first","9":"outofstock","10":"taxable","11":"shipping-taxable","12":"purchasable","13":"product-type-simple"},"_links":{"self":[{"href":"https:\/\/www.banknotcu.com\/en\/wp-json\/wp\/v2\/product\/2942","targetHints":{"allow":["GET"]}}],"collection":[{"href":"https:\/\/www.banknotcu.com\/en\/wp-json\/wp\/v2\/product"}],"about":[{"href":"https:\/\/www.banknotcu.com\/en\/wp-json\/wp\/v2\/types\/product"}],"replies":[{"embeddable":true,"href":"https:\/\/www.banknotcu.com\/en\/wp-json\/wp\/v2\/comments?post=2942"}],"wp:featuredmedia":[{"embeddable":true,"href":"https:\/\/www.banknotcu.com\/en\/wp-json\/wp\/v2\/media\/2943"}],"wp:attachment":[{"href":"https:\/\/www.banknotcu.com\/en\/wp-json\/wp\/v2\/media?parent=2942"}],"wp:term":[{"taxonomy":"product_brand","embeddable":true,"href":"https:\/\/www.banknotcu.com\/en\/wp-json\/wp\/v2\/product_brand?post=2942"},{"taxonomy":"product_cat","embeddable":true,"href":"https:\/\/www.banknotcu.com\/en\/wp-json\/wp\/v2\/product_cat?post=2942"},{"taxonomy":"product_tag","embeddable":true,"href":"https:\/\/www.banknotcu.com\/en\/wp-json\/wp\/v2\/product_tag?post=2942"}],"curies":[{"name":"wp","href":"https:\/\/api.w.org\/{rel}","templated":true}]}}