{"id":2938,"date":"2022-08-28T15:01:45","date_gmt":"2022-08-28T15:01:45","guid":{"rendered":"https:\/\/www.banknotcu.com\/?post_type=product&#038;p=2938"},"modified":"2025-06-03T14:36:38","modified_gmt":"2025-06-03T11:36:38","slug":"yeni-urun-madeni-para-albumu-siyah-renk-120-cepli","status":"publish","type":"product","link":"https:\/\/www.banknotcu.com\/en\/magaza\/yeni-urun-madeni-para-albumu-siyah-renk-120-cepli\/","title":{"rendered":"YEN\u0130 \u00dcR\u00dcN! Madeni para alb\u00fcm\u00fc, S\u0130YAH RENK, 120 cepli"},"content":{"rendered":"<p>Madeni para koleksiyonlar\u0131 i\u00e7in 11,5&#215;14,5 cm boyutunda 120 cepli defter. (Kapama kartonu gerektirmez) S<\/p>\n<p>Siyah, kahve, turuncu, mavi renklerdedir.<\/p>\n<p>Tedav\u00fcldeki b\u00fct\u00fcn T\u00fcrk madeni paralar\u0131 i\u00e7in ideal\u00a0 \u00a0 \u00a0 \u00a0 \u00a0 \u00a0 \u00a0(1 kuru\u015ftan 1 liraya kadar)<\/p>\n<p>Cep boyu 30&#215;30 mm&#8217;dir.<\/p>\n","protected":false},"excerpt":{"rendered":"<p>Madeni para koleksiyonlar\u0131 i\u00e7in 11,5&#215;14,5 cm boyutunda 120 cepli defter. (Kapama kartonu gerektirmez) S Siyah, kahve, turuncu, mavi renklerdedir. Tedav\u00fcldeki b\u00fct\u00fcn T\u00fcrk madeni paralar\u0131 i\u00e7in ideal\u00a0 \u00a0 \u00a0 \u00a0 \u00a0 \u00a0 \u00a0(1 kuru\u015ftan 1 liraya kadar) Cep boyu 30&#215;30 mm&#8217;dir.<\/p>\n","protected":false},"featured_media":2939,"comment_status":"open","ping_status":"closed","template":"","meta":[],"product_brand":[],"product_cat":[291],"product_tag":[],"class_list":{"0":"post-2938","1":"product","2":"type-product","3":"status-publish","4":"has-post-thumbnail","6":"product_cat-madeni-para-albumleri","8":"first","9":"instock","10":"taxable","11":"shipping-taxable","12":"purchasable","13":"product-type-simple"},"_links":{"self":[{"href":"https:\/\/www.banknotcu.com\/en\/wp-json\/wp\/v2\/product\/2938","targetHints":{"allow":["GET"]}}],"collection":[{"href":"https:\/\/www.banknotcu.com\/en\/wp-json\/wp\/v2\/product"}],"about":[{"href":"https:\/\/www.banknotcu.com\/en\/wp-json\/wp\/v2\/types\/product"}],"replies":[{"embeddable":true,"href":"https:\/\/www.banknotcu.com\/en\/wp-json\/wp\/v2\/comments?post=2938"}],"wp:featuredmedia":[{"embeddable":true,"href":"https:\/\/www.banknotcu.com\/en\/wp-json\/wp\/v2\/media\/2939"}],"wp:attachment":[{"href":"https:\/\/www.banknotcu.com\/en\/wp-json\/wp\/v2\/media?parent=2938"}],"wp:term":[{"taxonomy":"product_brand","embeddable":true,"href":"https:\/\/www.banknotcu.com\/en\/wp-json\/wp\/v2\/product_brand?post=2938"},{"taxonomy":"product_cat","embeddable":true,"href":"https:\/\/www.banknotcu.com\/en\/wp-json\/wp\/v2\/product_cat?post=2938"},{"taxonomy":"product_tag","embeddable":true,"href":"https:\/\/www.banknotcu.com\/en\/wp-json\/wp\/v2\/product_tag?post=2938"}],"curies":[{"name":"wp","href":"https:\/\/api.w.org\/{rel}","templated":true}]}}