{"id":2924,"date":"2022-08-28T14:27:25","date_gmt":"2022-08-28T14:27:25","guid":{"rendered":"https:\/\/www.banknotcu.com\/?post_type=product&#038;p=2924"},"modified":"2024-02-15T11:36:09","modified_gmt":"2024-02-15T11:36:09","slug":"kagit-para-efemera-icin-himalaya-grande-4c-tipi-10-adet-seffaf-eko-foy","status":"publish","type":"product","link":"https:\/\/www.banknotcu.com\/en\/magaza\/kagit-para-efemera-icin-himalaya-grande-4c-tipi-10-adet-seffaf-eko-foy\/","title":{"rendered":"Ka\u011f\u0131t Para \/ Efemera i\u00e7in, H\u0130MALAYA Grande 4C tipi 10 adet \u015feffaf Eko-F\u00f6y"},"content":{"rendered":"<p>GRANDE Tipi \u015feffaf zarf \/ f\u00f6yler,<\/p>\n<p>H\u0130MALAYA Marka<\/p>\n<p>10 adet saklama f\u00f6y\u00fc<\/p>\n","protected":false},"excerpt":{"rendered":"<p>GRANDE Tipi \u015feffaf zarf \/ f\u00f6yler, H\u0130MALAYA Marka 10 adet saklama f\u00f6y\u00fc<\/p>\n","protected":false},"featured_media":2923,"comment_status":"open","ping_status":"closed","template":"","meta":[],"product_brand":[],"product_cat":[263],"product_tag":[],"class_list":{"0":"post-2924","1":"product","2":"type-product","3":"status-publish","4":"has-post-thumbnail","6":"product_cat-importa","8":"first","9":"instock","10":"taxable","11":"shipping-taxable","12":"purchasable","13":"product-type-simple"},"_links":{"self":[{"href":"https:\/\/www.banknotcu.com\/en\/wp-json\/wp\/v2\/product\/2924","targetHints":{"allow":["GET"]}}],"collection":[{"href":"https:\/\/www.banknotcu.com\/en\/wp-json\/wp\/v2\/product"}],"about":[{"href":"https:\/\/www.banknotcu.com\/en\/wp-json\/wp\/v2\/types\/product"}],"replies":[{"embeddable":true,"href":"https:\/\/www.banknotcu.com\/en\/wp-json\/wp\/v2\/comments?post=2924"}],"wp:featuredmedia":[{"embeddable":true,"href":"https:\/\/www.banknotcu.com\/en\/wp-json\/wp\/v2\/media\/2923"}],"wp:attachment":[{"href":"https:\/\/www.banknotcu.com\/en\/wp-json\/wp\/v2\/media?parent=2924"}],"wp:term":[{"taxonomy":"product_brand","embeddable":true,"href":"https:\/\/www.banknotcu.com\/en\/wp-json\/wp\/v2\/product_brand?post=2924"},{"taxonomy":"product_cat","embeddable":true,"href":"https:\/\/www.banknotcu.com\/en\/wp-json\/wp\/v2\/product_cat?post=2924"},{"taxonomy":"product_tag","embeddable":true,"href":"https:\/\/www.banknotcu.com\/en\/wp-json\/wp\/v2\/product_tag?post=2924"}],"curies":[{"name":"wp","href":"https:\/\/api.w.org\/{rel}","templated":true}]}}