{"id":2918,"date":"2023-05-28T11:22:59","date_gmt":"2023-05-28T11:22:59","guid":{"rendered":"https:\/\/www.banknotcu.com\/?post_type=product&#038;p=2918"},"modified":"2025-02-10T13:04:33","modified_gmt":"2025-02-10T10:04:33","slug":"kagit-para-efemera-icin-himalaya-grande-3c-tipi-10-adet-seffaf-eko-foy","status":"publish","type":"product","link":"https:\/\/www.banknotcu.com\/en\/magaza\/kagit-para-efemera-icin-himalaya-grande-3c-tipi-10-adet-seffaf-eko-foy\/","title":{"rendered":"Ka\u011f\u0131t Para \/ Efemera i\u00e7in, H\u0130MALAYA Grande 3C tipi 10 adet \u015feffaf Eko-F\u00f6y"},"content":{"rendered":"<p>GRANDE Tipi \u015feffaf zarf \/ f\u00f6yler,<\/p>\n<p>H\u0130MALAYA Marka<\/p>\n<p>10 adet saklama f\u00f6y\u00fc<\/p>\n<p>3C \u00a0i\u00e7in cep boyutlar\u0131: 216\u00a0mm en, 98\u00a0mm boy!<\/p>\n","protected":false},"excerpt":{"rendered":"<p>GRANDE Tipi \u015feffaf zarf \/ f\u00f6yler, H\u0130MALAYA Marka 10 adet saklama f\u00f6y\u00fc 3C \u00a0i\u00e7in cep boyutlar\u0131: 216\u00a0mm en, 98\u00a0mm boy!<\/p>\n","protected":false},"featured_media":2919,"comment_status":"open","ping_status":"closed","template":"","meta":[],"product_brand":[],"product_cat":[304],"product_tag":[],"class_list":{"0":"post-2918","1":"product","2":"type-product","3":"status-publish","4":"has-post-thumbnail","6":"product_cat-himalaya-kp-foyleri","8":"first","9":"instock","10":"taxable","11":"shipping-taxable","12":"purchasable","13":"product-type-simple"},"_links":{"self":[{"href":"https:\/\/www.banknotcu.com\/en\/wp-json\/wp\/v2\/product\/2918","targetHints":{"allow":["GET"]}}],"collection":[{"href":"https:\/\/www.banknotcu.com\/en\/wp-json\/wp\/v2\/product"}],"about":[{"href":"https:\/\/www.banknotcu.com\/en\/wp-json\/wp\/v2\/types\/product"}],"replies":[{"embeddable":true,"href":"https:\/\/www.banknotcu.com\/en\/wp-json\/wp\/v2\/comments?post=2918"}],"wp:featuredmedia":[{"embeddable":true,"href":"https:\/\/www.banknotcu.com\/en\/wp-json\/wp\/v2\/media\/2919"}],"wp:attachment":[{"href":"https:\/\/www.banknotcu.com\/en\/wp-json\/wp\/v2\/media?parent=2918"}],"wp:term":[{"taxonomy":"product_brand","embeddable":true,"href":"https:\/\/www.banknotcu.com\/en\/wp-json\/wp\/v2\/product_brand?post=2918"},{"taxonomy":"product_cat","embeddable":true,"href":"https:\/\/www.banknotcu.com\/en\/wp-json\/wp\/v2\/product_cat?post=2918"},{"taxonomy":"product_tag","embeddable":true,"href":"https:\/\/www.banknotcu.com\/en\/wp-json\/wp\/v2\/product_tag?post=2918"}],"curies":[{"name":"wp","href":"https:\/\/api.w.org\/{rel}","templated":true}]}}