{"id":2876,"date":"2022-08-28T11:41:44","date_gmt":"2022-08-28T11:41:44","guid":{"rendered":"https:\/\/www.banknotcu.com\/?post_type=product&#038;p=2876"},"modified":"2023-05-05T11:56:26","modified_gmt":"2023-05-05T11:56:26","slug":"munten-ve-mh-12-ve-optima-klasorler-icin-10-adet-siyah-ayirici-karton","status":"publish","type":"product","link":"https:\/\/www.banknotcu.com\/en\/magaza\/munten-ve-mh-12-ve-optima-klasorler-icin-10-adet-siyah-ayirici-karton\/","title":{"rendered":"MUNTEN ve MH-12 ve Optima klas\u00f6rler i\u00e7in 10 adet S\u0130YAH ay\u0131r\u0131c\u0131 karton"},"content":{"rendered":"<p>1 pakette 10 adet ay\u0131r\u0131c\u0131 mevcuttur.<\/p>\n<p>MUNTEN, MH-12 ve Optima klas\u00f6rlere uyar<\/p>\n<p>Faturan\u0131z i\u00e7in vergi numaran\u0131z\u0131 veya TC kimlik numaran\u0131z\u0131 mesajla g\u00f6nderebilirsiniz.<\/p>\n","protected":false},"excerpt":{"rendered":"<p>1 pakette 10 adet ay\u0131r\u0131c\u0131 mevcuttur. MUNTEN, MH-12 ve Optima klas\u00f6rlere uyar Faturan\u0131z i\u00e7in vergi numaran\u0131z\u0131 veya TC kimlik numaran\u0131z\u0131 mesajla g\u00f6nderebilirsiniz.<\/p>\n","protected":false},"featured_media":2877,"comment_status":"open","ping_status":"closed","template":"","meta":[],"product_brand":[],"product_cat":[260],"product_tag":[],"class_list":{"0":"post-2876","1":"product","2":"type-product","3":"status-publish","4":"has-post-thumbnail","6":"product_cat-optima-kp-klasor","8":"first","9":"instock","10":"taxable","11":"shipping-taxable","12":"purchasable","13":"product-type-simple"},"_links":{"self":[{"href":"https:\/\/www.banknotcu.com\/en\/wp-json\/wp\/v2\/product\/2876","targetHints":{"allow":["GET"]}}],"collection":[{"href":"https:\/\/www.banknotcu.com\/en\/wp-json\/wp\/v2\/product"}],"about":[{"href":"https:\/\/www.banknotcu.com\/en\/wp-json\/wp\/v2\/types\/product"}],"replies":[{"embeddable":true,"href":"https:\/\/www.banknotcu.com\/en\/wp-json\/wp\/v2\/comments?post=2876"}],"wp:featuredmedia":[{"embeddable":true,"href":"https:\/\/www.banknotcu.com\/en\/wp-json\/wp\/v2\/media\/2877"}],"wp:attachment":[{"href":"https:\/\/www.banknotcu.com\/en\/wp-json\/wp\/v2\/media?parent=2876"}],"wp:term":[{"taxonomy":"product_brand","embeddable":true,"href":"https:\/\/www.banknotcu.com\/en\/wp-json\/wp\/v2\/product_brand?post=2876"},{"taxonomy":"product_cat","embeddable":true,"href":"https:\/\/www.banknotcu.com\/en\/wp-json\/wp\/v2\/product_cat?post=2876"},{"taxonomy":"product_tag","embeddable":true,"href":"https:\/\/www.banknotcu.com\/en\/wp-json\/wp\/v2\/product_tag?post=2876"}],"curies":[{"name":"wp","href":"https:\/\/api.w.org\/{rel}","templated":true}]}}