{"id":2854,"date":"2022-08-28T10:51:00","date_gmt":"2022-08-28T10:51:00","guid":{"rendered":"https:\/\/www.banknotcu.com\/?post_type=product&#038;p=2854"},"modified":"2024-01-31T12:35:30","modified_gmt":"2024-01-31T12:35:30","slug":"yeni-urun-leuchtturm-grande-pur-turuncu-klasor-ustun-alman-leuchtturm-kalitesi","status":"publish","type":"product","link":"https:\/\/www.banknotcu.com\/en\/magaza\/yeni-urun-leuchtturm-grande-pur-turuncu-klasor-ustun-alman-leuchtturm-kalitesi\/","title":{"rendered":"YEN\u0130 \u00dcR\u00dcN! Leuchtturm GRANDE PUR TURUNCU Klas\u00f6r. \u00dcst\u00fcn Alman Leuchtturm Kalitesi"},"content":{"rendered":"<p>YEN\u0130 \u00dcR\u00dcN!<\/p>\n<p>Grande f\u00f6yleri i\u00e7in uygun, kasetli GRANDE PUR\u00a0<strong>TURUNCU<\/strong> RENKL\u0130\u00a0 \u00a0 klas\u00f6rler.<\/p>\n<p>Kod: 359531<\/p>\n<p>Lighthouse (Leuchtturm) Alman mal\u0131d\u0131r.<\/p>\n<p>Yakla\u015f\u0131k 50 yaprak f\u00f6y al\u0131r.<\/p>\n<p>Klas\u00f6r\u00fcn k\u0131l\u0131f\u0131yla d\u0131\u015ftan d\u0131\u015fa boyutlar\u0131:\u00a0335x285x70 mm&#8217;dir.<\/p>\n","protected":false},"excerpt":{"rendered":"<p>YEN\u0130 \u00dcR\u00dcN! Grande f\u00f6yleri i\u00e7in uygun, kasetli GRANDE PUR\u00a0TURUNCU RENKL\u0130\u00a0 \u00a0 klas\u00f6rler. Kod: 359531 Lighthouse (Leuchtturm) Alman mal\u0131d\u0131r. Yakla\u015f\u0131k 50 yaprak f\u00f6y al\u0131r. Klas\u00f6r\u00fcn k\u0131l\u0131f\u0131yla d\u0131\u015ftan d\u0131\u015fa boyutlar\u0131:\u00a0335x285x70 mm&#8217;dir.<\/p>\n","protected":false},"featured_media":2855,"comment_status":"open","ping_status":"closed","template":"","meta":[],"product_brand":[],"product_cat":[275],"product_tag":[],"class_list":{"0":"post-2854","1":"product","2":"type-product","3":"status-publish","4":"has-post-thumbnail","6":"product_cat-grande-kp-klasorleri","8":"first","9":"instock","10":"taxable","11":"shipping-taxable","12":"purchasable","13":"product-type-simple"},"_links":{"self":[{"href":"https:\/\/www.banknotcu.com\/en\/wp-json\/wp\/v2\/product\/2854","targetHints":{"allow":["GET"]}}],"collection":[{"href":"https:\/\/www.banknotcu.com\/en\/wp-json\/wp\/v2\/product"}],"about":[{"href":"https:\/\/www.banknotcu.com\/en\/wp-json\/wp\/v2\/types\/product"}],"replies":[{"embeddable":true,"href":"https:\/\/www.banknotcu.com\/en\/wp-json\/wp\/v2\/comments?post=2854"}],"wp:featuredmedia":[{"embeddable":true,"href":"https:\/\/www.banknotcu.com\/en\/wp-json\/wp\/v2\/media\/2855"}],"wp:attachment":[{"href":"https:\/\/www.banknotcu.com\/en\/wp-json\/wp\/v2\/media?parent=2854"}],"wp:term":[{"taxonomy":"product_brand","embeddable":true,"href":"https:\/\/www.banknotcu.com\/en\/wp-json\/wp\/v2\/product_brand?post=2854"},{"taxonomy":"product_cat","embeddable":true,"href":"https:\/\/www.banknotcu.com\/en\/wp-json\/wp\/v2\/product_cat?post=2854"},{"taxonomy":"product_tag","embeddable":true,"href":"https:\/\/www.banknotcu.com\/en\/wp-json\/wp\/v2\/product_tag?post=2854"}],"curies":[{"name":"wp","href":"https:\/\/api.w.org\/{rel}","templated":true}]}}