{"id":2843,"date":"2022-08-28T10:39:07","date_gmt":"2022-08-28T10:39:07","guid":{"rendered":"https:\/\/www.banknotcu.com\/?post_type=product&#038;p=2843"},"modified":"2024-02-15T11:38:46","modified_gmt":"2024-02-15T11:38:46","slug":"orijinal-leuchtturm-optima-2s-siyah-zemin-foyler-10-lu-paket-kod-322646","status":"publish","type":"product","link":"https:\/\/www.banknotcu.com\/en\/magaza\/orijinal-leuchtturm-optima-2s-siyah-zemin-foyler-10-lu-paket-kod-322646\/","title":{"rendered":"Orijinal Leuchtturm Optima 2S siyah-zemin f\u00f6yler, 10 lu paket Kod= 322646"},"content":{"rendered":"<p>Optima saklama f\u00f6yleri<\/p>\n<p>Lighthouse (Leuchtturm) marka Alman mal\u0131d\u0131r.<\/p>\n<p>Fazla tarife gerek yok, bilinen m\u00fckemmel kalite!<\/p>\n<p>Cep eni: 180 mm<\/p>\n<p>Katalog No: 322646<\/p>\n<p>Bir pakette 10 adet f\u00f6y vard\u0131r!<\/p>\n","protected":false},"excerpt":{"rendered":"<p>Optima saklama f\u00f6yleri Lighthouse (Leuchtturm) marka Alman mal\u0131d\u0131r. Fazla tarife gerek yok, bilinen m\u00fckemmel kalite! Cep eni: 180 mm Katalog No: 322646 Bir pakette 10 adet f\u00f6y vard\u0131r!<\/p>\n","protected":false},"featured_media":2844,"comment_status":"open","ping_status":"closed","template":"","meta":[],"product_brand":[],"product_cat":[275,260],"product_tag":[],"class_list":{"0":"post-2843","1":"product","2":"type-product","3":"status-publish","4":"has-post-thumbnail","6":"product_cat-grande-kp-klasorleri","7":"product_cat-optima-kp-klasor","9":"first","10":"instock","11":"taxable","12":"shipping-taxable","13":"purchasable","14":"product-type-simple"},"_links":{"self":[{"href":"https:\/\/www.banknotcu.com\/en\/wp-json\/wp\/v2\/product\/2843","targetHints":{"allow":["GET"]}}],"collection":[{"href":"https:\/\/www.banknotcu.com\/en\/wp-json\/wp\/v2\/product"}],"about":[{"href":"https:\/\/www.banknotcu.com\/en\/wp-json\/wp\/v2\/types\/product"}],"replies":[{"embeddable":true,"href":"https:\/\/www.banknotcu.com\/en\/wp-json\/wp\/v2\/comments?post=2843"}],"wp:featuredmedia":[{"embeddable":true,"href":"https:\/\/www.banknotcu.com\/en\/wp-json\/wp\/v2\/media\/2844"}],"wp:attachment":[{"href":"https:\/\/www.banknotcu.com\/en\/wp-json\/wp\/v2\/media?parent=2843"}],"wp:term":[{"taxonomy":"product_brand","embeddable":true,"href":"https:\/\/www.banknotcu.com\/en\/wp-json\/wp\/v2\/product_brand?post=2843"},{"taxonomy":"product_cat","embeddable":true,"href":"https:\/\/www.banknotcu.com\/en\/wp-json\/wp\/v2\/product_cat?post=2843"},{"taxonomy":"product_tag","embeddable":true,"href":"https:\/\/www.banknotcu.com\/en\/wp-json\/wp\/v2\/product_tag?post=2843"}],"curies":[{"name":"wp","href":"https:\/\/api.w.org\/{rel}","templated":true}]}}