{"id":2841,"date":"2022-08-28T10:36:51","date_gmt":"2022-08-28T10:36:51","guid":{"rendered":"https:\/\/www.banknotcu.com\/?post_type=product&#038;p=2841"},"modified":"2024-09-24T15:25:49","modified_gmt":"2024-09-24T12:25:49","slug":"kagit-para-evrak-icin-10-adet-importa-v3-tip-foy-himalaya-marka","status":"publish","type":"product","link":"https:\/\/www.banknotcu.com\/en\/magaza\/kagit-para-evrak-icin-10-adet-importa-v3-tip-foy-himalaya-marka\/","title":{"rendered":"Ka\u011f\u0131t Para-Evrak i\u00e7in 10 adet \u0130mporta V3 Tip F\u00f6y H\u0130MALAYA marka"},"content":{"rendered":"<p>T\u00fcrkiyede,\u00a0standart 4 halkal\u0131 klas\u00f6r i\u00e7in en b\u00fcy\u00fck boylu f\u00f6yler:<\/p>\n<p>\u0130mporta tipi para\/efemera f\u00f6yleri:<\/p>\n<p>D\u0131\u015ftan\u00a0d\u0131\u015fa 237mm en,\u00a0 316 mm boy,<\/p>\n<p>3 cepli 10 adet para f\u00f6y\u00fc<\/p>\n<p>F\u00f6yler bo\u015f olarak g\u00f6nderilecektir. Resimde g\u00f6z\u00fcken paralar g\u00f6nderilmeyecektir.<\/p>\n<p>V1 i\u00e7in\u00a0cep boyutu\u00a0\u00a0 :\u00a0 218 mm en,\u00a0\u00a0314 mm\u00a0 boy!<\/p>\n<p>V2 i\u00e7in\u00a0cep boyutlar\u0131:\u00a0 218 mm en,\u00a0 156 mm\u00a0 boy!<\/p>\n<p>V3 i\u00e7in\u00a0cep boyutlar\u0131:\u00a0 218 mm en,\u00a0 103 mm\u00a0 boy!<\/p>\n<p>V4 i\u00e7in\u00a0cep boyutlar\u0131:\u00a0 218 mm en,\u00a0\u00a0 \u00a076\u00a0mm\u00a0 boy!<\/p>\n<p>V5 i\u00e7in\u00a0cep boyutlar\u0131:\u00a0 218 mm en,\u00a0\u00a0 \u00a060\u00a0mm\u00a0 boy!<\/p>\n<p>V6 i\u00e7in\u00a0cep boyutlar\u0131:\u00a0 218 mm en,\u00a0\u00a0 \u00a051\u00a0mm\u00a0 boy!<\/p>\n<p>V7 i\u00e7in\u00a0cep boyutlar\u0131:\u00a0 218 mm en,\u00a0\u00a0 \u00a043\u00a0mm\u00a0 boy!<\/p>\n<p>V8 i\u00e7in\u00a0cep boyutlar\u0131:\u00a0\u00a0218 mm en,\u00a0 \u00a0 37\u00a0mm\u00a0 boy!<\/p>\n<p>* Bu f\u00f6ylere uygun deri g\u00f6r\u00fcn\u00fcml\u00fc kasetli klas\u00f6rler de stoklar\u0131m\u0131zda mevcuttur.<\/p>\n<p>Renkler: Bordo, lacivert, nefti, a\u00e7\u0131k ve koyu kahve, siyah. Renk tercihiniz varsa mesajla belirtiniz.\u00a0\u00a0 \u0130stedi\u011finiz renkler stoklar\u0131m\u0131zda varsa g\u00f6nderilecek, bitmi\u015f ise mevcut renkler size bildirilecektir.<\/p>\n","protected":false},"excerpt":{"rendered":"<p>T\u00fcrkiyede,\u00a0standart 4 halkal\u0131 klas\u00f6r i\u00e7in en b\u00fcy\u00fck boylu f\u00f6yler: \u0130mporta tipi para\/efemera f\u00f6yleri: D\u0131\u015ftan\u00a0d\u0131\u015fa 237mm en,\u00a0 316 mm boy, 3 cepli 10 adet para f\u00f6y\u00fc F\u00f6yler bo\u015f olarak g\u00f6nderilecektir. Resimde g\u00f6z\u00fcken paralar g\u00f6nderilmeyecektir. V1 i\u00e7in\u00a0cep boyutu\u00a0\u00a0 :\u00a0 218 mm en,\u00a0\u00a0314 mm\u00a0 boy! V2 i\u00e7in\u00a0cep boyutlar\u0131:\u00a0 218 mm en,\u00a0 156 mm\u00a0 boy! V3 i\u00e7in\u00a0cep boyutlar\u0131:\u00a0 218 [&hellip;]<\/p>\n","protected":false},"featured_media":2842,"comment_status":"open","ping_status":"closed","template":"","meta":[],"product_brand":[],"product_cat":[263],"product_tag":[],"class_list":{"0":"post-2841","1":"product","2":"type-product","3":"status-publish","4":"has-post-thumbnail","6":"product_cat-importa","8":"first","9":"instock","10":"taxable","11":"shipping-taxable","12":"purchasable","13":"product-type-simple"},"_links":{"self":[{"href":"https:\/\/www.banknotcu.com\/en\/wp-json\/wp\/v2\/product\/2841","targetHints":{"allow":["GET"]}}],"collection":[{"href":"https:\/\/www.banknotcu.com\/en\/wp-json\/wp\/v2\/product"}],"about":[{"href":"https:\/\/www.banknotcu.com\/en\/wp-json\/wp\/v2\/types\/product"}],"replies":[{"embeddable":true,"href":"https:\/\/www.banknotcu.com\/en\/wp-json\/wp\/v2\/comments?post=2841"}],"wp:featuredmedia":[{"embeddable":true,"href":"https:\/\/www.banknotcu.com\/en\/wp-json\/wp\/v2\/media\/2842"}],"wp:attachment":[{"href":"https:\/\/www.banknotcu.com\/en\/wp-json\/wp\/v2\/media?parent=2841"}],"wp:term":[{"taxonomy":"product_brand","embeddable":true,"href":"https:\/\/www.banknotcu.com\/en\/wp-json\/wp\/v2\/product_brand?post=2841"},{"taxonomy":"product_cat","embeddable":true,"href":"https:\/\/www.banknotcu.com\/en\/wp-json\/wp\/v2\/product_cat?post=2841"},{"taxonomy":"product_tag","embeddable":true,"href":"https:\/\/www.banknotcu.com\/en\/wp-json\/wp\/v2\/product_tag?post=2841"}],"curies":[{"name":"wp","href":"https:\/\/api.w.org\/{rel}","templated":true}]}}