{"id":2831,"date":"2022-08-28T10:24:35","date_gmt":"2022-08-28T10:24:35","guid":{"rendered":"http:\/\/www.banknotcu.com\/?post_type=product&#038;p=2831"},"modified":"2023-05-29T12:41:14","modified_gmt":"2023-05-29T12:41:14","slug":"leuchtturm-vario-zwl-siyah-sayfa-ayiricilar-5-li-paket","status":"publish","type":"product","link":"https:\/\/www.banknotcu.com\/en\/magaza\/leuchtturm-vario-zwl-siyah-sayfa-ayiricilar-5-li-paket\/","title":{"rendered":"Leuchtturm Vario ZWL, Siyah sayfa ay\u0131r\u0131c\u0131lar, 5 li paket"},"content":{"rendered":"<p>Vario saklama f\u00f6yleri i\u00e7in uygun, siyah sayfa ay\u0131r\u0131c\u0131 \u00f6zel mat plastik ay\u0131r\u0131c\u0131lard\u0131r.<\/p>\n<p>F\u00f6y sayfalar\u0131n\u0131n birbirine yap\u0131\u015fmas\u0131n\u0131 \u00f6nler, g\u00f6rselli\u011fi artt\u0131r\u0131r!<\/p>\n<p>Bir pakette 5 adet yaprak vard\u0131r! Boyutlar i\u00e7in Vario f\u00f6y sayfalar\u0131na bakabilirsiniz.<\/p>\n","protected":false},"excerpt":{"rendered":"<p>Vario saklama f\u00f6yleri i\u00e7in uygun, siyah sayfa ay\u0131r\u0131c\u0131 \u00f6zel mat plastik ay\u0131r\u0131c\u0131lard\u0131r. F\u00f6y sayfalar\u0131n\u0131n birbirine yap\u0131\u015fmas\u0131n\u0131 \u00f6nler, g\u00f6rselli\u011fi artt\u0131r\u0131r! Bir pakette 5 adet yaprak vard\u0131r! Boyutlar i\u00e7in Vario f\u00f6y sayfalar\u0131na bakabilirsiniz.<\/p>\n","protected":false},"featured_media":2832,"comment_status":"open","ping_status":"closed","template":"","meta":[],"product_brand":[],"product_cat":[305],"product_tag":[],"class_list":{"0":"post-2831","1":"product","2":"type-product","3":"status-publish","4":"has-post-thumbnail","6":"product_cat-varip-kp-foy","8":"first","9":"instock","10":"taxable","11":"shipping-taxable","12":"purchasable","13":"product-type-simple"},"_links":{"self":[{"href":"https:\/\/www.banknotcu.com\/en\/wp-json\/wp\/v2\/product\/2831","targetHints":{"allow":["GET"]}}],"collection":[{"href":"https:\/\/www.banknotcu.com\/en\/wp-json\/wp\/v2\/product"}],"about":[{"href":"https:\/\/www.banknotcu.com\/en\/wp-json\/wp\/v2\/types\/product"}],"replies":[{"embeddable":true,"href":"https:\/\/www.banknotcu.com\/en\/wp-json\/wp\/v2\/comments?post=2831"}],"wp:featuredmedia":[{"embeddable":true,"href":"https:\/\/www.banknotcu.com\/en\/wp-json\/wp\/v2\/media\/2832"}],"wp:attachment":[{"href":"https:\/\/www.banknotcu.com\/en\/wp-json\/wp\/v2\/media?parent=2831"}],"wp:term":[{"taxonomy":"product_brand","embeddable":true,"href":"https:\/\/www.banknotcu.com\/en\/wp-json\/wp\/v2\/product_brand?post=2831"},{"taxonomy":"product_cat","embeddable":true,"href":"https:\/\/www.banknotcu.com\/en\/wp-json\/wp\/v2\/product_cat?post=2831"},{"taxonomy":"product_tag","embeddable":true,"href":"https:\/\/www.banknotcu.com\/en\/wp-json\/wp\/v2\/product_tag?post=2831"}],"curies":[{"name":"wp","href":"https:\/\/api.w.org\/{rel}","templated":true}]}}