{"id":2829,"date":"2022-08-28T10:23:14","date_gmt":"2022-08-28T10:23:14","guid":{"rendered":"https:\/\/www.banknotcu.com\/?post_type=product&#038;p=2829"},"modified":"2025-02-09T23:30:30","modified_gmt":"2025-02-09T20:30:30","slug":"leuchtturm-vario-5s-foyler-5-li-paket-pul-veya-para-icin","status":"publish","type":"product","link":"https:\/\/www.banknotcu.com\/en\/magaza\/leuchtturm-vario-5s-foyler-5-li-paket-pul-veya-para-icin\/","title":{"rendered":"Leuchtturm Vario 5S f\u00f6yler, 5 li paket, pul veya para i\u00e7in"},"content":{"rendered":"<p>Vario siyah zemin (\u00c7ift tarafl\u0131) saklama f\u00f6yleri<\/p>\n","protected":false},"excerpt":{"rendered":"<p>Vario siyah zemin (\u00c7ift tarafl\u0131) saklama f\u00f6yleri<\/p>\n","protected":false},"featured_media":2830,"comment_status":"open","ping_status":"closed","template":"","meta":[],"product_brand":[],"product_cat":[305],"product_tag":[],"class_list":{"0":"post-2829","1":"product","2":"type-product","3":"status-publish","4":"has-post-thumbnail","6":"product_cat-varip-kp-foy","8":"first","9":"instock","10":"taxable","11":"shipping-taxable","12":"purchasable","13":"product-type-simple"},"_links":{"self":[{"href":"https:\/\/www.banknotcu.com\/en\/wp-json\/wp\/v2\/product\/2829","targetHints":{"allow":["GET"]}}],"collection":[{"href":"https:\/\/www.banknotcu.com\/en\/wp-json\/wp\/v2\/product"}],"about":[{"href":"https:\/\/www.banknotcu.com\/en\/wp-json\/wp\/v2\/types\/product"}],"replies":[{"embeddable":true,"href":"https:\/\/www.banknotcu.com\/en\/wp-json\/wp\/v2\/comments?post=2829"}],"wp:featuredmedia":[{"embeddable":true,"href":"https:\/\/www.banknotcu.com\/en\/wp-json\/wp\/v2\/media\/2830"}],"wp:attachment":[{"href":"https:\/\/www.banknotcu.com\/en\/wp-json\/wp\/v2\/media?parent=2829"}],"wp:term":[{"taxonomy":"product_brand","embeddable":true,"href":"https:\/\/www.banknotcu.com\/en\/wp-json\/wp\/v2\/product_brand?post=2829"},{"taxonomy":"product_cat","embeddable":true,"href":"https:\/\/www.banknotcu.com\/en\/wp-json\/wp\/v2\/product_cat?post=2829"},{"taxonomy":"product_tag","embeddable":true,"href":"https:\/\/www.banknotcu.com\/en\/wp-json\/wp\/v2\/product_tag?post=2829"}],"curies":[{"name":"wp","href":"https:\/\/api.w.org\/{rel}","templated":true}]}}