{"id":2825,"date":"2022-08-28T10:22:13","date_gmt":"2022-08-28T10:22:13","guid":{"rendered":"https:\/\/www.banknotcu.com\/?post_type=product&#038;p=2825"},"modified":"2023-05-05T11:44:32","modified_gmt":"2023-05-05T11:44:32","slug":"kagit-para-evrak-icin-importa-v2-tipi-foy-cep-boyutu-218-mm-en-156-mm-boy-himalaya-marka","status":"publish","type":"product","link":"https:\/\/www.banknotcu.com\/en\/magaza\/kagit-para-evrak-icin-importa-v2-tipi-foy-cep-boyutu-218-mm-en-156-mm-boy-himalaya-marka\/","title":{"rendered":"Ka\u011f\u0131t Para-Evrak i\u00e7in: \u0130mporta V2 tipi f\u00f6y, cep boyutu 218 mm en, 156 mm boy, H\u0130MALAYA marka"},"content":{"rendered":"<p>T\u00fcrkiyede,\u00a0standart 4 halkal\u0131 klas\u00f6r i\u00e7in en b\u00fcy\u00fck kapasiteli f\u00f6yler:<\/p>\n<p>\u0130mporta\u00a0tipi para\/efemera f\u00f6yleri:<\/p>\n<p>D\u0131\u015ftan\u00a0d\u0131\u015fa 237mm en,\u00a0 316 mm boy,<\/p>\n<p>10 adet para f\u00f6y\u00fc<\/p>\n<p>F\u00f6yler, orijinal paket i\u00e7inde bo\u015f olarak g\u00f6nderilecektir.<\/p>\n<p>V1 i\u00e7in\u00a0cep boyutu\u00a0\u00a0 :\u00a0 218 mm en,\u00a0\u00a0314 mm\u00a0 boy!<\/p>\n<p>V2 i\u00e7in\u00a0cep boyutlar\u0131:\u00a0 218 mm en,\u00a0 156 mm\u00a0 boy!<\/p>\n<p>V3 i\u00e7in\u00a0cep boyutlar\u0131:\u00a0 218 mm en,\u00a0 103 mm\u00a0 boy!<\/p>\n<p>V4 i\u00e7in\u00a0cep boyutlar\u0131:\u00a0 218 mm en,\u00a0\u00a0 \u00a076\u00a0mm\u00a0 boy!<\/p>\n<p>V5 i\u00e7in\u00a0cep boyutlar\u0131:\u00a0 218 mm en,\u00a0\u00a0 \u00a060\u00a0mm\u00a0 boy!<\/p>\n<p>V6 i\u00e7in\u00a0cep boyutlar\u0131:\u00a0 218 mm en,\u00a0\u00a0 \u00a051\u00a0mm\u00a0 boy!<\/p>\n<p>V7 i\u00e7in\u00a0cep boyutlar\u0131:\u00a0 218 mm en,\u00a0\u00a0 \u00a043\u00a0mm\u00a0 boy!<\/p>\n<p>V8 i\u00e7in\u00a0cep boyutlar\u0131:\u00a0\u00a0218 mm en,\u00a0 \u00a0 37\u00a0mm\u00a0 boy!<\/p>\n<p>* Her pakette 10 adet asitsiz, para\/pul\/efemera saklamaya uygun, tamamen saydam, &#8220;Softener-free vinyl&#8221; plastikten imal edilmi\u015f, m\u00fckemmel kalitede ve 4 halkal\u0131 standart klas\u00f6rlerde kullan\u0131lmaya uygun f\u00f6y bulunmaktad\u0131r.<\/p>\n<p>* Orijinal \u0130mporta deri g\u00f6r\u00fcn\u00fcml\u00fc kasetli klas\u00f6rler de stoklar\u0131m\u0131zda mevcuttur.<\/p>\n<p>Renkler: Bordo, lacivert, nefti, a\u00e7\u0131k ve koyu kahve, siyah. Renk tercihiniz varsa mesajla belirtiniz.\u00a0\u00a0 \u0130stedi\u011finiz renkler stoklar\u0131m\u0131zda varsa g\u00f6nderilecek, bitmi\u015f ise mevcut renkler size bildirilecektir.<\/p>\n","protected":false},"excerpt":{"rendered":"<p>T\u00fcrkiyede,\u00a0standart 4 halkal\u0131 klas\u00f6r i\u00e7in en b\u00fcy\u00fck kapasiteli f\u00f6yler: \u0130mporta\u00a0tipi para\/efemera f\u00f6yleri: D\u0131\u015ftan\u00a0d\u0131\u015fa 237mm en,\u00a0 316 mm boy, 10 adet para f\u00f6y\u00fc F\u00f6yler, orijinal paket i\u00e7inde bo\u015f olarak g\u00f6nderilecektir. V1 i\u00e7in\u00a0cep boyutu\u00a0\u00a0 :\u00a0 218 mm en,\u00a0\u00a0314 mm\u00a0 boy! V2 i\u00e7in\u00a0cep boyutlar\u0131:\u00a0 218 mm en,\u00a0 156 mm\u00a0 boy! V3 i\u00e7in\u00a0cep boyutlar\u0131:\u00a0 218 mm en,\u00a0 103 mm\u00a0 [&hellip;]<\/p>\n","protected":false},"featured_media":2827,"comment_status":"open","ping_status":"closed","template":"","meta":[],"product_brand":[],"product_cat":[263],"product_tag":[],"class_list":{"0":"post-2825","1":"product","2":"type-product","3":"status-publish","4":"has-post-thumbnail","6":"product_cat-importa","8":"first","9":"instock","10":"taxable","11":"shipping-taxable","12":"purchasable","13":"product-type-simple"},"_links":{"self":[{"href":"https:\/\/www.banknotcu.com\/en\/wp-json\/wp\/v2\/product\/2825","targetHints":{"allow":["GET"]}}],"collection":[{"href":"https:\/\/www.banknotcu.com\/en\/wp-json\/wp\/v2\/product"}],"about":[{"href":"https:\/\/www.banknotcu.com\/en\/wp-json\/wp\/v2\/types\/product"}],"replies":[{"embeddable":true,"href":"https:\/\/www.banknotcu.com\/en\/wp-json\/wp\/v2\/comments?post=2825"}],"wp:featuredmedia":[{"embeddable":true,"href":"https:\/\/www.banknotcu.com\/en\/wp-json\/wp\/v2\/media\/2827"}],"wp:attachment":[{"href":"https:\/\/www.banknotcu.com\/en\/wp-json\/wp\/v2\/media?parent=2825"}],"wp:term":[{"taxonomy":"product_brand","embeddable":true,"href":"https:\/\/www.banknotcu.com\/en\/wp-json\/wp\/v2\/product_brand?post=2825"},{"taxonomy":"product_cat","embeddable":true,"href":"https:\/\/www.banknotcu.com\/en\/wp-json\/wp\/v2\/product_cat?post=2825"},{"taxonomy":"product_tag","embeddable":true,"href":"https:\/\/www.banknotcu.com\/en\/wp-json\/wp\/v2\/product_tag?post=2825"}],"curies":[{"name":"wp","href":"https:\/\/api.w.org\/{rel}","templated":true}]}}