{"id":2820,"date":"2022-08-28T10:15:28","date_gmt":"2022-08-28T10:15:28","guid":{"rendered":"https:\/\/www.banknotcu.com\/?post_type=product&#038;p=2820"},"modified":"2026-05-11T16:51:40","modified_gmt":"2026-05-11T13:51:40","slug":"yerli-vega-klasor-optima-foylere-uygun-yaklasik-60-adet-foy-alir","status":"publish","type":"product","link":"https:\/\/www.banknotcu.com\/en\/magaza\/yerli-vega-klasor-optima-foylere-uygun-yaklasik-60-adet-foy-alir\/","title":{"rendered":"Yerli VEGA Klas\u00f6r, Optima f\u00f6ylere uygun, yakla\u015f\u0131k 60 adet f\u00f6y al\u0131r"},"content":{"rendered":"<p>Optima tipi ka\u011f\u0131t veya madeni para saklama f\u00f6yleri i\u00e7in uygun, kasetli T\u00fcrk mal\u0131 klas\u00f6rlerdir.<\/p>\n<p>Yakla\u015f\u0131k 60 yaprak al\u0131r.<\/p>\n<p>Siyah\/Koyu f\u00fcme renktedir. Suni nubuk\/s\u00fcet benzeri sa\u011flam malzemeden yap\u0131lm\u0131\u015ft\u0131r.<\/p>\n<p>Bu klas\u00f6re uygun Optima, Munten ve Himalaya marka 1,2,3,4,5 g\u00f6zl\u00fc f\u00f6ylerimiz ve 20,35,42 g\u00f6zl\u00fc madeni para f\u00f6ylerimiz mevcuttur.<\/p>\n<p>Hem ka\u011f\u0131t para, hem de madeni para koleksiyonlar\u0131n\u0131z i\u00e7in kullanmaya uygundur.<\/p>\n","protected":false},"excerpt":{"rendered":"<p>Optima tipi ka\u011f\u0131t veya madeni para saklama f\u00f6yleri i\u00e7in uygun, kasetli T\u00fcrk mal\u0131 klas\u00f6rlerdir. Yakla\u015f\u0131k 60 yaprak al\u0131r. Siyah\/Koyu f\u00fcme renktedir. Suni nubuk\/s\u00fcet benzeri sa\u011flam malzemeden yap\u0131lm\u0131\u015ft\u0131r. Bu klas\u00f6re uygun Optima, Munten ve Himalaya marka 1,2,3,4,5 g\u00f6zl\u00fc f\u00f6ylerimiz ve 20,35,42 g\u00f6zl\u00fc madeni para f\u00f6ylerimiz mevcuttur. Hem ka\u011f\u0131t para, hem de madeni para koleksiyonlar\u0131n\u0131z i\u00e7in kullanmaya [&hellip;]<\/p>\n","protected":false},"featured_media":4388,"comment_status":"open","ping_status":"closed","template":"","meta":[],"product_brand":[],"product_cat":[264,164],"product_tag":[],"class_list":{"0":"post-2820","1":"product","2":"type-product","3":"status-publish","4":"has-post-thumbnail","6":"product_cat-yerli-klasor","7":"product_cat-yerli-klasorler","8":"product_shipping_class-355","10":"first","11":"instock","12":"taxable","13":"shipping-taxable","14":"purchasable","15":"product-type-simple"},"_links":{"self":[{"href":"https:\/\/www.banknotcu.com\/en\/wp-json\/wp\/v2\/product\/2820","targetHints":{"allow":["GET"]}}],"collection":[{"href":"https:\/\/www.banknotcu.com\/en\/wp-json\/wp\/v2\/product"}],"about":[{"href":"https:\/\/www.banknotcu.com\/en\/wp-json\/wp\/v2\/types\/product"}],"replies":[{"embeddable":true,"href":"https:\/\/www.banknotcu.com\/en\/wp-json\/wp\/v2\/comments?post=2820"}],"wp:featuredmedia":[{"embeddable":true,"href":"https:\/\/www.banknotcu.com\/en\/wp-json\/wp\/v2\/media\/4388"}],"wp:attachment":[{"href":"https:\/\/www.banknotcu.com\/en\/wp-json\/wp\/v2\/media?parent=2820"}],"wp:term":[{"taxonomy":"product_brand","embeddable":true,"href":"https:\/\/www.banknotcu.com\/en\/wp-json\/wp\/v2\/product_brand?post=2820"},{"taxonomy":"product_cat","embeddable":true,"href":"https:\/\/www.banknotcu.com\/en\/wp-json\/wp\/v2\/product_cat?post=2820"},{"taxonomy":"product_tag","embeddable":true,"href":"https:\/\/www.banknotcu.com\/en\/wp-json\/wp\/v2\/product_tag?post=2820"}],"curies":[{"name":"wp","href":"https:\/\/api.w.org\/{rel}","templated":true}]}}