{"id":2810,"date":"2022-08-28T09:50:37","date_gmt":"2022-08-28T09:50:37","guid":{"rendered":"https:\/\/www.banknotcu.com\/?post_type=product&#038;p=2810"},"modified":"2024-04-09T11:44:51","modified_gmt":"2024-04-09T11:44:51","slug":"leuchtturm-marka-plastik-kapama-kapsulu-quadrum-4-adet","status":"publish","type":"product","link":"https:\/\/www.banknotcu.com\/en\/magaza\/leuchtturm-marka-plastik-kapama-kapsulu-quadrum-4-adet\/","title":{"rendered":"Quadrum plastik kapama kaps\u00fcl\u00fc, 5&#215;5 cm, 4 adet"},"content":{"rendered":"<p>OR\u0130J\u0130NAL LEUCHTTURM QUADRUM KAPS\u00dcL\u00dc<\/p>\n<p>\u015eeffaf plastik kapama,\u00a0S\u0130YAH\u00a0ZEM\u0130N \u00dcZER\u0130NDE,<\/p>\n<p>Kolay a\u00e7\u0131l\u0131r ve kapan\u0131r<\/p>\n<p>Paran\u0131z\u0131n \u00e7ap\u0131na g\u00f6re farkl\u0131 \u00e7aplarda delikli:<\/p>\n<p>13,14,15, 16, 17, 18,19,20, 22, 23,24, 25, 26, 27,28,29,30, 31,32, 33,34,35, 36,37,38,39,40,41 mm<\/p>\n<p>Hangi boylar\u0131 istiyorsan\u0131z mesajla bize yaz\u0131n\u0131z<\/p>\n","protected":false},"excerpt":{"rendered":"<p>OR\u0130J\u0130NAL LEUCHTTURM QUADRUM KAPS\u00dcL\u00dc \u015eeffaf plastik kapama,\u00a0S\u0130YAH\u00a0ZEM\u0130N \u00dcZER\u0130NDE, Kolay a\u00e7\u0131l\u0131r ve kapan\u0131r Paran\u0131z\u0131n \u00e7ap\u0131na g\u00f6re farkl\u0131 \u00e7aplarda delikli: 13,14,15, 16, 17, 18,19,20, 22, 23,24, 25, 26, 27,28,29,30, 31,32, 33,34,35, 36,37,38,39,40,41 mm Hangi boylar\u0131 istiyorsan\u0131z mesajla bize yaz\u0131n\u0131z<\/p>\n","protected":false},"featured_media":2811,"comment_status":"open","ping_status":"closed","template":"","meta":[],"product_brand":[],"product_cat":[307],"product_tag":[],"class_list":{"0":"post-2810","1":"product","2":"type-product","3":"status-publish","4":"has-post-thumbnail","6":"product_cat-quadrum","8":"first","9":"instock","10":"taxable","11":"shipping-taxable","12":"purchasable","13":"product-type-simple"},"_links":{"self":[{"href":"https:\/\/www.banknotcu.com\/en\/wp-json\/wp\/v2\/product\/2810","targetHints":{"allow":["GET"]}}],"collection":[{"href":"https:\/\/www.banknotcu.com\/en\/wp-json\/wp\/v2\/product"}],"about":[{"href":"https:\/\/www.banknotcu.com\/en\/wp-json\/wp\/v2\/types\/product"}],"replies":[{"embeddable":true,"href":"https:\/\/www.banknotcu.com\/en\/wp-json\/wp\/v2\/comments?post=2810"}],"wp:featuredmedia":[{"embeddable":true,"href":"https:\/\/www.banknotcu.com\/en\/wp-json\/wp\/v2\/media\/2811"}],"wp:attachment":[{"href":"https:\/\/www.banknotcu.com\/en\/wp-json\/wp\/v2\/media?parent=2810"}],"wp:term":[{"taxonomy":"product_brand","embeddable":true,"href":"https:\/\/www.banknotcu.com\/en\/wp-json\/wp\/v2\/product_brand?post=2810"},{"taxonomy":"product_cat","embeddable":true,"href":"https:\/\/www.banknotcu.com\/en\/wp-json\/wp\/v2\/product_cat?post=2810"},{"taxonomy":"product_tag","embeddable":true,"href":"https:\/\/www.banknotcu.com\/en\/wp-json\/wp\/v2\/product_tag?post=2810"}],"curies":[{"name":"wp","href":"https:\/\/api.w.org\/{rel}","templated":true}]}}