{"id":2807,"date":"2022-08-28T09:43:51","date_gmt":"2022-08-28T09:43:51","guid":{"rendered":"https:\/\/www.banknotcu.com\/?post_type=product&#038;p=2807"},"modified":"2026-05-11T13:23:23","modified_gmt":"2026-05-11T10:23:23","slug":"basic-pul-defteri-siyah-zemin-64-sayfa-a4-boy-mavi-siyah-kirmizi-yesil-renklerde","status":"publish","type":"product","link":"https:\/\/www.banknotcu.com\/en\/magaza\/basic-pul-defteri-siyah-zemin-64-sayfa-a4-boy-mavi-siyah-kirmizi-yesil-renklerde\/","title":{"rendered":"BASIC Pul Defteri, Siyah zemin , 64 sayfa, A4 boy, Mavi, Siyah, K\u0131rm\u0131z\u0131, Ye\u015fil renklerde"},"content":{"rendered":"<p>64 sayfa pul defteri.<\/p>\n<p>Siyah Zemin Deri g\u00f6r\u00fcn\u00fcml\u00fc kapaklar, sayfada 9 s\u0131ra \u015feffaf bant, \u00e7ift pergamin ayra\u00e7<\/p>\n<p>Yakla\u015f\u0131k A4 boyutlar\u0131nda: 230 mm x 305 mm<\/p>\n<p>Mavi, Siyah, K\u0131rm\u0131z\u0131, Ye\u015fil\u00a0renk kapaklar<\/p>\n<p>Renk tercihinizi l\u00fctfen mesajla bildiriniz<\/p>\n","protected":false},"excerpt":{"rendered":"<p>64 sayfa pul defteri. Siyah Zemin Deri g\u00f6r\u00fcn\u00fcml\u00fc kapaklar, sayfada 9 s\u0131ra \u015feffaf bant, \u00e7ift pergamin ayra\u00e7 Yakla\u015f\u0131k A4 boyutlar\u0131nda: 230 mm x 305 mm Mavi, Siyah, K\u0131rm\u0131z\u0131, Ye\u015fil\u00a0renk kapaklar Renk tercihinizi l\u00fctfen mesajla bildiriniz<\/p>\n","protected":false},"featured_media":4110,"comment_status":"open","ping_status":"closed","template":"","meta":[],"product_brand":[],"product_cat":[138],"product_tag":[],"class_list":{"0":"post-2807","1":"product","2":"type-product","3":"status-publish","4":"has-post-thumbnail","6":"product_cat-siyah-zemin-pul-defterleri","8":"first","9":"instock","10":"taxable","11":"shipping-taxable","12":"purchasable","13":"product-type-simple"},"_links":{"self":[{"href":"https:\/\/www.banknotcu.com\/en\/wp-json\/wp\/v2\/product\/2807","targetHints":{"allow":["GET"]}}],"collection":[{"href":"https:\/\/www.banknotcu.com\/en\/wp-json\/wp\/v2\/product"}],"about":[{"href":"https:\/\/www.banknotcu.com\/en\/wp-json\/wp\/v2\/types\/product"}],"replies":[{"embeddable":true,"href":"https:\/\/www.banknotcu.com\/en\/wp-json\/wp\/v2\/comments?post=2807"}],"wp:featuredmedia":[{"embeddable":true,"href":"https:\/\/www.banknotcu.com\/en\/wp-json\/wp\/v2\/media\/4110"}],"wp:attachment":[{"href":"https:\/\/www.banknotcu.com\/en\/wp-json\/wp\/v2\/media?parent=2807"}],"wp:term":[{"taxonomy":"product_brand","embeddable":true,"href":"https:\/\/www.banknotcu.com\/en\/wp-json\/wp\/v2\/product_brand?post=2807"},{"taxonomy":"product_cat","embeddable":true,"href":"https:\/\/www.banknotcu.com\/en\/wp-json\/wp\/v2\/product_cat?post=2807"},{"taxonomy":"product_tag","embeddable":true,"href":"https:\/\/www.banknotcu.com\/en\/wp-json\/wp\/v2\/product_tag?post=2807"}],"curies":[{"name":"wp","href":"https:\/\/api.w.org\/{rel}","templated":true}]}}