{"id":2805,"date":"2022-08-28T09:42:08","date_gmt":"2022-08-28T09:42:08","guid":{"rendered":"https:\/\/www.banknotcu.com\/?post_type=product&#038;p=2805"},"modified":"2024-01-31T12:02:09","modified_gmt":"2024-01-31T12:02:09","slug":"kagit-para-evrak-icin-10-adet-vario-3c-tipi-foy-himalaya-marka","status":"publish","type":"product","link":"https:\/\/www.banknotcu.com\/en\/magaza\/kagit-para-evrak-icin-10-adet-vario-3c-tipi-foy-himalaya-marka\/","title":{"rendered":"Ka\u011f\u0131t Para \/ Evrak i\u00e7in 10 adet Vario 3C tipi F\u00f6y, H\u0130MALAYA marka"},"content":{"rendered":"<p>Vario tipi f\u00f6yler<\/p>\n<p>10 adet saklama f\u00f6y\u00fc<\/p>\n<p>1C i\u00e7in cep boyutlar\u0131: 195 mm en, 263 mm boy!<\/p>\n<p>2C i\u00e7in cep boyutlar\u0131: 195 mm en, 128 mm boy!<\/p>\n<p>3C i\u00e7in cep boyutlar\u0131: 195 mm en, 84 mm boy!<\/p>\n<p>4C i\u00e7in cep boyutlar\u0131: 195 mm en, 63 mm boy!<\/p>\n<p>5C i\u00e7in cep boyutlar\u0131: 195 mm en, 51 mm boy!<\/p>\n<p>* Her pakette 5 adet asitsiz, para\/pul\/efemera saklamaya uygun, saydam, asitsiz &#8220;Softener-free vinyl&#8221; malzemeden imal edilmi\u015f, m\u00fckemmel kalitede ve 2,3,4 halkal\u0131 standart klas\u00f6rlerde kullan\u0131lmaya uygun f\u00f6y bulunmaktad\u0131r.<\/p>\n","protected":false},"excerpt":{"rendered":"<p>Vario tipi f\u00f6yler 10 adet saklama f\u00f6y\u00fc 1C i\u00e7in cep boyutlar\u0131: 195 mm en, 263 mm boy! 2C i\u00e7in cep boyutlar\u0131: 195 mm en, 128 mm boy! 3C i\u00e7in cep boyutlar\u0131: 195 mm en, 84 mm boy! 4C i\u00e7in cep boyutlar\u0131: 195 mm en, 63 mm boy! 5C i\u00e7in cep boyutlar\u0131: 195 mm en, 51 [&hellip;]<\/p>\n","protected":false},"featured_media":2806,"comment_status":"open","ping_status":"closed","template":"","meta":[],"product_brand":[],"product_cat":[305],"product_tag":[],"class_list":{"0":"post-2805","1":"product","2":"type-product","3":"status-publish","4":"has-post-thumbnail","6":"product_cat-varip-kp-foy","8":"first","9":"instock","10":"taxable","11":"shipping-taxable","12":"purchasable","13":"product-type-simple"},"_links":{"self":[{"href":"https:\/\/www.banknotcu.com\/en\/wp-json\/wp\/v2\/product\/2805","targetHints":{"allow":["GET"]}}],"collection":[{"href":"https:\/\/www.banknotcu.com\/en\/wp-json\/wp\/v2\/product"}],"about":[{"href":"https:\/\/www.banknotcu.com\/en\/wp-json\/wp\/v2\/types\/product"}],"replies":[{"embeddable":true,"href":"https:\/\/www.banknotcu.com\/en\/wp-json\/wp\/v2\/comments?post=2805"}],"wp:featuredmedia":[{"embeddable":true,"href":"https:\/\/www.banknotcu.com\/en\/wp-json\/wp\/v2\/media\/2806"}],"wp:attachment":[{"href":"https:\/\/www.banknotcu.com\/en\/wp-json\/wp\/v2\/media?parent=2805"}],"wp:term":[{"taxonomy":"product_brand","embeddable":true,"href":"https:\/\/www.banknotcu.com\/en\/wp-json\/wp\/v2\/product_brand?post=2805"},{"taxonomy":"product_cat","embeddable":true,"href":"https:\/\/www.banknotcu.com\/en\/wp-json\/wp\/v2\/product_cat?post=2805"},{"taxonomy":"product_tag","embeddable":true,"href":"https:\/\/www.banknotcu.com\/en\/wp-json\/wp\/v2\/product_tag?post=2805"}],"curies":[{"name":"wp","href":"https:\/\/api.w.org\/{rel}","templated":true}]}}