{"id":2791,"date":"2022-08-27T21:45:08","date_gmt":"2022-08-27T21:45:08","guid":{"rendered":"http:\/\/www.banknotcu.com\/?post_type=product&#038;p=2791"},"modified":"2024-01-31T12:03:51","modified_gmt":"2024-01-31T12:03:51","slug":"vario-1s-tipi-himalaya-marka-siyah-zemin-foyler-10-adet-foy","status":"publish","type":"product","link":"https:\/\/www.banknotcu.com\/en\/magaza\/vario-1s-tipi-himalaya-marka-siyah-zemin-foyler-10-adet-foy\/","title":{"rendered":"Vario 1S tipi, H\u0130MALAYA marka siyah zemin f\u00f6yler, 10 adet f\u00f6y"},"content":{"rendered":"<p>Vario klas\u00f6rlere uygun,<\/p>\n<p>Vario tipi siyah zemin (\u00c7ift tarafl\u0131) saklama f\u00f6yleri, H\u0130MALAYA Marka<\/p>\n<p>Muadil (Ayn\u0131 boy, ayn\u0131 malzeme, farkl\u0131 marka) malzemedir. Bir pakette 10 adet f\u00f6y vard\u0131r!<\/p>\n<p>Asitsiz malzemeden yap\u0131lm\u0131\u015ft\u0131r.<\/p>\n<p>1 cepli Vario f\u00f6yler: 195 mm cep eni, 263 mm y\u00fckseklik<\/p>\n<p>2 cepli\u00a0Vario\u00a0f\u00f6yler: 195 mm cep eni, 128 mm y\u00fckseklik<\/p>\n<p>3 cepli Vario\u00a0f\u00f6yler: 195 mm cep eni, \u00a084 mm y\u00fckseklik<\/p>\n<p>4 cepli Vario\u00a0f\u00f6yler: 195 mm cep eni, \u00a063 mm y\u00fckseklik<\/p>\n<p>5 cepli Vario\u00a0f\u00f6yler: 195 mm cep eni, \u00a051 mm y\u00fckseklik<\/p>\n<p>6 cepli Vario\u00a0f\u00f6yler: 195 mm cep eni, \u00a039 mm y\u00fckseklik<\/p>\n<p>7 cepli Vario\u00a0f\u00f6yler: 195 mm cep eni, \u00a033 mm y\u00fckseklik<\/p>\n<p>8 cepli Vario\u00a0f\u00f6yler: 195 mm cep eni, \u00a029 mm y\u00fckseklik<\/p>\n<p>D\u0131\u015ftan d\u0131\u015fa \u00f6l\u00e7\u00fcler 216 mm en, 280 mm y\u00fckseklik.<\/p>\n","protected":false},"excerpt":{"rendered":"<p>Vario klas\u00f6rlere uygun, Vario tipi siyah zemin (\u00c7ift tarafl\u0131) saklama f\u00f6yleri, H\u0130MALAYA Marka Muadil (Ayn\u0131 boy, ayn\u0131 malzeme, farkl\u0131 marka) malzemedir. Bir pakette 10 adet f\u00f6y vard\u0131r! Asitsiz malzemeden yap\u0131lm\u0131\u015ft\u0131r. 1 cepli Vario f\u00f6yler: 195 mm cep eni, 263 mm y\u00fckseklik 2 cepli\u00a0Vario\u00a0f\u00f6yler: 195 mm cep eni, 128 mm y\u00fckseklik 3 cepli Vario\u00a0f\u00f6yler: 195 mm [&hellip;]<\/p>\n","protected":false},"featured_media":2790,"comment_status":"open","ping_status":"closed","template":"","meta":[],"product_brand":[],"product_cat":[305],"product_tag":[],"class_list":{"0":"post-2791","1":"product","2":"type-product","3":"status-publish","4":"has-post-thumbnail","6":"product_cat-varip-kp-foy","8":"first","9":"instock","10":"taxable","11":"shipping-taxable","12":"purchasable","13":"product-type-simple"},"_links":{"self":[{"href":"https:\/\/www.banknotcu.com\/en\/wp-json\/wp\/v2\/product\/2791","targetHints":{"allow":["GET"]}}],"collection":[{"href":"https:\/\/www.banknotcu.com\/en\/wp-json\/wp\/v2\/product"}],"about":[{"href":"https:\/\/www.banknotcu.com\/en\/wp-json\/wp\/v2\/types\/product"}],"replies":[{"embeddable":true,"href":"https:\/\/www.banknotcu.com\/en\/wp-json\/wp\/v2\/comments?post=2791"}],"wp:featuredmedia":[{"embeddable":true,"href":"https:\/\/www.banknotcu.com\/en\/wp-json\/wp\/v2\/media\/2790"}],"wp:attachment":[{"href":"https:\/\/www.banknotcu.com\/en\/wp-json\/wp\/v2\/media?parent=2791"}],"wp:term":[{"taxonomy":"product_brand","embeddable":true,"href":"https:\/\/www.banknotcu.com\/en\/wp-json\/wp\/v2\/product_brand?post=2791"},{"taxonomy":"product_cat","embeddable":true,"href":"https:\/\/www.banknotcu.com\/en\/wp-json\/wp\/v2\/product_cat?post=2791"},{"taxonomy":"product_tag","embeddable":true,"href":"https:\/\/www.banknotcu.com\/en\/wp-json\/wp\/v2\/product_tag?post=2791"}],"curies":[{"name":"wp","href":"https:\/\/api.w.org\/{rel}","templated":true}]}}