{"id":2789,"date":"2022-08-27T21:41:59","date_gmt":"2022-08-27T21:41:59","guid":{"rendered":"https:\/\/www.banknotcu.com\/?post_type=product&#038;p=2789"},"modified":"2024-01-31T12:04:07","modified_gmt":"2024-01-31T12:04:07","slug":"kagit-para-efemera-foyleri-leuchtturm-vario-1c-5-adet","status":"publish","type":"product","link":"https:\/\/www.banknotcu.com\/en\/magaza\/kagit-para-efemera-foyleri-leuchtturm-vario-1c-5-adet\/","title":{"rendered":"Ka\u011f\u0131t Para \/ Efemera F\u00f6yleri: Leuchtturm Vario 1C, 5 adet"},"content":{"rendered":"<p>Leuchtturm\/Lighthouse Vario f\u00f6yler:<\/p>\n<p>Orijinal A\u00e7\u0131lmam\u0131\u015f 5 li Ambalaj\u0131nda\u00a0 1 cepli 5 adet saklama f\u00f6y\u00fc<\/p>\n<p>1C i\u00e7in\u00a0cep boyutu:\u00a0\u00a0\u00a0\u00a0 195 mm en,\u00a0 263 mm\u00a0 boy!<\/p>\n<p>2C i\u00e7in\u00a0cep boyutlar\u0131:\u00a0 195 mm en,\u00a0 128 mm\u00a0 boy!<\/p>\n<p>3C i\u00e7in\u00a0cep boyutlar\u0131:\u00a0 195 mm en,\u00a0\u00a0 84 mm\u00a0\u00a0 boy!<\/p>\n<p>4C i\u00e7in\u00a0cep boyutlar\u0131:\u00a0 195 mm en,\u00a0\u00a0 63 mm\u00a0\u00a0 boy!<\/p>\n<p>5C i\u00e7in\u00a0cep boyutlar\u0131:\u00a0 195 mm en,\u00a0\u00a0 51 mm\u00a0\u00a0 boy!<\/p>\n<p>* Her pakette 5 adet asitsiz, para\/pul\/efemera saklamaya uygun, saydam, asitsiz &#8220;Softener-free vinyl&#8221; malzemeden imal edilmi\u015f, m\u00fckemmel kalitede ve 2,3,4 ve daha \u00e7ok halkal\u0131 standart klas\u00f6rlerde kullan\u0131lmaya uygun f\u00f6y bulunmaktad\u0131r.<\/p>\n<p>* Vario f\u00f6yleri, Almanyada imal edilmektedir.<\/p>\n","protected":false},"excerpt":{"rendered":"<p>Leuchtturm\/Lighthouse Vario f\u00f6yler: Orijinal A\u00e7\u0131lmam\u0131\u015f 5 li Ambalaj\u0131nda\u00a0 1 cepli 5 adet saklama f\u00f6y\u00fc 1C i\u00e7in\u00a0cep boyutu:\u00a0\u00a0\u00a0\u00a0 195 mm en,\u00a0 263 mm\u00a0 boy! 2C i\u00e7in\u00a0cep boyutlar\u0131:\u00a0 195 mm en,\u00a0 128 mm\u00a0 boy! 3C i\u00e7in\u00a0cep boyutlar\u0131:\u00a0 195 mm en,\u00a0\u00a0 84 mm\u00a0\u00a0 boy! 4C i\u00e7in\u00a0cep boyutlar\u0131:\u00a0 195 mm en,\u00a0\u00a0 63 mm\u00a0\u00a0 boy! 5C i\u00e7in\u00a0cep boyutlar\u0131:\u00a0 195 mm [&hellip;]<\/p>\n","protected":false},"featured_media":2790,"comment_status":"open","ping_status":"closed","template":"","meta":[],"product_brand":[],"product_cat":[305],"product_tag":[],"class_list":{"0":"post-2789","1":"product","2":"type-product","3":"status-publish","4":"has-post-thumbnail","6":"product_cat-varip-kp-foy","8":"first","9":"instock","10":"taxable","11":"shipping-taxable","12":"purchasable","13":"product-type-simple"},"_links":{"self":[{"href":"https:\/\/www.banknotcu.com\/en\/wp-json\/wp\/v2\/product\/2789","targetHints":{"allow":["GET"]}}],"collection":[{"href":"https:\/\/www.banknotcu.com\/en\/wp-json\/wp\/v2\/product"}],"about":[{"href":"https:\/\/www.banknotcu.com\/en\/wp-json\/wp\/v2\/types\/product"}],"replies":[{"embeddable":true,"href":"https:\/\/www.banknotcu.com\/en\/wp-json\/wp\/v2\/comments?post=2789"}],"wp:featuredmedia":[{"embeddable":true,"href":"https:\/\/www.banknotcu.com\/en\/wp-json\/wp\/v2\/media\/2790"}],"wp:attachment":[{"href":"https:\/\/www.banknotcu.com\/en\/wp-json\/wp\/v2\/media?parent=2789"}],"wp:term":[{"taxonomy":"product_brand","embeddable":true,"href":"https:\/\/www.banknotcu.com\/en\/wp-json\/wp\/v2\/product_brand?post=2789"},{"taxonomy":"product_cat","embeddable":true,"href":"https:\/\/www.banknotcu.com\/en\/wp-json\/wp\/v2\/product_cat?post=2789"},{"taxonomy":"product_tag","embeddable":true,"href":"https:\/\/www.banknotcu.com\/en\/wp-json\/wp\/v2\/product_tag?post=2789"}],"curies":[{"name":"wp","href":"https:\/\/api.w.org\/{rel}","templated":true}]}}