{"id":2787,"date":"2022-08-27T21:39:44","date_gmt":"2022-08-27T21:39:44","guid":{"rendered":"https:\/\/www.banknotcu.com\/?post_type=product&#038;p=2787"},"modified":"2025-05-29T14:48:10","modified_gmt":"2025-05-29T11:48:10","slug":"175-mm-25-ad-kendinden-yapiskanli-madeni-para-kapamalari-leuchtturm-marka-orijinal-kutusu-icinde","status":"publish","type":"product","link":"https:\/\/www.banknotcu.com\/en\/magaza\/175-mm-25-ad-kendinden-yapiskanli-madeni-para-kapamalari-leuchtturm-marka-orijinal-kutusu-icinde\/","title":{"rendered":"17,5 mm 25 ad. Kendinden Yap\u0131\u015fkanl\u0131 Madeni Para Kapamalar\u0131, Leuchtturm Marka, orijinal kutusu i\u00e7inde, Beyaz"},"content":{"rendered":"<p>17,5 mm \u00e7ap\u0131nda<\/p>\n<p>25 Adet Kendinden Yap\u0131\u015fkanl\u0131 Madeni Para Kapamalar\u0131,<\/p>\n<p>Alman Leuchtturm Marka, orijinal Alman kutusu i\u00e7inde<\/p>\n<p>Kaliteli malzeme<\/p>\n","protected":false},"excerpt":{"rendered":"<p>17,5 mm \u00e7ap\u0131nda 25 Adet Kendinden Yap\u0131\u015fkanl\u0131 Madeni Para Kapamalar\u0131, Alman Leuchtturm Marka, orijinal Alman kutusu i\u00e7inde Kaliteli malzeme<\/p>\n","protected":false},"featured_media":2788,"comment_status":"open","ping_status":"closed","template":"","meta":[],"product_brand":[],"product_cat":[314],"product_tag":[],"class_list":{"0":"post-2787","1":"product","2":"type-product","3":"status-publish","4":"has-post-thumbnail","6":"product_cat-leuchtturm-beyaz","8":"first","9":"instock","10":"taxable","11":"shipping-taxable","12":"purchasable","13":"product-type-simple"},"_links":{"self":[{"href":"https:\/\/www.banknotcu.com\/en\/wp-json\/wp\/v2\/product\/2787","targetHints":{"allow":["GET"]}}],"collection":[{"href":"https:\/\/www.banknotcu.com\/en\/wp-json\/wp\/v2\/product"}],"about":[{"href":"https:\/\/www.banknotcu.com\/en\/wp-json\/wp\/v2\/types\/product"}],"replies":[{"embeddable":true,"href":"https:\/\/www.banknotcu.com\/en\/wp-json\/wp\/v2\/comments?post=2787"}],"wp:featuredmedia":[{"embeddable":true,"href":"https:\/\/www.banknotcu.com\/en\/wp-json\/wp\/v2\/media\/2788"}],"wp:attachment":[{"href":"https:\/\/www.banknotcu.com\/en\/wp-json\/wp\/v2\/media?parent=2787"}],"wp:term":[{"taxonomy":"product_brand","embeddable":true,"href":"https:\/\/www.banknotcu.com\/en\/wp-json\/wp\/v2\/product_brand?post=2787"},{"taxonomy":"product_cat","embeddable":true,"href":"https:\/\/www.banknotcu.com\/en\/wp-json\/wp\/v2\/product_cat?post=2787"},{"taxonomy":"product_tag","embeddable":true,"href":"https:\/\/www.banknotcu.com\/en\/wp-json\/wp\/v2\/product_tag?post=2787"}],"curies":[{"name":"wp","href":"https:\/\/api.w.org\/{rel}","templated":true}]}}