{"id":2772,"date":"2022-08-27T21:25:37","date_gmt":"2022-08-27T21:25:37","guid":{"rendered":"https:\/\/www.banknotcu.com\/?post_type=product&#038;p=2772"},"modified":"2024-04-09T11:54:01","modified_gmt":"2024-04-09T11:54:01","slug":"encap-madeni-para-kapsulleri-icin-20-gozlu-3-boyutlu-foyler-39-41-mm-capli-2-yaprak-kod-343216","status":"publish","type":"product","link":"https:\/\/www.banknotcu.com\/en\/magaza\/encap-madeni-para-kapsulleri-icin-20-gozlu-3-boyutlu-foyler-39-41-mm-capli-2-yaprak-kod-343216\/","title":{"rendered":"ENCAP Madeni para kaps\u00fclleri i\u00e7in 20 g\u00f6zl\u00fc 3 boyutlu f\u00f6yler, 39-41 mm \u00e7apl\u0131, 1 yaprak, Kod 343216"},"content":{"rendered":"<p>39-41 mm aras\u0131 para kaps\u00fcllerine uygun!<\/p>\n<p>GRANDE ve \u0130mporta klas\u00f6rlere uygun<\/p>\n<p>Pakette 2 yaprak mevcuttur, yapraklarda 20 g\u00f6z vard\u0131r.<\/p>\n<p>Kapama kullan\u0131lmaz, para kaps\u00fcl\u00fc veya para veya \u015fi\u015fe kapa\u011f\u0131 konabilir<\/p>\n","protected":false},"excerpt":{"rendered":"<p>39-41 mm aras\u0131 para kaps\u00fcllerine uygun! GRANDE ve \u0130mporta klas\u00f6rlere uygun Pakette 2 yaprak mevcuttur, yapraklarda 20 g\u00f6z vard\u0131r. Kapama kullan\u0131lmaz, para kaps\u00fcl\u00fc veya para veya \u015fi\u015fe kapa\u011f\u0131 konabilir<\/p>\n","protected":false},"featured_media":2773,"comment_status":"open","ping_status":"closed","template":"","meta":[],"product_brand":[],"product_cat":[168,169],"product_tag":[],"class_list":{"0":"post-2772","1":"product","2":"type-product","3":"status-publish","4":"has-post-thumbnail","6":"product_cat-grande-foyler","7":"product_cat-importa-foyler","9":"first","10":"instock","11":"taxable","12":"shipping-taxable","13":"purchasable","14":"product-type-simple"},"_links":{"self":[{"href":"https:\/\/www.banknotcu.com\/en\/wp-json\/wp\/v2\/product\/2772","targetHints":{"allow":["GET"]}}],"collection":[{"href":"https:\/\/www.banknotcu.com\/en\/wp-json\/wp\/v2\/product"}],"about":[{"href":"https:\/\/www.banknotcu.com\/en\/wp-json\/wp\/v2\/types\/product"}],"replies":[{"embeddable":true,"href":"https:\/\/www.banknotcu.com\/en\/wp-json\/wp\/v2\/comments?post=2772"}],"wp:featuredmedia":[{"embeddable":true,"href":"https:\/\/www.banknotcu.com\/en\/wp-json\/wp\/v2\/media\/2773"}],"wp:attachment":[{"href":"https:\/\/www.banknotcu.com\/en\/wp-json\/wp\/v2\/media?parent=2772"}],"wp:term":[{"taxonomy":"product_brand","embeddable":true,"href":"https:\/\/www.banknotcu.com\/en\/wp-json\/wp\/v2\/product_brand?post=2772"},{"taxonomy":"product_cat","embeddable":true,"href":"https:\/\/www.banknotcu.com\/en\/wp-json\/wp\/v2\/product_cat?post=2772"},{"taxonomy":"product_tag","embeddable":true,"href":"https:\/\/www.banknotcu.com\/en\/wp-json\/wp\/v2\/product_tag?post=2772"}],"curies":[{"name":"wp","href":"https:\/\/api.w.org\/{rel}","templated":true}]}}