{"id":2767,"date":"2022-08-27T21:21:57","date_gmt":"2022-08-27T21:21:57","guid":{"rendered":"https:\/\/www.banknotcu.com\/?post_type=product&#038;p=2767"},"modified":"2023-04-27T18:33:19","modified_gmt":"2023-04-27T18:33:19","slug":"obje-sergilemek-ve-tanitim-icin-60-gozlu-kapakli-teshir-ve-tasima-kutusu-kod-344051","status":"publish","type":"product","link":"https:\/\/www.banknotcu.com\/en\/magaza\/obje-sergilemek-ve-tanitim-icin-60-gozlu-kapakli-teshir-ve-tasima-kutusu-kod-344051\/","title":{"rendered":"Obje sergilemek ve tan\u0131t\u0131m i\u00e7in 60 g\u00f6zl\u00fc, kapakl\u0131 te\u015fhir ve ta\u015f\u0131ma kutusu, Kod-344051"},"content":{"rendered":"<p class=\"desc\">Orijinal Alman Kalitesi!<\/p>\n<p class=\"desc\">Leuchtturm Kod: 344051<\/p>\n<p class=\"desc\">Sert kartondan yap\u0131lm\u0131\u015f, \u015feffaf kapakl\u0131, m\u0131knat\u0131sl\u0131 a\u00e7\u0131l\u0131p kapanma,<\/p>\n<p class=\"desc\">D\u0131\u015f boyutlar\u0131 39,5 x 33,8 x 3,8 cm<\/p>\n<p class=\"desc\">Tozlanma, kirlenme ve rutubetten korur.<\/p>\n<p class=\"desc\">Duvara monte edilebilir. Kolayca ta\u015f\u0131nabilir.<\/p>\n<p class=\"desc\">Tak\u0131lar, maden ta\u015flar\u0131, kabuklar, oyuncak arabalar, m\u00fccevher par\u00e7alar\u0131, d\u00fc\u011fmeler, minyat\u00fcr \u015fi\u015feler vb. koymaya elveri\u015fli<\/p>\n<p class=\"desc\">G\u00f6z boyutlar\u0131: 50 mm y\u00fckseklik, 36 mm en, 33 mm derinlik<\/p>\n<p class=\"desc\">(G\u00f6rseldeki fig\u00fcrler tan\u0131t\u0131m ama\u00e7l\u0131d\u0131r, \u00fcr\u00fcn bo\u015f olarak g\u00f6nderilir)<\/p>\n","protected":false},"excerpt":{"rendered":"<p>Orijinal Alman Kalitesi! Leuchtturm Kod: 344051 Sert kartondan yap\u0131lm\u0131\u015f, \u015feffaf kapakl\u0131, m\u0131knat\u0131sl\u0131 a\u00e7\u0131l\u0131p kapanma, D\u0131\u015f boyutlar\u0131 39,5 x 33,8 x 3,8 cm Tozlanma, kirlenme ve rutubetten korur. Duvara monte edilebilir. Kolayca ta\u015f\u0131nabilir. Tak\u0131lar, maden ta\u015flar\u0131, kabuklar, oyuncak arabalar, m\u00fccevher par\u00e7alar\u0131, d\u00fc\u011fmeler, minyat\u00fcr \u015fi\u015feler vb. koymaya elveri\u015fli G\u00f6z boyutlar\u0131: 50 mm y\u00fckseklik, 36 mm en, 33 [&hellip;]<\/p>\n","protected":false},"featured_media":2768,"comment_status":"open","ping_status":"closed","template":"","meta":[],"product_brand":[],"product_cat":[287],"product_tag":[],"class_list":{"0":"post-2767","1":"product","2":"type-product","3":"status-publish","4":"has-post-thumbnail","6":"product_cat-sergileme-ve-teshir-malzemeleri","8":"first","9":"instock","10":"taxable","11":"shipping-taxable","12":"purchasable","13":"product-type-simple"},"_links":{"self":[{"href":"https:\/\/www.banknotcu.com\/en\/wp-json\/wp\/v2\/product\/2767","targetHints":{"allow":["GET"]}}],"collection":[{"href":"https:\/\/www.banknotcu.com\/en\/wp-json\/wp\/v2\/product"}],"about":[{"href":"https:\/\/www.banknotcu.com\/en\/wp-json\/wp\/v2\/types\/product"}],"replies":[{"embeddable":true,"href":"https:\/\/www.banknotcu.com\/en\/wp-json\/wp\/v2\/comments?post=2767"}],"wp:featuredmedia":[{"embeddable":true,"href":"https:\/\/www.banknotcu.com\/en\/wp-json\/wp\/v2\/media\/2768"}],"wp:attachment":[{"href":"https:\/\/www.banknotcu.com\/en\/wp-json\/wp\/v2\/media?parent=2767"}],"wp:term":[{"taxonomy":"product_brand","embeddable":true,"href":"https:\/\/www.banknotcu.com\/en\/wp-json\/wp\/v2\/product_brand?post=2767"},{"taxonomy":"product_cat","embeddable":true,"href":"https:\/\/www.banknotcu.com\/en\/wp-json\/wp\/v2\/product_cat?post=2767"},{"taxonomy":"product_tag","embeddable":true,"href":"https:\/\/www.banknotcu.com\/en\/wp-json\/wp\/v2\/product_tag?post=2767"}],"curies":[{"name":"wp","href":"https:\/\/api.w.org\/{rel}","templated":true}]}}