{"id":2740,"date":"2022-08-27T20:56:33","date_gmt":"2022-08-27T20:56:33","guid":{"rendered":"https:\/\/www.banknotcu.com\/?post_type=product&#038;p=2740"},"modified":"2023-05-05T12:15:51","modified_gmt":"2023-05-05T12:15:51","slug":"importa-marka-25-adet-yapiskansiz-zimbalik-kapama-175-mm-capinda-kutulu","status":"publish","type":"product","link":"https:\/\/www.banknotcu.com\/en\/magaza\/importa-marka-25-adet-yapiskansiz-zimbalik-kapama-175-mm-capinda-kutulu\/","title":{"rendered":"Importa marka 25 adet Yap\u0131\u015fkans\u0131z (Z\u0131mbal\u0131k) Kapama, 17,5 mm \u00e7ap\u0131nda, kutulu"},"content":{"rendered":"<p>YAPI\u015eKANSIZ (Z\u0131mba teli ile kapat\u0131lan)<\/p>\n<p>Madeni Para Kapamalar\u0131<\/p>\n<p>25 adet kapama<\/p>\n<p>17,5 mm \u00e7ap\u0131nda<\/p>\n","protected":false},"excerpt":{"rendered":"<p>YAPI\u015eKANSIZ (Z\u0131mba teli ile kapat\u0131lan) Madeni Para Kapamalar\u0131 25 adet kapama 17,5 mm \u00e7ap\u0131nda<\/p>\n","protected":false},"featured_media":2704,"comment_status":"open","ping_status":"closed","template":"","meta":[],"product_brand":[],"product_cat":[169],"product_tag":[],"class_list":{"0":"post-2740","1":"product","2":"type-product","3":"status-publish","4":"has-post-thumbnail","6":"product_cat-importa-foyler","8":"first","9":"outofstock","10":"taxable","11":"shipping-taxable","12":"purchasable","13":"product-type-simple"},"_links":{"self":[{"href":"https:\/\/www.banknotcu.com\/en\/wp-json\/wp\/v2\/product\/2740","targetHints":{"allow":["GET"]}}],"collection":[{"href":"https:\/\/www.banknotcu.com\/en\/wp-json\/wp\/v2\/product"}],"about":[{"href":"https:\/\/www.banknotcu.com\/en\/wp-json\/wp\/v2\/types\/product"}],"replies":[{"embeddable":true,"href":"https:\/\/www.banknotcu.com\/en\/wp-json\/wp\/v2\/comments?post=2740"}],"wp:featuredmedia":[{"embeddable":true,"href":"https:\/\/www.banknotcu.com\/en\/wp-json\/wp\/v2\/media\/2704"}],"wp:attachment":[{"href":"https:\/\/www.banknotcu.com\/en\/wp-json\/wp\/v2\/media?parent=2740"}],"wp:term":[{"taxonomy":"product_brand","embeddable":true,"href":"https:\/\/www.banknotcu.com\/en\/wp-json\/wp\/v2\/product_brand?post=2740"},{"taxonomy":"product_cat","embeddable":true,"href":"https:\/\/www.banknotcu.com\/en\/wp-json\/wp\/v2\/product_cat?post=2740"},{"taxonomy":"product_tag","embeddable":true,"href":"https:\/\/www.banknotcu.com\/en\/wp-json\/wp\/v2\/product_tag?post=2740"}],"curies":[{"name":"wp","href":"https:\/\/api.w.org\/{rel}","templated":true}]}}