{"id":2736,"date":"2022-08-27T20:54:38","date_gmt":"2022-08-27T20:54:38","guid":{"rendered":"https:\/\/www.banknotcu.com\/?post_type=product&#038;p=2736"},"modified":"2024-01-31T12:37:50","modified_gmt":"2024-01-31T12:37:50","slug":"leuchtturm-bills-banknot-albumu-siyah-300-banknot-alir-kod-345089","status":"publish","type":"product","link":"https:\/\/www.banknotcu.com\/en\/magaza\/leuchtturm-bills-banknot-albumu-siyah-300-banknot-alir-kod-345089\/","title":{"rendered":"Leuchtturm BILLS Banknot alb\u00fcm\u00fc, S\u0130YAH, 300 banknot al\u0131r, Kod 345089"},"content":{"rendered":"<p>300 banknot kapasiteli Leuchtturm BILLS alb\u00fcm. Siyah renk, suni deri kapakl\u0131.<\/p>\n<p>Kod 345089<\/p>\n<p>6 paket Grande 3C ve 1 Grande Klas\u00f6r&#8217;e harcayaca\u011f\u0131n\u0131z paran\u0131n %63 \u00fc eder!<\/p>\n<p>Alb\u00fcm boyutlar\u0131:\u00a0245x300x60 mm<\/p>\n<p>Cep boyutlar\u0131:\u00a0184&#215;97 mm<\/p>\n<p>(Di\u011fer beyaz renkli alb\u00fcmdekinden daha b\u00fcy\u00fck cepler)<\/p>\n<p>%100 Asitsiz plastikten \u00fcretilmi\u015ftir!<\/p>\n","protected":false},"excerpt":{"rendered":"<p>300 banknot kapasiteli Leuchtturm BILLS alb\u00fcm. Siyah renk, suni deri kapakl\u0131. Kod 345089 6 paket Grande 3C ve 1 Grande Klas\u00f6r&#8217;e harcayaca\u011f\u0131n\u0131z paran\u0131n %63 \u00fc eder! Alb\u00fcm boyutlar\u0131:\u00a0245x300x60 mm Cep boyutlar\u0131:\u00a0184&#215;97 mm (Di\u011fer beyaz renkli alb\u00fcmdekinden daha b\u00fcy\u00fck cepler) %100 Asitsiz plastikten \u00fcretilmi\u015ftir!<\/p>\n","protected":false},"featured_media":2737,"comment_status":"open","ping_status":"closed","template":"","meta":[],"product_brand":[],"product_cat":[275],"product_tag":[],"class_list":{"0":"post-2736","1":"product","2":"type-product","3":"status-publish","4":"has-post-thumbnail","6":"product_cat-grande-kp-klasorleri","8":"first","9":"instock","10":"taxable","11":"shipping-taxable","12":"purchasable","13":"product-type-simple"},"_links":{"self":[{"href":"https:\/\/www.banknotcu.com\/en\/wp-json\/wp\/v2\/product\/2736","targetHints":{"allow":["GET"]}}],"collection":[{"href":"https:\/\/www.banknotcu.com\/en\/wp-json\/wp\/v2\/product"}],"about":[{"href":"https:\/\/www.banknotcu.com\/en\/wp-json\/wp\/v2\/types\/product"}],"replies":[{"embeddable":true,"href":"https:\/\/www.banknotcu.com\/en\/wp-json\/wp\/v2\/comments?post=2736"}],"wp:featuredmedia":[{"embeddable":true,"href":"https:\/\/www.banknotcu.com\/en\/wp-json\/wp\/v2\/media\/2737"}],"wp:attachment":[{"href":"https:\/\/www.banknotcu.com\/en\/wp-json\/wp\/v2\/media?parent=2736"}],"wp:term":[{"taxonomy":"product_brand","embeddable":true,"href":"https:\/\/www.banknotcu.com\/en\/wp-json\/wp\/v2\/product_brand?post=2736"},{"taxonomy":"product_cat","embeddable":true,"href":"https:\/\/www.banknotcu.com\/en\/wp-json\/wp\/v2\/product_cat?post=2736"},{"taxonomy":"product_tag","embeddable":true,"href":"https:\/\/www.banknotcu.com\/en\/wp-json\/wp\/v2\/product_tag?post=2736"}],"curies":[{"name":"wp","href":"https:\/\/api.w.org\/{rel}","templated":true}]}}