{"id":2717,"date":"2022-08-27T18:02:08","date_gmt":"2022-08-27T18:02:08","guid":{"rendered":"https:\/\/www.banknotcu.com\/?post_type=product&#038;p=2717"},"modified":"2024-04-04T19:32:07","modified_gmt":"2024-04-04T19:32:07","slug":"quadrum-kapsuller-icin-leuchtturm-logik-arsivleme-kutusu","status":"publish","type":"product","link":"https:\/\/www.banknotcu.com\/en\/magaza\/quadrum-kapsuller-icin-leuchtturm-logik-arsivleme-kutusu\/","title":{"rendered":"Quadrum kaps\u00fcller i\u00e7in Leuchtturm LOGIK Ar\u015fivleme kutusu, Kod 364884"},"content":{"rendered":"<p>285x120x65 mm boyutlar\u0131nda<\/p>\n<p>Leuchtturm LOGIK Ar\u015fivleme kutusu.<\/p>\n<p>80 adet QUADRUM plastik kapama kaps\u00fcl\u00fc veya 160 adet karton kapama kapasiteli.<\/p>\n","protected":false},"excerpt":{"rendered":"<p>285x120x65 mm boyutlar\u0131nda Leuchtturm LOGIK Ar\u015fivleme kutusu. 80 adet QUADRUM plastik kapama kaps\u00fcl\u00fc veya 160 adet karton kapama kapasiteli.<\/p>\n","protected":false},"featured_media":2718,"comment_status":"open","ping_status":"closed","template":"","meta":[],"product_brand":[],"product_cat":[307],"product_tag":[],"class_list":{"0":"post-2717","1":"product","2":"type-product","3":"status-publish","4":"has-post-thumbnail","6":"product_cat-quadrum","8":"first","9":"instock","10":"taxable","11":"shipping-taxable","12":"purchasable","13":"product-type-simple"},"_links":{"self":[{"href":"https:\/\/www.banknotcu.com\/en\/wp-json\/wp\/v2\/product\/2717","targetHints":{"allow":["GET"]}}],"collection":[{"href":"https:\/\/www.banknotcu.com\/en\/wp-json\/wp\/v2\/product"}],"about":[{"href":"https:\/\/www.banknotcu.com\/en\/wp-json\/wp\/v2\/types\/product"}],"replies":[{"embeddable":true,"href":"https:\/\/www.banknotcu.com\/en\/wp-json\/wp\/v2\/comments?post=2717"}],"wp:featuredmedia":[{"embeddable":true,"href":"https:\/\/www.banknotcu.com\/en\/wp-json\/wp\/v2\/media\/2718"}],"wp:attachment":[{"href":"https:\/\/www.banknotcu.com\/en\/wp-json\/wp\/v2\/media?parent=2717"}],"wp:term":[{"taxonomy":"product_brand","embeddable":true,"href":"https:\/\/www.banknotcu.com\/en\/wp-json\/wp\/v2\/product_brand?post=2717"},{"taxonomy":"product_cat","embeddable":true,"href":"https:\/\/www.banknotcu.com\/en\/wp-json\/wp\/v2\/product_cat?post=2717"},{"taxonomy":"product_tag","embeddable":true,"href":"https:\/\/www.banknotcu.com\/en\/wp-json\/wp\/v2\/product_tag?post=2717"}],"curies":[{"name":"wp","href":"https:\/\/api.w.org\/{rel}","templated":true}]}}