{"id":2709,"date":"2022-08-27T17:54:18","date_gmt":"2022-08-27T17:54:18","guid":{"rendered":"https:\/\/www.banknotcu.com\/?post_type=product&#038;p=2709"},"modified":"2025-06-03T14:43:28","modified_gmt":"2025-06-03T11:43:28","slug":"siyah-kapama-25-adet-yapiskanli-leuchtturm-kalitesi","status":"publish","type":"product","link":"https:\/\/www.banknotcu.com\/en\/magaza\/siyah-kapama-25-adet-yapiskanli-leuchtturm-kalitesi\/","title":{"rendered":"S\u0130YAH Kapama, 25 Adet, Yap\u0131\u015fkanl\u0131, Leuchtturm kalitesi!"},"content":{"rendered":"<p>S\u0130YAH RENKL\u0130<\/p>\n<p>25 Adet Kendinden Yap\u0131\u015fkanl\u0131 Madeni Para Kapamalar\u0131,<\/p>\n<p>Alman Leuchtturm Marka,<\/p>\n<p>10 Farkl\u0131 tip, Kaliteli malzeme, Uygun fiyat!<\/p>\n<p>17,5 &#8211; 20 &#8211; 22,5 &#8211; 25 &#8211; 27,5 &#8211; 30 &#8211; 32,5 &#8211; 35 &#8211; 37,5 &#8211; 39,5 mm \u00e7aplar\u0131nda<\/p>\n<p>ALMAK \u0130STED\u0130\u011e\u0130N\u0130Z KAPAMALARIN \u00c7APINI MUTLAKA MESAJLA HEMEN BEL\u0130RT\u0130N\u0130Z AKS\u0130 HALDE\u00a0 KARGONUZUN \u00c7IKI\u015eI GEC\u0130KEB\u0130L\u0130R!<\/p>\n","protected":false},"excerpt":{"rendered":"<p>S\u0130YAH RENKL\u0130 25 Adet Kendinden Yap\u0131\u015fkanl\u0131 Madeni Para Kapamalar\u0131, Alman Leuchtturm Marka, 10 Farkl\u0131 tip, Kaliteli malzeme, Uygun fiyat! 17,5 &#8211; 20 &#8211; 22,5 &#8211; 25 &#8211; 27,5 &#8211; 30 &#8211; 32,5 &#8211; 35 &#8211; 37,5 &#8211; 39,5 mm \u00e7aplar\u0131nda ALMAK \u0130STED\u0130\u011e\u0130N\u0130Z KAPAMALARIN \u00c7APINI MUTLAKA MESAJLA HEMEN BEL\u0130RT\u0130N\u0130Z AKS\u0130 HALDE\u00a0 KARGONUZUN \u00c7IKI\u015eI GEC\u0130KEB\u0130L\u0130R!<\/p>\n","protected":false},"featured_media":2710,"comment_status":"open","ping_status":"closed","template":"","meta":[],"product_brand":[],"product_cat":[315],"product_tag":[],"class_list":{"0":"post-2709","1":"product","2":"type-product","3":"status-publish","4":"has-post-thumbnail","6":"product_cat-leuchtturm-siyah","8":"first","9":"instock","10":"taxable","11":"shipping-taxable","12":"purchasable","13":"product-type-simple"},"_links":{"self":[{"href":"https:\/\/www.banknotcu.com\/en\/wp-json\/wp\/v2\/product\/2709","targetHints":{"allow":["GET"]}}],"collection":[{"href":"https:\/\/www.banknotcu.com\/en\/wp-json\/wp\/v2\/product"}],"about":[{"href":"https:\/\/www.banknotcu.com\/en\/wp-json\/wp\/v2\/types\/product"}],"replies":[{"embeddable":true,"href":"https:\/\/www.banknotcu.com\/en\/wp-json\/wp\/v2\/comments?post=2709"}],"wp:featuredmedia":[{"embeddable":true,"href":"https:\/\/www.banknotcu.com\/en\/wp-json\/wp\/v2\/media\/2710"}],"wp:attachment":[{"href":"https:\/\/www.banknotcu.com\/en\/wp-json\/wp\/v2\/media?parent=2709"}],"wp:term":[{"taxonomy":"product_brand","embeddable":true,"href":"https:\/\/www.banknotcu.com\/en\/wp-json\/wp\/v2\/product_brand?post=2709"},{"taxonomy":"product_cat","embeddable":true,"href":"https:\/\/www.banknotcu.com\/en\/wp-json\/wp\/v2\/product_cat?post=2709"},{"taxonomy":"product_tag","embeddable":true,"href":"https:\/\/www.banknotcu.com\/en\/wp-json\/wp\/v2\/product_tag?post=2709"}],"curies":[{"name":"wp","href":"https:\/\/api.w.org\/{rel}","templated":true}]}}